{"id":10960,"date":"2024-10-28T07:44:08","date_gmt":"2024-10-28T06:44:08","guid":{"rendered":"https:\/\/jansa.serveistic.com\/avis-legal\/"},"modified":"2025-11-04T09:38:05","modified_gmt":"2025-11-04T08:38:05","slug":"avis-legal","status":"publish","type":"page","link":"https:\/\/jansametal.com\/ca\/avis-legal\/","title":{"rendered":"Av\u00eds legal"},"content":{"rendered":"\n<div class=\"wp-block-uagb-container uagb-block-15fc388f alignfull uagb-is-root-container\"><div class=\"uagb-container-inner-blocks-wrap\">\n<h1 class=\"wp-block-heading\">Av\u00eds legal<\/h1>\n\n\n\n<p>En compliment amb el deure d&#8217;informaci\u00f3 recollit en article 10 de la Llei 34\/2002, d&#8217;11 de juliol, de Serveis de la Societat de la Informaci\u00f3 i del Comer\u00e7 Electr\u00f2nic (LSSICE), el propietari de la web , l&#8217;informa del seg\u00fcent:<\/p>\n\n\n\n<p>\u2022 Denominaci\u00f3 social: Jansa Metal, S.A.<br\/>\u2022 NIF: A58376864<br\/>\u2022 Domicili: Pol. Ind. Can Massaguer, Parcela 8a, 08430 \u2013 La Roca Del Vall\u00e8s (Barcelona)  <\/p>\n\n\n\n<p>Amb els l\u00edmits establerts en la llei, Jansa Metall, S. a. no assumeix cap responsabilitat derivada de la falta de veracitat, integritat, actualitzaci\u00f3 i precisi\u00f3 de les dades o informacions que contenen les seves p\u00e0gines web.<\/p>\n\n\n\n<p>Els continguts i informaci\u00f3 no vinculen a Jansa Metall, S.A. ni constitueixen opinions, consells o assessorament legal de cap mena perqu\u00e8 es tracta merament d&#8217;un servei ofert amb car\u00e0cter informatiu i divulgatiu.<\/p>\n\n\n\n<p>Les p\u00e0gines d&#8217;Internet de Jansa Metall, S. a. poden contenir enlla\u00e7os (links) a altres p\u00e0gines de terceres parts que Jansa Metall, S. a. no pot controlar. Per tant, Jansa Metall, S. a. no pot assumir responsabilitats pel contingut que pugui apar\u00e8ixer en p\u00e0gines de tercers. <\/p>\n\n\n\n<p>Els textos, imatges, sons, animacions, programari i la resta de continguts inclosos en aquest website s\u00f3n propietat exclusiva de Jansa Metall, S.A. o els seus llicenciadors. Qualsevol acte de transmissi\u00f3, distribuci\u00f3, cessi\u00f3, reproducci\u00f3, emmagatzematge o comunicaci\u00f3 p\u00fablica total o parcial, haur\u00e0 de comptar amb el consentiment expr\u00e9s de Jansa Metall, S.A.. <\/p>\n\n\n\n<p>Aix\u00ed mateix, per a accedir a alguns dels serveis que Jansa Metall, S. a. ofereix a trav\u00e9s del lloc web, haur\u00e0 de proporcionar algunes dades de car\u00e0cter personal. En compliment del que s&#8217;estableix en el Reglament (UE) 2016\/679 del Parlament Europeu i del Consell, de 27 d&#8217;abril de 2016, relatiu a la protecci\u00f3 de les persones f\u00edsiques pel que fa al tractament de dades personals i a la lliure circulaci\u00f3 d&#8217;aquestes dades l&#8217;informem que, mitjan\u00e7ant l&#8217;emplenament dels presents formularis, les seves dades personals quedaran incorporats i seran tractats en els fitxers de Jansa Metall, S. a. amb la finalitat de poder-li prestar i oferir els nostres serveis aix\u00ed com per a informar-lo de les millores del lloc web. <\/p>\n\n\n\n<p>L&#8217;informem tamb\u00e9 que tindr\u00e0 la possibilitat en tot moment d&#8217;exercir els drets d&#8217;acc\u00e9s, rectificaci\u00f3, cancel\u00b7laci\u00f3, oposici\u00f3, limitaci\u00f3 i portabilitat de les seves dades de car\u00e0cter personal, de manera gratu\u00efta mitjan\u00e7ant email a: admon@jansametal.com o en l&#8217;adre\u00e7a: Pol. Ind. Ca Massaguer, Parcel\u00b7la 8a, 08430 \u2013 La Roca del Vall\u00e8s (Barcelona).  <\/p>\n<\/div><\/div>\n","protected":false},"excerpt":{"rendered":"<p>Av\u00eds legal En compliment amb el deure d&#8217;informaci\u00f3 recollit en article 10 de la Llei 34\/2002, d&#8217;11 de juliol, de Serveis de la Societat de la Informaci\u00f3 i del Comer\u00e7 Electr\u00f2nic (LSSICE), el propietari de la web , l&#8217;informa del seg\u00fcent: \u2022 Denominaci\u00f3 social: Jansa Metal, S.A.\u2022 NIF: A58376864\u2022 Domicili: Pol. Ind. Can Massaguer, Parcela [&hellip;]<\/p>\n","protected":false},"author":1,"featured_media":0,"parent":0,"menu_order":0,"comment_status":"closed","ping_status":"closed","template":"","meta":{"_uag_custom_page_level_css":"","site-sidebar-layout":"default","site-content-layout":"","ast-site-content-layout":"default","site-content-style":"default","site-sidebar-style":"default","ast-global-header-display":"","ast-banner-title-visibility":"","ast-main-header-display":"","ast-hfb-above-header-display":"","ast-hfb-below-header-display":"","ast-hfb-mobile-header-display":"","site-post-title":"","ast-breadcrumbs-content":"","ast-featured-img":"","footer-sml-layout":"","ast-disable-related-posts":"","theme-transparent-header-meta":"","adv-header-id-meta":"","stick-header-meta":"","header-above-stick-meta":"","header-main-stick-meta":"","header-below-stick-meta":"","astra-migrate-meta-layouts":"default","ast-page-background-enabled":"default","ast-page-background-meta":{"desktop":{"background-color":"var(--ast-global-color-4)","background-image":"","background-repeat":"repeat","background-position":"center center","background-size":"auto","background-attachment":"scroll","background-type":"","background-media":"","overlay-type":"","overlay-color":"","overlay-opacity":"","overlay-gradient":""},"tablet":{"background-color":"","background-image":"","background-repeat":"repeat","background-position":"center center","background-size":"auto","background-attachment":"scroll","background-type":"","background-media":"","overlay-type":"","overlay-color":"","overlay-opacity":"","overlay-gradient":""},"mobile":{"background-color":"","background-image":"","background-repeat":"repeat","background-position":"center center","background-size":"auto","background-attachment":"scroll","background-type":"","background-media":"","overlay-type":"","overlay-color":"","overlay-opacity":"","overlay-gradient":""}},"ast-content-background-meta":{"desktop":{"background-color":"var(--ast-global-color-5)","background-image":"","background-repeat":"repeat","background-position":"center center","background-size":"auto","background-attachment":"scroll","background-type":"","background-media":"","overlay-type":"","overlay-color":"","overlay-opacity":"","overlay-gradient":""},"tablet":{"background-color":"var(--ast-global-color-5)","background-image":"","background-repeat":"repeat","background-position":"center center","background-size":"auto","background-attachment":"scroll","background-type":"","background-media":"","overlay-type":"","overlay-color":"","overlay-opacity":"","overlay-gradient":""},"mobile":{"background-color":"var(--ast-global-color-5)","background-image":"","background-repeat":"repeat","background-position":"center center","background-size":"auto","background-attachment":"scroll","background-type":"","background-media":"","overlay-type":"","overlay-color":"","overlay-opacity":"","overlay-gradient":""}},"footnotes":""},"class_list":["post-10960","page","type-page","status-publish","hentry"],"spectra_custom_meta":{"_wpml_media_duplicate":["1"],"_wpml_media_featured":["1"],"adv-header-id-meta":[""],"stick-header-meta":[""],"theme-transparent-header-meta":[""],"ast-site-content-layout":["default"],"_top_nav_excluded":[""],"_cms_nav_minihome":[""],"_last_translation_edit_mode":["translation-editor"],"rank_math_internal_links_processed":["1"],"_uag_css_file_name":["uag-css-10960.css"],"_uag_js_file_name":["uag-js-10960.js"],"rank_math_analytic_object_id":["159"]},"uagb_featured_image_src":{"full":false,"thumbnail":false,"medium":false,"medium_large":false,"large":false,"1536x1536":false,"2048x2048":false,"wpca-thumb":false},"uagb_author_info":{"display_name":"admin","author_link":"https:\/\/jansametal.com\/ca\/author\/anjo\/"},"uagb_comment_info":0,"uagb_excerpt":"Av\u00eds legal En compliment amb el deure d&#8217;informaci\u00f3 recollit en article 10 de la Llei 34\/2002, d&#8217;11 de juliol, de Serveis de la Societat de la Informaci\u00f3 i del Comer\u00e7 Electr\u00f2nic (LSSICE), el propietari de la web , l&#8217;informa del seg\u00fcent: \u2022 Denominaci\u00f3 social: Jansa Metal, S.A.\u2022 NIF: A58376864\u2022 Domicili: Pol. Ind. Can Massaguer, Parcela&hellip;","_links":{"self":[{"href":"https:\/\/jansametal.com\/ca\/wp-json\/wp\/v2\/pages\/10960","targetHints":{"allow":["GET"]}}],"collection":[{"href":"https:\/\/jansametal.com\/ca\/wp-json\/wp\/v2\/pages"}],"about":[{"href":"https:\/\/jansametal.com\/ca\/wp-json\/wp\/v2\/types\/page"}],"author":[{"embeddable":true,"href":"https:\/\/jansametal.com\/ca\/wp-json\/wp\/v2\/users\/1"}],"replies":[{"embeddable":true,"href":"https:\/\/jansametal.com\/ca\/wp-json\/wp\/v2\/comments?post=10960"}],"version-history":[{"count":0,"href":"https:\/\/jansametal.com\/ca\/wp-json\/wp\/v2\/pages\/10960\/revisions"}],"wp:attachment":[{"href":"https:\/\/jansametal.com\/ca\/wp-json\/wp\/v2\/media?parent=10960"}],"curies":[{"name":"wp","href":"https:\/\/api.w.org\/{rel}","templated":true}]}}