{"id":10976,"date":"2025-03-13T13:25:46","date_gmt":"2025-03-13T12:25:46","guid":{"rendered":"https:\/\/jansa.serveistic.com\/tall-chapa-cn\/"},"modified":"2025-12-05T16:22:44","modified_gmt":"2025-12-05T15:22:44","slug":"corte-cnc-chapa","status":"publish","type":"page","link":"https:\/\/jansametal.com\/ca\/corte-cnc-chapa\/","title":{"rendered":"Tall Chapa CN"},"content":{"rendered":"\n<div class=\"wp-block-uagb-container uagb-block-37fe9e23 alignfull uagb-is-root-container\">\n<div class=\"wp-block-uagb-advanced-heading uagb-block-d36b578f\"><h1 class=\"uagb-heading-text\">Tall CNC de Xapa d&#8217;Acer<\/h1><\/div>\n<\/div>\n\n<div class=\"wp-block-uagb-container uagb-block-4c1e141e alignfull uagb-is-root-container\"><div class=\"uagb-container-inner-blocks-wrap\">\n<div class=\"wp-block-uagb-container uagb-block-220399e7\">\n<h2 class=\"wp-block-heading\">Talls exactes en xapa, sense rebaves amb dibuix perfecte<\/h2>\n\n\n\n<p style=\"margin-top:-10px;font-style:normal;font-weight:300\"><strong>Cansat de vores irregulars, talls imprecisos i ajustos manuals?<\/strong><\/p>\n\n\n\n<p>El nostre <strong>Tall CNC de Xapa d&#8217;Acer<\/strong> et garanteix <strong>acabats perfectes, sense distorsions i llestos per a producci\u00f3<\/strong>. Tant si necessites <strong>alta precisi\u00f3 en talls fins<\/strong> com si treballes amb <strong>xapes gruixudes per a estructures met\u00e0l\u00b7liques<\/strong>, tenim la tecnologia adequada per a tu. <\/p>\n\n\n\n<div class=\"wp-block-uagb-icon-list uagb-block-9f1227c2\"><div class=\"uagb-icon-list__wrap\">\n<div class=\"wp-block-uagb-icon-list-child uagb-block-8d5fad34\"><span class=\"uagb-icon-list__source-wrap\"><\/span><span class=\"uagb-icon-list__label\"><strong>Tall l\u00e0ser CNC<\/strong> per a acer inoxidable i xapes laminades en fred amb precisi\u00f3 mil\u00b7lim\u00e8trica.<\/span><\/div>\n\n\n\n<div class=\"wp-block-uagb-icon-list-child uagb-block-ded1366a\"><span class=\"uagb-icon-list__source-wrap\"><\/span><span class=\"uagb-icon-list__label\"><strong>Tall plasma CNC <\/strong>per a acer laminat en calent i materials de major gruix.<\/span><\/div>\n\n\n\n<div class=\"wp-block-uagb-icon-list-child uagb-block-825632f8\"><span class=\"uagb-icon-list__source-wrap\"><\/span><span class=\"uagb-icon-list__label\"><strong>Xapa tallada a mesura<\/strong>, sense rebaves ni distorsions.<\/span><\/div>\n\n\n\n<div class=\"wp-block-uagb-icon-list-child uagb-block-49d738bf\"><span class=\"uagb-icon-list__source-wrap\"><\/span><span class=\"uagb-icon-list__label\"><strong>Optimitzaci\u00f3 del material<\/strong>, reduint desaprofitaments i costos.<\/span><\/div>\n\n\n\n<div class=\"wp-block-uagb-icon-list-child uagb-block-580803a0\"><span class=\"uagb-icon-list__source-wrap\"><\/span><span class=\"uagb-icon-list__label\">Capacitat per a adaptar-nos a qualsevol necessitat de producci\u00f3.<\/span><\/div>\n<\/div><\/div>\n\n\n\n<p style=\"margin-top:-10px\"><strong>Cotitza ara i rep xapa tallada amb precisi\u00f3 CNC.<\/strong><\/p>\n\n\n\n<div class=\"wp-block-uagb-buttons uagb-buttons__outer-wrap uagb-btn__default-btn uagb-btn-tablet__default-btn uagb-btn-mobile__default-btn uagb-block-5a0444a1\"><div class=\"uagb-buttons__wrap uagb-buttons-layout-wrap \">\n<div class=\"wp-block-uagb-buttons-child uagb-buttons__outer-wrap uagb-block-d45e70fe wp-block-button\"><div class=\"uagb-button__wrapper\"><a class=\"uagb-buttons-repeater wp-block-button__link\" aria-label=\"\" href=\"https:\/\/jansametal.com\/ca\/contacte\/\" rel=\"follow noopener\" target=\"_self\" role=\"button\"><div class=\"uagb-button__link\">Estalvia Temps, Cotitza Ja!<\/div><\/a><\/div><\/div>\n<\/div><\/div>\n<\/div>\n\n\n\n<div class=\"wp-block-uagb-container uagb-block-8fa8d2f7\">\n<div class=\"wp-block-uagb-image uagb-block-60a58296 wp-block-uagb-image--layout-default wp-block-uagb-image--effect-static wp-block-uagb-image--align-none\"><figure class=\"wp-block-uagb-image__figure\"><img decoding=\"async\" src=\"https:\/\/jansametal.com\/wp-content\/uploads\/2025\/03\/corte_chapa-1024x585.jpeg\" alt=\"\" class=\"uag-image-6331\" width=\"1124\" height=\"700\" title=\"tall_xapa\" loading=\"lazy\" role=\"img\"><\/figure><\/div>\n<\/div>\n<\/div><\/div>\n\n<div class=\"wp-block-uagb-container uagb-block-53ef875b alignfull uagb-is-root-container\"><div class=\"uagb-container-inner-blocks-wrap\">\n<div class=\"wp-block-uagb-container uagb-block-66a880ce\">\n<div class=\"wp-block-uagb-image uagb-block-a8f88e83 wp-block-uagb-image--layout-default wp-block-uagb-image--effect-static wp-block-uagb-image--align-none uag-hide-mob\"><figure class=\"wp-block-uagb-image__figure\"><img decoding=\"async\" src=\"https:\/\/jansametal.com\/wp-content\/uploads\/2025\/03\/corte_taladro_estructuras_acero-1-1024x904.jpg\" alt=\"\" class=\"uag-image-6245\" width=\"1324\" height=\"504\" title=\"tall_trepant_estructures_acer\" loading=\"lazy\" role=\"img\"><\/figure><\/div>\n<\/div>\n\n\n\n<div class=\"wp-block-uagb-container uagb-block-bb7235f7\">\n<h2 class=\"wp-block-heading\">Per qu\u00e8 triar el nostre Tall i Perforat CNC de perfils?<\/h2>\n\n\n\n<div class=\"wp-block-uagb-icon-list uagb-block-82b14e46\"><div class=\"uagb-icon-list__wrap\">\n<div class=\"wp-block-uagb-icon-list-child uagb-block-b219f9b5\"><span class=\"uagb-icon-list__source-wrap\"><\/span><span class=\"uagb-icon-list__label\">Cort plasma de m\u00e0xima precisi\u00f3 per a talls complexos i forats rodons o ovalats.<\/span><\/div>\n\n\n\n<div class=\"wp-block-uagb-icon-list-child uagb-block-459f722c\"><span class=\"uagb-icon-list__source-wrap\"><\/span><span class=\"uagb-icon-list__label\">Tall de Perfils fins a 1200x500mm i longitud fins a 30m.<\/span><\/div>\n\n\n\n<div class=\"wp-block-uagb-icon-list-child uagb-block-5765b07c\"><span class=\"uagb-icon-list__source-wrap\"><\/span><span class=\"uagb-icon-list__label\">Tall plasma eficient per a materials gruixuts i estructures industrials.<\/span><\/div>\n\n\n\n<div class=\"wp-block-uagb-icon-list-child uagb-block-ae49fbb5\"><span class=\"uagb-icon-list__source-wrap\"><\/span><span class=\"uagb-icon-list__label\">Eliminaci\u00f3 de rebaves i vores irregulars.<\/span><\/div>\n\n\n\n<div class=\"wp-block-uagb-icon-list-child uagb-block-7399a1b4\"><span class=\"uagb-icon-list__source-wrap\"><\/span><span class=\"uagb-icon-list__label\">Menys desaprofitament i reducci\u00f3 de costos en mat\u00e8ria primera.<\/span><\/div>\n\n\n\n<div class=\"wp-block-uagb-icon-list-child uagb-block-493a452f\"><span class=\"uagb-icon-list__source-wrap\"><\/span><span class=\"uagb-icon-list__label\">Agilitza la producci\u00f3 amb peces llestes per al seu \u00fas immediat.<\/span><\/div>\n<\/div><\/div>\n\n\n\n<p style=\"font-style:normal;font-weight:600\">Optimitza la teva producci\u00f3 amb el nostre servei de Tall CNC!<\/p>\n<\/div>\n\n\n\n<div class=\"wp-block-uagb-container uag-hide-desktop uag-hide-tab uagb-block-a2519ad1\">\n<div class=\"wp-block-uagb-image uagb-block-ee1f6740 wp-block-uagb-image--layout-default wp-block-uagb-image--effect-static wp-block-uagb-image--align-none uag-hide-desktop uag-hide-tab\"><figure class=\"wp-block-uagb-image__figure\"><img decoding=\"async\" src=\"https:\/\/jansametal.com\/wp-content\/uploads\/2025\/03\/corte_taladro_estructuras_acero-1-1024x904.jpg\" alt=\"\" class=\"uag-image-6245\" width=\"1324\" height=\"504\" title=\"tall_trepant_estructures_acer\" loading=\"lazy\" role=\"img\"><\/figure><\/div>\n<\/div>\n<\/div><\/div>\n\n<div class=\"wp-block-uagb-container uagb-block-50a418d7 alignfull uagb-is-root-container\"><div class=\"uagb-container-inner-blocks-wrap\">\n<div class=\"wp-block-uagb-container uagb-block-285cc8ee\">\n<div class=\"wp-block-uagb-container uagb-block-bae51298\">\n<h2 class=\"wp-block-heading has-ast-global-color-5-color has-text-color has-link-color wp-elements-93ae71d03fdbafac7ede1402bcfe642e\" style=\"font-size:60px\">Altras serveis<\/h2>\n\n\n\n<p class=\"has-ast-global-color-5-color has-text-color has-link-color wp-elements-6b786ad620bad124045b1d1afbc473e7\" style=\"margin-top:-35px;font-size:20px;font-style:normal;font-weight:600\">Que t&#8217;interessaran<\/p>\n<\/div>\n\n\n\n<div class=\"wp-block-uagb-container uagb-block-bfbbda9a\">\n<p class=\"has-ast-global-color-5-color has-text-color has-link-color wp-elements-1be9a1734ce11c194f38bcf746cb5422\">En <strong>Jansa Metal<\/strong>, oferim solucions integrals en la <strong>fabricaci\u00f3 d&#8217;estructuris met\u00e0l\u00b7liques<\/strong>, optimitzant cada proc\u00e9s per a garantir <strong>qualitat, resist\u00e8ncia i efici\u00e8ncia<\/strong>. Descobreix m\u00e9s sobre els nostres serveis, des del <strong>granallat i pintat<\/strong>, fins a la <strong>fabricaci\u00f3 de bigues PRS i acoblament estructural.<\/strong> <\/p>\n<\/div>\n<\/div>\n\n\n\n<div class=\"wp-block-uagb-container uagb-block-3c4cbcea alignfull uagb-is-root-container\"><div class=\"uagb-container-inner-blocks-wrap\">\n<div class=\"wp-block-uagb-container uagb-block-c6dc3eb9\">\n<div class=\"wp-block-uagb-image uagb-block-1a6470d1 wp-block-uagb-image--layout-overlay wp-block-uagb-image--effect-static wp-block-uagb-image--align-none\"><figure class=\"wp-block-uagb-image__figure\"><a class=\"\" href=\"https:\/\/jansametal.com\/ca\/servei-pintura\/\" target=\"\" rel=\"noopener\"><img decoding=\"async\" src=\"https:\/\/jansametal.com\/wp-content\/uploads\/2025\/01\/Pintura_estructuras_acero-1024x768.jpg\" alt=\"\" class=\"uag-image-5788\" width=\"796\" height=\"390\" title=\"Pintura_estructures_acer\" loading=\"lazy\" role=\"img\"><\/a><div class=\"wp-block-uagb-image--layout-overlay__color-wrapper\"><\/div><div class=\"wp-block-uagb-image--layout-overlay__inner center-center\"><a class=\"wp-block-uagb-image--layout-overlay-link \" href=\"https:\/\/jansametal.com\/ca\/servei-pintura\/\" target=\"\" rel=\"noopener\"><\/a><h3 class=\"uagb-image-heading\">Pintura<\/h3><figcaption class=\"uagb-image-caption\">Protecci\u00f3 i acabat per a estructures met\u00e0l\u00b7liques<\/figcaption><\/div><\/figure><\/div>\n<\/div>\n\n\n\n<div class=\"wp-block-uagb-container uagb-block-9efbb4fc\">\n<div class=\"wp-block-uagb-image aligncenter uagb-block-763216a2 wp-block-uagb-image--layout-overlay wp-block-uagb-image--effect-static wp-block-uagb-image--align-center\"><figure class=\"wp-block-uagb-image__figure\"><a class=\"\" href=\"https:\/\/jansametal.com\/ca\/proteccio-contra-incendis\/\" target=\"\" rel=\"noopener\"><img decoding=\"async\" src=\"https:\/\/jansametal.com\/wp-content\/uploads\/2025\/01\/acero_ignifugo-796x1024.jpg\" alt=\"\" class=\"uag-image-5762\" width=\"796\" height=\"390\" title=\"acer_ignifug\" loading=\"lazy\" role=\"img\"><\/a><div class=\"wp-block-uagb-image--layout-overlay__color-wrapper\"><\/div><div class=\"wp-block-uagb-image--layout-overlay__inner center-center\"><a class=\"wp-block-uagb-image--layout-overlay-link \" href=\"https:\/\/jansametal.com\/ca\/proteccio-contra-incendis\/\" target=\"\" rel=\"noopener\"><\/a><h3 class=\"uagb-image-heading\">Pintura intumescent<\/h3><figcaption class=\"uagb-image-caption\">Protecci\u00f3 ign\u00edfuga per a estructures met\u00e0l\u00b7liques<\/figcaption><\/div><\/figure><\/div>\n<\/div>\n\n\n\n<div class=\"wp-block-uagb-container uagb-block-d2bd1ac2\">\n<div class=\"wp-block-uagb-image aligncenter uagb-block-efea6afb wp-block-uagb-image--layout-overlay wp-block-uagb-image--effect-static wp-block-uagb-image--align-center\"><figure class=\"wp-block-uagb-image__figure\"><a class=\"\" href=\"https:\/\/jansametal.com\/ca\/galvanitzat-en-calent\/\" target=\"\" rel=\"noopener\"><img decoding=\"async\" src=\"https:\/\/jansametal.com\/wp-content\/uploads\/2025\/02\/Perfil_gavanizado-796x1024.jpeg\" alt=\"\" class=\"uag-image-6064\" width=\"796\" height=\"390\" title=\"Perfil_galbanitzat\" loading=\"lazy\" role=\"img\"><\/a><div class=\"wp-block-uagb-image--layout-overlay__color-wrapper\"><\/div><div class=\"wp-block-uagb-image--layout-overlay__inner center-center\"><a class=\"wp-block-uagb-image--layout-overlay-link \" href=\"https:\/\/jansametal.com\/ca\/galvanitzat-en-calent\/\" target=\"\" rel=\"noopener\"><\/a><h3 class=\"uagb-image-heading\">Galvanitzat en calent<\/h3><figcaption class=\"uagb-image-caption\">Recobriment de zinc per a una resist\u00e8ncia superior<\/figcaption><\/div><\/figure><\/div>\n<\/div>\n<\/div><\/div>\n<\/div><\/div>\n\n<div class=\"wp-block-uagb-container uagb-block-33b2e460 alignfull uagb-is-root-container\"><div class=\"uagb-container-inner-blocks-wrap\">\n<div class=\"wp-block-uagb-container uagb-block-dd5d62ed alignfull uagb-is-root-container\"><div class=\"uagb-container-inner-blocks-wrap\">\n<div class=\"wp-block-uagb-container uagb-block-3ac9af46\">\n<h2 class=\"wp-block-heading has-text-align-center\">FAQ&#8217;s<\/h2>\n\n\n\n<div class=\"wp-block-wpsp-faq wpsp-faq__outer-wrap wpsp-block-1daf60f3 wpsp-faq-icon-row wpsp-faq-layout-accordion wpsp-faq-expand-first-false wpsp-faq-inactive-other-true wpsp-faq-equal-height\" data-faqtoggle=\"true\" role=\"tablist\">{&#8220;@context&#8221;:&#8221;https:\/\/schema.org&#8221;,&#8221;@type&#8221;:&#8221;FAQPage&#8221;,&#8221;@id&#8221;:&#8221;https:\/\/jansametal.com\/corte-cnc-chapa\/&#8221;,&#8221;mainEntity&#8221;:[{&#8220;@type&#8221;:&#8221;Question&#8221;,&#8221;name&#8221;:&#8221;\u00bfQu\u00e9 materiales pueden procesarse con Corte CNC de Chapa?&#8221;,&#8221;acceptedAnswer&#8221;:{&#8220;@type&#8221;:&#8221;Answer&#8221;,&#8221;text&#8221;:&#8221;&lt;strong&gt;Acero inoxidable y acero al carbono&lt;\/strong&gt; en diferentes grosores y dimensiones.&#8221;}},{&#8220;@type&#8221;:&#8221;Question&#8221;,&#8221;name&#8221;:&#8221;\u00bfCu\u00e1l es la diferencia entre el corte l\u00e1ser y el corte plasma para chapa de acero?&#8221;,&#8221;acceptedAnswer&#8221;:{&#8220;@type&#8221;:&#8221;Answer&#8221;,&#8221;text&#8221;:&#8221;\u2714 &lt;strong&gt;Corte l\u00e1ser:&lt;\/strong&gt; Alta precisi\u00f3n y velocidad, ideal para chapas delgadas y cortes de alta precisi\u00f3n.&lt;br&gt;\u2714 &lt;strong&gt;Corte plasma:&lt;\/strong&gt; Recomendado para chapas gruesas y trabajos industriales.&#8221;}},{&#8220;@type&#8221;:&#8221;Question&#8221;,&#8221;name&#8221;:&#8221;\u00bfC\u00f3mo solicitar un presupuesto para Corte CNC de Chapa?&#8221;,&#8221;acceptedAnswer&#8221;:{&#8220;@type&#8221;:&#8221;Answer&#8221;,&#8221;text&#8221;:&#8221;1\ufe0f\u20e3 Env\u00edanos tu &lt;strong&gt;archivo DSTV o plano t\u00e9cnico.&lt;\/strong&gt;&lt;br&gt;2\ufe0f\u20e3 Evaluamos las especificaciones del corte.&lt;br&gt;3\ufe0f\u20e3 Te enviamos una &lt;strong&gt;cotizaci\u00f3n detallada y personalizada.&lt;\/strong&gt;&lt;br&gt;&lt;br&gt;&lt;strong&gt;Solicita tu cotizaci\u00f3n ahora y consigue piezas listas para producci\u00f3n.&lt;\/strong&gt;&#8221;}}]}<div class=\"wpsp-faq__wrap wpsp-buttons-layout-wrap\">\n<div class=\"wp-block-wpsp-faq-child wpsp-faq-child__outer-wrap wpsp-block-bc46b24c\"><div class=\"wpsp-faq-child__wrapper\"><div class=\"wpsp-faq-item\" role=\"tab\"><div class=\"wpsp-faq-questions-button wpsp-faq-questions\"><span class=\"wpsp-icon wpsp-faq-icon-wrap\"><\/span><span class=\"wpsp-icon-active wpsp-faq-icon-wrap\"><\/span><h3 class=\"wpsp-question\">Quins materials poden processar-se amb Cort CNC de Xapa?<\/h3><\/div><div class=\"wpsp-faq-content\"><span><p><strong>Acer inoxidable i acer al carboni <\/strong>en diferents gruixos i dimensions.<\/p><\/span><\/div><\/div><\/div><\/div>\n\n\n\n<div class=\"wp-block-wpsp-faq-child wpsp-faq-child__outer-wrap wpsp-block-03501429\"><div class=\"wpsp-faq-child__wrapper\"><div class=\"wpsp-faq-item\" role=\"tab\"><div class=\"wpsp-faq-questions-button wpsp-faq-questions\"><span class=\"wpsp-icon wpsp-faq-icon-wrap\"><\/span><span class=\"wpsp-icon-active wpsp-faq-icon-wrap\"><\/span><h3 class=\"wpsp-question\">Quina \u00e9s la difer\u00e8ncia entre el tall l\u00e0ser i el tall plasma per a xapa d&#8217;acer?<\/h3><\/div><div class=\"wpsp-faq-content\"><span><p>\u2714 <strong>Tall l\u00e0ser<\/strong>: Alta precisi\u00f3 i velocitat, ideal per a xapes primes i corts d&#8217;alta precisi\u00f3.<br \/>\u2714<strong> Tall plasma<\/strong>: Recomanat per a xapes gruixudes i treballs industrials.<\/p><\/span><\/div><\/div><\/div><\/div>\n\n\n\n<div class=\"wp-block-wpsp-faq-child wpsp-faq-child__outer-wrap wpsp-block-e7afb879\"><div class=\"wpsp-faq-child__wrapper\"><div class=\"wpsp-faq-item\" role=\"tab\"><div class=\"wpsp-faq-questions-button wpsp-faq-questions\"><span class=\"wpsp-icon wpsp-faq-icon-wrap\"><\/span><span class=\"wpsp-icon-active wpsp-faq-icon-wrap\"><\/span><h3 class=\"wpsp-question\">Com sol\u00b7licitar un pressupost per a Cort CNC de Xapa?<\/h3><\/div><div class=\"wpsp-faq-content\"><span><p>1\ufe0f\u20e3 Envia&#8217;ns el teu <strong>arxiu DSTV o pla t\u00e8cnic.<\/strong><br \/>2\ufe0f\u20e3 Avaluem les especificacions del tall.<br \/>3\ufe0f\u20e3 T&#8217;enviem una <strong>cotitzaci\u00f3 detallada i personalitzada<\/strong>.<br \/><br \/><strong>Sol\u00b7licita la teva cotitzaci\u00f3 ara i aconsegueix peces llestes per a producci\u00f3.<\/strong><\/p><\/span><\/div><\/div><\/div><\/div>\n<\/div><\/div>\n<\/div>\n<\/div><\/div>\n<\/div><\/div>\n\n<div class=\"wp-block-uagb-container uagb-block-01a5eb8e alignfull uagb-is-root-container\"><div class=\"uagb-container-inner-blocks-wrap\">\n<div class=\"wp-block-uagb-container uagb-block-a6b1f9db\">\n<div class=\"wp-block-uagb-container uagb-block-3b8ab2e1\">\n<h2 class=\"wp-block-heading\"><strong>Llest per al Primer Pas?<\/strong> Contacta&#8217;ns!<\/h2>\n\n\n\n<p>Cada gran projecte comen\u00e7a amb una conversa. <strong>Posa&#8217;t en contacte amb nosaltres<\/strong>, i descobreix com podem portar la teva idea a la realitat, amb estructures met\u00e0l\u00b7liques que s\u00f3n tan s\u00f2lides com les teves expectatives.<\/p>\n<\/div>\n<\/div>\n\n\n\n<div class=\"wp-block-uagb-container uagb-block-b0aef8d0\">\n<div class=\"wp-block-uagb-forms uagb-forms__outer-wrap uagb-block-4ee3fadf uagb-forms__medium-btn\">\n<div class=\"wp-block-uagb-forms-name uagb-forms-name-wrap uagb-forms-field-set uagb-block-90bbfcee\"><div class=\"uagb-forms-name-label required uagb-forms-input-label\" id=\"90bbfcee\">Nom<\/div><\/div>\n\n\n\n<div class=\"wp-block-uagb-forms-name uagb-forms-name-wrap uagb-forms-field-set uagb-block-96bea07b\"><div class=\"uagb-forms-name-label required uagb-forms-input-label\" id=\"96bea07b\">Cognoms<\/div><\/div>\n\n\n\n<div class=\"wp-block-uagb-forms-email uagb-forms-email-wrap uagb-forms-field-set uagb-block-dad1582c\"><div class=\"uagb-forms-email-label required uagb-forms-input-label\" id=\"dad1582c\">Email<\/div><\/div>\n\n\n\n<div class=\"wp-block-uagb-forms-name uagb-forms-name-wrap uagb-forms-field-set uagb-block-9747de54\"><div class=\"uagb-forms-name-label uagb-forms-input-label\" id=\"9747de54\">Tel\u00e8fon<\/div><\/div>\n\n\n\n<div class=\"wp-block-uagb-forms-textarea uagb-forms-textarea-wrap uagb-forms-field-set uagb-block-2a20ef2e\"><div class=\"uagb-forms-textarea-label required uagb-forms-input-label\" id=\"2a20ef2e\">Missatge<\/div><textarea class=\"uagb-forms-textarea-input uagb-forms-input\" rows=\"4\" name=\"2a20ef2e\"><\/textarea><\/div>\n<div class=\"uagb-forms-form-hidden-data\"><\/div><div class=\"uagb-form-reacaptcha-error-4ee3fadf\"><\/div><div class=\"uagb-forms-main-submit-button-wrap wp-block-button\"><button class=\"uagb-forms-main-submit-button wp-block-button__link\"><div class=\"uagb-forms-main-submit-button-text\">Enviar<\/div><\/button><\/div><div class=\"uagb-forms-success-message-4ee3fadf uagb-forms-submit-message-hide\"><span>The form has been submitted successfully!<\/span><\/div><div class=\"uagb-forms-failed-message-4ee3fadf uagb-forms-submit-message-hide\"><span>There has been some error while submitting the form. Please verify all form fields again.<\/span><\/div><\/div>\n<\/div>\n<\/div><\/div>\n","protected":false},"excerpt":{"rendered":"<p>Tall CNC de Xapa d&#8217;Acer Talls exactes en xapa, sense rebaves amb dibuix perfecte Cansat de vores irregulars, talls imprecisos i ajustos manuals? El nostre Tall CNC de Xapa d&#8217;Acer et garanteix acabats perfectes, sense distorsions i llestos per a producci\u00f3. Tant si necessites alta precisi\u00f3 en talls fins com si treballes amb xapes gruixudes [&hellip;]<\/p>\n","protected":false},"author":4,"featured_media":0,"parent":0,"menu_order":0,"comment_status":"closed","ping_status":"closed","template":"","meta":{"_uag_custom_page_level_css":"","site-sidebar-layout":"default","site-content-layout":"","ast-site-content-layout":"default","site-content-style":"default","site-sidebar-style":"default","ast-global-header-display":"","ast-banner-title-visibility":"","ast-main-header-display":"","ast-hfb-above-header-display":"","ast-hfb-below-header-display":"","ast-hfb-mobile-header-display":"","site-post-title":"","ast-breadcrumbs-content":"","ast-featured-img":"","footer-sml-layout":"","ast-disable-related-posts":"","theme-transparent-header-meta":"","adv-header-id-meta":"","stick-header-meta":"","header-above-stick-meta":"","header-main-stick-meta":"","header-below-stick-meta":"","astra-migrate-meta-layouts":"default","ast-page-background-enabled":"default","ast-page-background-meta":{"desktop":{"background-color":"var(--ast-global-color-4)","background-image":"","background-repeat":"repeat","background-position":"center center","background-size":"auto","background-attachment":"scroll","background-type":"","background-media":"","overlay-type":"","overlay-color":"","overlay-opacity":"","overlay-gradient":""},"tablet":{"background-color":"","background-image":"","background-repeat":"repeat","background-position":"center center","background-size":"auto","background-attachment":"scroll","background-type":"","background-media":"","overlay-type":"","overlay-color":"","overlay-opacity":"","overlay-gradient":""},"mobile":{"background-color":"","background-image":"","background-repeat":"repeat","background-position":"center center","background-size":"auto","background-attachment":"scroll","background-type":"","background-media":"","overlay-type":"","overlay-color":"","overlay-opacity":"","overlay-gradient":""}},"ast-content-background-meta":{"desktop":{"background-color":"var(--ast-global-color-5)","background-image":"","background-repeat":"repeat","background-position":"center center","background-size":"auto","background-attachment":"scroll","background-type":"","background-media":"","overlay-type":"","overlay-color":"","overlay-opacity":"","overlay-gradient":""},"tablet":{"background-color":"var(--ast-global-color-5)","background-image":"","background-repeat":"repeat","background-position":"center center","background-size":"auto","background-attachment":"scroll","background-type":"","background-media":"","overlay-type":"","overlay-color":"","overlay-opacity":"","overlay-gradient":""},"mobile":{"background-color":"var(--ast-global-color-5)","background-image":"","background-repeat":"repeat","background-position":"center center","background-size":"auto","background-attachment":"scroll","background-type":"","background-media":"","overlay-type":"","overlay-color":"","overlay-opacity":"","overlay-gradient":""}},"footnotes":""},"class_list":["post-10976","page","type-page","status-publish","hentry"],"spectra_custom_meta":{"_wpml_media_duplicate":["1"],"_wpml_media_featured":["1"],"adv-header-id-meta":[""],"stick-header-meta":[""],"theme-transparent-header-meta":[""],"ast-site-content-layout":["default"],"_top_nav_excluded":[""],"_cms_nav_minihome":[""],"_last_translation_edit_mode":["translation-editor"],"rank_math_og_content_image":["a:2:{s:5:\"check\";s:32:\"918e80e547648f19f2f6ddbf2a10fa70\";s:6:\"images\";a:1:{i:0;s:75:\"https:\/\/jansametal.com\/wp-content\/uploads\/2025\/03\/corte_chapa-1024x585.jpeg\";}}"],"rank_math_internal_links_processed":["1"],"_wp_page_template":[""],"_wpml_word_count":["672"],"rank_math_title":["Tall CNC de xapa d'acer | Jansa Metall"],"rank_math_description":["Tall CNC de xapa d'acer per l\u00e0ser i plasma amb alta precisi\u00f3, sense rebaves i llest per a producci\u00f3 industrial.\n"],"rank_math_focus_keyword":["tall CNC de xapa"],"_uag_css_file_name":["uag-css-10976.css"],"_uag_js_file_name":["uag-js-10976.js"],"rank_math_analytic_object_id":["51"]},"uagb_featured_image_src":{"full":false,"thumbnail":false,"medium":false,"medium_large":false,"large":false,"1536x1536":false,"2048x2048":false,"wpca-thumb":false},"uagb_author_info":{"display_name":"Jansa Metal","author_link":"https:\/\/jansametal.com\/ca\/author\/nathalie\/"},"uagb_comment_info":0,"uagb_excerpt":"Tall CNC de Xapa d&#8217;Acer Talls exactes en xapa, sense rebaves amb dibuix perfecte Cansat de vores irregulars, talls imprecisos i ajustos manuals? El nostre Tall CNC de Xapa d&#8217;Acer et garanteix acabats perfectes, sense distorsions i llestos per a producci\u00f3. Tant si necessites alta precisi\u00f3 en talls fins com si treballes amb xapes gruixudes&hellip;","_links":{"self":[{"href":"https:\/\/jansametal.com\/ca\/wp-json\/wp\/v2\/pages\/10976","targetHints":{"allow":["GET"]}}],"collection":[{"href":"https:\/\/jansametal.com\/ca\/wp-json\/wp\/v2\/pages"}],"about":[{"href":"https:\/\/jansametal.com\/ca\/wp-json\/wp\/v2\/types\/page"}],"author":[{"embeddable":true,"href":"https:\/\/jansametal.com\/ca\/wp-json\/wp\/v2\/users\/4"}],"replies":[{"embeddable":true,"href":"https:\/\/jansametal.com\/ca\/wp-json\/wp\/v2\/comments?post=10976"}],"version-history":[{"count":0,"href":"https:\/\/jansametal.com\/ca\/wp-json\/wp\/v2\/pages\/10976\/revisions"}],"wp:attachment":[{"href":"https:\/\/jansametal.com\/ca\/wp-json\/wp\/v2\/media?parent=10976"}],"curies":[{"name":"wp","href":"https:\/\/api.w.org\/{rel}","templated":true}]}}