{"id":10998,"date":"2024-10-21T12:52:37","date_gmt":"2024-10-21T10:52:37","guid":{"rendered":"https:\/\/jansa.serveistic.com\/enginyeria-i-disseny\/"},"modified":"2025-12-11T15:54:15","modified_gmt":"2025-12-11T14:54:15","slug":"enginyeria-i-disseny","status":"publish","type":"page","link":"https:\/\/jansametal.com\/ca\/enginyeria-i-disseny\/","title":{"rendered":"Enginyeria i disseny"},"content":{"rendered":"\n<div class=\"wp-block-uagb-container uagb-block-37fe9e23 alignfull uagb-is-root-container\">\n<div class=\"wp-block-uagb-advanced-heading uagb-block-d36b578f\"><h1 class=\"uagb-heading-text\">Enginyeria d&#8217;estructures met\u00e0l\u00b7liques i disseny estructural<\/h1><\/div>\n<\/div>\n\n<p class=\"has-large-font-size\" style=\"margin-right:100px;margin-left:100px;padding-right:100px;padding-left:100px;line-height:1.3\">En <strong>Jansa Metal<\/strong> desenvolupem l&#8217;enginyeria d&#8217;estructures met\u00e0l\u00b7liques des del primer c\u00e0lcul fins a la documentaci\u00f3 final per a fabricaci\u00f3 i muntatge.<\/p>\n\n<div class=\"wp-block-uagb-container uagb-block-e4be775b alignfull uagb-is-root-container\"><div class=\"uagb-container-inner-blocks-wrap\">\n<div class=\"wp-block-uagb-container uagb-block-9a4bad7b\">\n<div class=\"wp-block-uagb-info-box uagb-block-639134ac uagb-infobox__content-wrap  uagb-infobox_cta-type-all uagb-infobox-icon-left uagb-infobox-left uagb-infobox-stacked-mobile uagb-infobox-image-valign-top wp-block-uagb-info-box--has-margin\"><div class=\"uagb-infobox-margin-wrapper\"><a href=\"https:\/\/jansametal.com\/ca\/calcul-estructural\/\" class=\"uagb-infobox-link-wrap uagb-infbox__link-to-all\" target=\"_self\" aria-label=\"Infobox Link\" rel=\"noopener noreferrer\"><\/a><div class=\"uagb-ifb-icon-wrap\"><div class=\"uagb-iconbox-icon-wrap uagb-infobox-shape-circle\"><\/div><\/div><div class=\"uagb-ifb-content\"><div class=\"uagb-ifb-title-wrap\"><h3 class=\"uagb-ifb-title\">C\u00e0lcul estructural<\/h3><\/div><p class=\"uagb-ifb-desc\">Servei integral de c\u00e0lcul estructural: dimensionat de bigues, columnes, cintres i corretges amb an\u00e0lisis de c\u00e0rregues (mortes, vives, clim\u00e0tiques, s\u00edsmiques i de foc), m\u00e9s enginyeria de detall amb plans constructius, models 3D i optimitzaci\u00f3 de materials.<\/p><div class=\"uagb-ifb-button-wrapper wp-block-button\"><\/div><\/div><\/div><\/div>\n\n\n\n<div class=\"wp-block-uagb-info-box uagb-block-14f4c019 uagb-infobox__content-wrap  uagb-infobox_cta-type-all uagb-infobox-icon-left uagb-infobox-left uagb-infobox-stacked-mobile uagb-infobox-image-valign-top wp-block-uagb-info-box--has-margin\"><div class=\"uagb-infobox-margin-wrapper\"><a href=\"https:\/\/jansametal.com\/ca\/calcul-unions-estructures-metalliques\/\" class=\"uagb-infobox-link-wrap uagb-infbox__link-to-all\" target=\"_self\" aria-label=\"Infobox Link\" rel=\"noopener noreferrer\"><\/a><div class=\"uagb-ifb-icon-wrap\"><div class=\"uagb-iconbox-icon-wrap uagb-infobox-shape-circle\"><\/div><\/div><div class=\"uagb-ifb-content\"><div class=\"uagb-ifb-title-wrap\"><h3 class=\"uagb-ifb-title\">C\u00e0lcul d&#8217;unions<\/h3><\/div><p class=\"uagb-ifb-desc\">Disseny i verificaci\u00f3 de connexions r\u00edgides, semir\u00edgides i articulades, optimitzades per a muntatge r\u00e0pid i segur.<\/p><div class=\"uagb-ifb-button-wrapper wp-block-button\"><\/div><\/div><\/div><\/div>\n\n\n\n<div class=\"wp-block-uagb-info-box uagb-block-c55bf804 uagb-infobox__content-wrap  uagb-infobox_cta-type-all uagb-infobox-icon-left uagb-infobox-left uagb-infobox-stacked-mobile uagb-infobox-image-valign-top wp-block-uagb-info-box--has-margin\"><div class=\"uagb-infobox-margin-wrapper\"><a href=\"https:\/\/jansametal.com\/ca\/render-ifcrender-ifc\/\" class=\"uagb-infobox-link-wrap uagb-infbox__link-to-all\" target=\"_self\" aria-label=\"Infobox Link\" rel=\"noopener noreferrer\"><\/a><div class=\"uagb-ifb-icon-wrap\"><div class=\"uagb-iconbox-icon-wrap uagb-infobox-shape-circle\"><\/div><\/div><div class=\"uagb-ifb-content\"><div class=\"uagb-ifb-title-wrap\"><h3 class=\"uagb-ifb-title\">Render IFC<\/h3><\/div><p class=\"uagb-ifb-desc\">Visualitza la teva estructura al detall abans de construir i fabricar<\/p><div class=\"uagb-ifb-button-wrapper wp-block-button\"><\/div><\/div><\/div><\/div>\n\n\n\n<div class=\"wp-block-uagb-info-box uagb-block-b6faeaa5 uagb-infobox__content-wrap  uagb-infobox_cta-type-all uagb-infobox-icon-left uagb-infobox-left uagb-infobox-stacked-mobile uagb-infobox-image-valign-top wp-block-uagb-info-box--has-margin\"><div class=\"uagb-infobox-margin-wrapper\"><a href=\"https:\/\/jansametal.com\/ca\/calcul-resistencia-al-foc\/\" class=\"uagb-infobox-link-wrap uagb-infbox__link-to-all\" target=\"_self\" aria-label=\"Infobox Link\" rel=\"noopener noreferrer\"><\/a><div class=\"uagb-ifb-icon-wrap\"><div class=\"uagb-iconbox-icon-wrap uagb-infobox-shape-circle\"><\/div><\/div><div class=\"uagb-ifb-content\"><div class=\"uagb-ifb-title-wrap\"><h3 class=\"uagb-ifb-title\">C\u00e0lcul resist\u00e8ncia al foc<\/h3><\/div><p class=\"uagb-ifb-desc\"><strong>Calculem<\/strong> quants minuts resisteix cada element met\u00e0l\u00b7lic de l&#8217;estructura en <strong>un escenari d&#8217;incendi<\/strong><\/p><div class=\"uagb-ifb-button-wrapper wp-block-button\"><\/div><\/div><\/div><\/div>\n<\/div>\n\n\n\n<div class=\"wp-block-uagb-container uagb-block-5807f0db\">\n<div class=\"wp-block-uagb-info-box uagb-block-178fa41f uagb-infobox__content-wrap  uagb-infobox_cta-type-all uagb-infobox-icon-left uagb-infobox-left uagb-infobox-stacked-mobile uagb-infobox-image-valign-top wp-block-uagb-info-box--has-margin\"><div class=\"uagb-infobox-margin-wrapper\"><a href=\"https:\/\/jansametal.com\/ca\/sheeting\/\" class=\"uagb-infobox-link-wrap uagb-infbox__link-to-all\" target=\"_self\" aria-label=\"Infobox Link\" rel=\"noopener noreferrer\"><\/a><div class=\"uagb-ifb-icon-wrap\"><div class=\"uagb-iconbox-icon-wrap uagb-infobox-shape-circle\"><\/div><\/div><div class=\"uagb-ifb-content\"><div class=\"uagb-ifb-title-wrap\"><h3 class=\"uagb-ifb-title\">Sheeting<\/h3><\/div><p class=\"uagb-ifb-desc\">Dissenyem i calculem<strong> corretges tipus Z, C i Sigma (\u2211)<\/strong> aplicant l<strong>&#8216;efecte diafragma (sheeting)<\/strong>, millorant la rigidesa global de cobertes i fa\u00e7anes.<\/p><div class=\"uagb-ifb-button-wrapper wp-block-button\"><\/div><\/div><\/div><\/div>\n\n\n\n<div class=\"wp-block-uagb-info-box uagb-block-e09bad92 uagb-infobox__content-wrap  uagb-infobox_cta-type-all uagb-infobox-icon-left uagb-infobox-left uagb-infobox-stacked-mobile uagb-infobox-image-valign-top wp-block-uagb-info-box--has-margin\"><div class=\"uagb-infobox-margin-wrapper\"><a href=\"https:\/\/jansametal.com\/ca\/schemplan\/\" class=\"uagb-infobox-link-wrap uagb-infbox__link-to-all\" target=\"_self\" aria-label=\"Infobox Link\" rel=\"noopener noreferrer\"><\/a><div class=\"uagb-ifb-icon-wrap\"><div class=\"uagb-iconbox-icon-wrap uagb-infobox-shape-circle\"><\/div><\/div><div class=\"uagb-ifb-content\"><div class=\"uagb-ifb-title-wrap\"><h3 class=\"uagb-ifb-title\">Schemplan<\/h3><\/div><p class=\"uagb-ifb-desc\">Visualitza el concepte de la teva estructura abans de realitzar la comanda<\/p><div class=\"uagb-ifb-button-wrapper wp-block-button\"><\/div><\/div><\/div><\/div>\n\n\n\n<div class=\"wp-block-uagb-info-box uagb-block-66a00a36 uagb-infobox__content-wrap  uagb-infobox_cta-type-all uagb-infobox-icon-left uagb-infobox-left uagb-infobox-stacked-mobile uagb-infobox-image-valign-top wp-block-uagb-info-box--has-margin\"><div class=\"uagb-infobox-margin-wrapper\"><a href=\"https:\/\/jansametal.com\/ca\/projecte-executiu\/\" class=\"uagb-infobox-link-wrap uagb-infbox__link-to-all\" target=\"_self\" aria-label=\"Infobox Link\" rel=\"noopener noreferrer\"><\/a><div class=\"uagb-ifb-icon-wrap\"><div class=\"uagb-iconbox-icon-wrap uagb-infobox-shape-circle\"><\/div><\/div><div class=\"uagb-ifb-content\"><div class=\"uagb-ifb-title-wrap\"><h3 class=\"uagb-ifb-title\">Projecte executiu<\/h3><\/div><p class=\"uagb-ifb-desc\">On generem tots els plans i arxius necessaris per a produir cada component de l&#8217;estructura<\/p><div class=\"uagb-ifb-button-wrapper wp-block-button\"><\/div><\/div><\/div><\/div>\n\n\n\n<div class=\"wp-block-uagb-info-box uagb-block-9573c0d7 uagb-infobox__content-wrap  uagb-infobox_cta-type-all uagb-infobox-icon-left uagb-infobox-left uagb-infobox-stacked-mobile uagb-infobox-image-valign-top wp-block-uagb-info-box--has-margin\"><div class=\"uagb-infobox-margin-wrapper\"><a href=\"https:\/\/jansametal.com\/ca\/model-ifc-3d-per-a-muntatge\/\" class=\"uagb-infobox-link-wrap uagb-infbox__link-to-all\" target=\"_self\" aria-label=\"Infobox Link\" rel=\"noopener noreferrer\"><\/a><div class=\"uagb-ifb-icon-wrap\"><div class=\"uagb-iconbox-icon-wrap uagb-infobox-shape-circle\"><\/div><\/div><div class=\"uagb-ifb-content\"><div class=\"uagb-ifb-title-wrap\"><h3 class=\"uagb-ifb-title\">Model IFC 3D<\/h3><\/div><p class=\"uagb-ifb-desc\">Representaci\u00f3 digital exacta de l&#8217;estructura. La base per a executar el muntatge amb <strong>precisi\u00f3 mil\u00b7lim\u00e8trica<\/strong> i facilitar el treball de tots els agents involucrats en l&#8217;obra. <\/p><div class=\"uagb-ifb-button-wrapper wp-block-button\"><\/div><\/div><\/div><\/div>\n<\/div>\n<\/div><\/div>\n\n<div class=\"wp-block-uagb-container uagb-layout-grid uagb-block-a545a0b5 alignfull uagb-is-root-container\"><div class=\"uagb-container-inner-blocks-wrap\">\n<div class=\"wp-block-uagb-info-box uagb-block-01c78ceb uagb-infobox__content-wrap  uagb-infobox-icon-left uagb-infobox-left uagb-infobox-stacked-mobile uagb-infobox-image-valign-top\"><div class=\"uagb-ifb-icon-wrap\"><div class=\"uagb-iconbox-icon-wrap uagb-infobox-shape-circle\"><\/div><\/div><div class=\"uagb-ifb-content\"><div class=\"uagb-ifb-title-wrap\"><h6 class=\"uagb-ifb-title\">5M<\/h6><\/div><p class=\"uagb-ifb-desc\">Facturaci\u00f3<\/p><\/div><\/div>\n\n\n\n<div class=\"wp-block-uagb-info-box uagb-block-3d9017cc uagb-infobox__content-wrap  uagb-infobox-icon-left uagb-infobox-left uagb-infobox-stacked-mobile uagb-infobox-image-valign-top\"><div class=\"uagb-ifb-icon-wrap\"><div class=\"uagb-iconbox-icon-wrap uagb-infobox-shape-circle\"><\/div><\/div><div class=\"uagb-ifb-content\"><div class=\"uagb-ifb-title-wrap\"><h6 class=\"uagb-ifb-title\">+1500<\/h6><\/div><p class=\"uagb-ifb-desc\">Clients<\/p><\/div><\/div>\n\n\n\n<div class=\"wp-block-uagb-info-box uagb-block-e2303089 uagb-infobox__content-wrap  uagb-infobox-icon-left uagb-infobox-left uagb-infobox-stacked-mobile uagb-infobox-image-valign-top\"><div class=\"uagb-ifb-icon-wrap\"><div class=\"uagb-iconbox-icon-wrap uagb-infobox-shape-circle\"><\/div><\/div><div class=\"uagb-ifb-content\"><div class=\"uagb-ifb-title-wrap\"><h6 class=\"uagb-ifb-title\">+3000<\/h6><\/div><p class=\"uagb-ifb-desc\">projectes exitosos<\/p><\/div><\/div>\n\n\n\n<div class=\"wp-block-uagb-info-box uagb-block-720e491a uagb-infobox__content-wrap  uagb-infobox-icon-left uagb-infobox-left uagb-infobox-stacked-mobile uagb-infobox-image-valign-top\"><div class=\"uagb-ifb-icon-wrap\"><div class=\"uagb-iconbox-icon-wrap uagb-infobox-shape-circle\"><\/div><\/div><div class=\"uagb-ifb-content\"><div class=\"uagb-ifb-title-wrap\"><h6 class=\"uagb-ifb-title\">40<\/h6><\/div><p class=\"uagb-ifb-desc\">anys d&#8217;experi\u00e8ncia<\/p><\/div><\/div>\n<\/div><\/div>\n\n<div class=\"wp-block-uagb-container uagb-block-0be761aa alignfull uagb-is-root-container\"><div class=\"uagb-container-inner-blocks-wrap\">\n<div class=\"wp-block-uagb-container uagb-block-290b3b18\">\n<div class=\"wp-block-uagb-container uagb-block-6257f925\">\n<h2 class=\"wp-block-heading\"><strong>Llest per al Primer Pas?<\/strong> Contacta&#8217;ns!<\/h2>\n\n\n\n<p>Cada gran projecte comen\u00e7a amb una conversa. <strong>Posa&#8217;t en contacte amb nosaltres<\/strong>, i descobreix com podem portar la teva idea a la realitat, amb estructures met\u00e0l\u00b7liques que s\u00f3n tan s\u00f2lides com les teves expectatives.<\/p>\n<\/div>\n<\/div>\n\n\n\n<div class=\"wp-block-uagb-container uagb-block-ede5dbea\">\n<div class=\"wp-block-uagb-forms uagb-forms__outer-wrap uagb-block-7573d324 uagb-forms__medium-btn\">\n<div class=\"wp-block-uagb-forms-name uagb-forms-name-wrap uagb-forms-field-set uagb-block-d0cd0653\"><div class=\"uagb-forms-name-label required uagb-forms-input-label\" id=\"d0cd0653\">Nom<\/div><\/div>\n\n\n\n<div class=\"wp-block-uagb-forms-name uagb-forms-name-wrap uagb-forms-field-set uagb-block-3cdc0e81\"><div class=\"uagb-forms-name-label required uagb-forms-input-label\" id=\"3cdc0e81\">Cognoms<\/div><\/div>\n\n\n\n<div class=\"wp-block-uagb-forms-email uagb-forms-email-wrap uagb-forms-field-set uagb-block-ec685343\"><div class=\"uagb-forms-email-label required uagb-forms-input-label\" id=\"ec685343\">Email<\/div><\/div>\n\n\n\n<div class=\"wp-block-uagb-forms-name uagb-forms-name-wrap uagb-forms-field-set uagb-block-3a360c2f\"><div class=\"uagb-forms-name-label uagb-forms-input-label\" id=\"3a360c2f\">Tel\u00e8fon<\/div><\/div>\n\n\n\n<div class=\"wp-block-uagb-forms-textarea uagb-forms-textarea-wrap uagb-forms-field-set uagb-block-a9436f97\"><div class=\"uagb-forms-textarea-label required uagb-forms-input-label\" id=\"a9436f97\">Missatge<\/div><textarea class=\"uagb-forms-textarea-input uagb-forms-input\" rows=\"4\" name=\"a9436f97\"><\/textarea><\/div>\n<div class=\"uagb-forms-form-hidden-data\"><\/div><div class=\"uagb-form-reacaptcha-error-7573d324\"><\/div><div class=\"uagb-forms-main-submit-button-wrap wp-block-button\"><button class=\"uagb-forms-main-submit-button wp-block-button__link\"><div class=\"uagb-forms-main-submit-button-text\">Enviar<\/div><\/button><\/div><div class=\"uagb-forms-success-message-7573d324 uagb-forms-submit-message-hide\"><span>The form has been submitted successfully!<\/span><\/div><div class=\"uagb-forms-failed-message-7573d324 uagb-forms-submit-message-hide\"><span>There has been some error while submitting the form. Please verify all form fields again.<\/span><\/div><\/div>\n<\/div>\n<\/div><\/div>\n","protected":false},"excerpt":{"rendered":"<p>Enginyeria d&#8217;estructures met\u00e0l\u00b7liques i disseny estructural En Jansa Metal desenvolupem l&#8217;enginyeria d&#8217;estructures met\u00e0l\u00b7liques des del primer c\u00e0lcul fins a la documentaci\u00f3 final per a fabricaci\u00f3 i muntatge. Llest per al Primer Pas? Contacta&#8217;ns! Cada gran projecte comen\u00e7a amb una conversa. Posa&#8217;t en contacte amb nosaltres, i descobreix com podem portar la teva idea a la [&hellip;]<\/p>\n","protected":false},"author":1,"featured_media":0,"parent":0,"menu_order":0,"comment_status":"closed","ping_status":"closed","template":"","meta":{"_uag_custom_page_level_css":"","site-sidebar-layout":"no-sidebar","site-content-layout":"plain-container","ast-site-content-layout":"normal-width-container","site-content-style":"unboxed","site-sidebar-style":"unboxed","ast-global-header-display":"","ast-banner-title-visibility":"","ast-main-header-display":"","ast-hfb-above-header-display":"","ast-hfb-below-header-display":"","ast-hfb-mobile-header-display":"","site-post-title":"disabled","ast-breadcrumbs-content":"","ast-featured-img":"disabled","footer-sml-layout":"","ast-disable-related-posts":"","theme-transparent-header-meta":"enabled","adv-header-id-meta":"","stick-header-meta":"","header-above-stick-meta":"","header-main-stick-meta":"","header-below-stick-meta":"","astra-migrate-meta-layouts":"default","ast-page-background-enabled":"default","ast-page-background-meta":{"desktop":{"background-color":"var(--ast-global-color-4)","background-image":"","background-repeat":"repeat","background-position":"center center","background-size":"auto","background-attachment":"scroll","background-type":"","background-media":"","overlay-type":"","overlay-color":"","overlay-opacity":"","overlay-gradient":""},"tablet":{"background-color":"","background-image":"","background-repeat":"repeat","background-position":"center center","background-size":"auto","background-attachment":"scroll","background-type":"","background-media":"","overlay-type":"","overlay-color":"","overlay-opacity":"","overlay-gradient":""},"mobile":{"background-color":"","background-image":"","background-repeat":"repeat","background-position":"center center","background-size":"auto","background-attachment":"scroll","background-type":"","background-media":"","overlay-type":"","overlay-color":"","overlay-opacity":"","overlay-gradient":""}},"ast-content-background-meta":{"desktop":{"background-color":"var(--ast-global-color-5)","background-image":"","background-repeat":"repeat","background-position":"center center","background-size":"auto","background-attachment":"scroll","background-type":"","background-media":"","overlay-type":"","overlay-color":"","overlay-opacity":"","overlay-gradient":""},"tablet":{"background-color":"var(--ast-global-color-5)","background-image":"","background-repeat":"repeat","background-position":"center center","background-size":"auto","background-attachment":"scroll","background-type":"","background-media":"","overlay-type":"","overlay-color":"","overlay-opacity":"","overlay-gradient":""},"mobile":{"background-color":"var(--ast-global-color-5)","background-image":"","background-repeat":"repeat","background-position":"center center","background-size":"auto","background-attachment":"scroll","background-type":"","background-media":"","overlay-type":"","overlay-color":"","overlay-opacity":"","overlay-gradient":""}},"footnotes":""},"class_list":["post-10998","page","type-page","status-publish","hentry"],"spectra_custom_meta":{"_wpml_media_duplicate":["1"],"_wpml_media_featured":["1"],"site-post-title":["disabled"],"site-sidebar-layout":["no-sidebar"],"site-content-layout":["plain-container"],"ast-featured-img":["disabled"],"theme-transparent-header-meta":["enabled"],"ast-site-content-layout":["normal-width-container"],"site-content-style":["unboxed"],"site-sidebar-style":["unboxed"],"_top_nav_excluded":[""],"_cms_nav_minihome":[""],"_last_translation_edit_mode":["translation-editor"],"_wp_page_template":[""],"rank_math_internal_links_processed":["1"],"_wpml_word_count":["325"],"rank_math_title":["Enginyeria d'estructures met\u00e0l\u00b7liques | Jansa Metal"],"rank_math_description":["Enginyeria d'estructures met\u00e0l\u00b7liques amb c\u00e0lcul, disseny, modelat BIM i documentaci\u00f3 per a fabricaci\u00f3 i muntatge industrial.\n"],"rank_math_focus_keyword":["enginyeria d'estructures met\u00e0l\u00b7liques"],"_uag_css_file_name":["uag-css-10998.css"],"_uag_js_file_name":["uag-js-10998.js"],"rank_math_analytic_object_id":["171"]},"uagb_featured_image_src":{"full":false,"thumbnail":false,"medium":false,"medium_large":false,"large":false,"1536x1536":false,"2048x2048":false,"wpca-thumb":false},"uagb_author_info":{"display_name":"admin","author_link":"https:\/\/jansametal.com\/ca\/author\/anjo\/"},"uagb_comment_info":0,"uagb_excerpt":"Enginyeria d&#8217;estructures met\u00e0l\u00b7liques i disseny estructural En Jansa Metal desenvolupem l&#8217;enginyeria d&#8217;estructures met\u00e0l\u00b7liques des del primer c\u00e0lcul fins a la documentaci\u00f3 final per a fabricaci\u00f3 i muntatge. Llest per al Primer Pas? Contacta&#8217;ns! Cada gran projecte comen\u00e7a amb una conversa. Posa&#8217;t en contacte amb nosaltres, i descobreix com podem portar la teva idea a la&hellip;","_links":{"self":[{"href":"https:\/\/jansametal.com\/ca\/wp-json\/wp\/v2\/pages\/10998","targetHints":{"allow":["GET"]}}],"collection":[{"href":"https:\/\/jansametal.com\/ca\/wp-json\/wp\/v2\/pages"}],"about":[{"href":"https:\/\/jansametal.com\/ca\/wp-json\/wp\/v2\/types\/page"}],"author":[{"embeddable":true,"href":"https:\/\/jansametal.com\/ca\/wp-json\/wp\/v2\/users\/1"}],"replies":[{"embeddable":true,"href":"https:\/\/jansametal.com\/ca\/wp-json\/wp\/v2\/comments?post=10998"}],"version-history":[{"count":1,"href":"https:\/\/jansametal.com\/ca\/wp-json\/wp\/v2\/pages\/10998\/revisions"}],"predecessor-version":[{"id":12503,"href":"https:\/\/jansametal.com\/ca\/wp-json\/wp\/v2\/pages\/10998\/revisions\/12503"}],"wp:attachment":[{"href":"https:\/\/jansametal.com\/ca\/wp-json\/wp\/v2\/media?parent=10998"}],"curies":[{"name":"wp","href":"https:\/\/api.w.org\/{rel}","templated":true}]}}