{"id":11015,"date":"2024-11-01T20:02:21","date_gmt":"2024-11-01T19:02:21","guid":{"rendered":"https:\/\/jansa.serveistic.com\/mapa-web\/"},"modified":"2025-11-05T12:09:40","modified_gmt":"2025-11-05T11:09:40","slug":"mapa-web","status":"publish","type":"page","link":"https:\/\/jansametal.com\/ca\/mapa-web\/","title":{"rendered":"Mapa web"},"content":{"rendered":"\n<div class=\"wp-block-uagb-container uagb-block-b283e42b alignfull uagb-is-root-container\">\n<div class=\"wp-block-uagb-advanced-heading uagb-block-cd9872bd\"><h1 class=\"uagb-heading-text\">Mapa web<\/h1><\/div>\n<\/div>\n\n<div class=\"wp-block-uagb-container uagb-block-322e3f6c alignfull uagb-is-root-container\"><div class=\"uagb-container-inner-blocks-wrap\">\n<p><strong>AQUEST MAPA S&#8217;HA D&#8217;ACTUALITZAR QUAN S&#8217;OBRI LA P\u00c0GINA<\/strong><\/p>\n\n\n\n<h2 class=\"wp-block-heading has-text-align-center\">No troba el que est\u00e0 buscant?<\/h2>\n\n\n\n<p class=\"has-text-align-center\" style=\"margin-top:-20px;padding-top:0px;padding-right:100px;padding-left:100px\">Si necessita trobar un contingut especialment, per\u00f2 no aconsegueix arribar a ell navegant per la p\u00e0gina web, ho trobar\u00e0 en aquesta llista.<\/p>\n\n\n\n<div class=\"wp-block-uagb-container uagb-block-bba692b9\"><div class=\"uagb-container__shape uagb-container__shape-top\"><svg xmlns=\"https:\/\/www.w3.org\/2000\/svg\" viewBox=\"0 0 937.5 120\" preserveAspectRatio=\"none\"><path class=\"uagb-container__shape-fill\" d=\"M937.5,124.3V0H0v124.3C0,100.8,227.4,2.9,578.9,4.1C926.9,0.3,937.5,100.4,937.5,124.3z\"><\/path><\/svg><\/div><nav class=\"is-responsive items-justified-center wp-block-navigation is-horizontal is-content-justification-center is-layout-flex wp-container-core-navigation-is-layout-ef5ce59c wp-block-navigation-is-layout-flex\" aria-label=\"Navigation\" \n\t\t data-wp-interactive=\"core\/navigation\" data-wp-context='{\"overlayOpenedBy\":{\"click\":false,\"hover\":false,\"focus\":false},\"type\":\"overlay\",\"roleAttribute\":\"\",\"ariaLabel\":\"Men\\u00fa\"}'><button aria-haspopup=\"dialog\" aria-label=\"Obre el men\u00fa\" class=\"wp-block-navigation__responsive-container-open\" \n\t\t\t\tdata-wp-on--click=\"actions.openMenuOnClick\"\n\t\t\t\tdata-wp-on--keydown=\"actions.handleMenuKeydown\"\n\t\t\t><svg width=\"24\" height=\"24\" xmlns=\"http:\/\/www.w3.org\/2000\/svg\" viewBox=\"0 0 24 24\" aria-hidden=\"true\" focusable=\"false\"><path d=\"M4 7.5h16v1.5H4z\"><\/path><path d=\"M4 15h16v1.5H4z\"><\/path><\/svg><\/button>\n\t\t\t\t<div class=\"wp-block-navigation__responsive-container  has-text-color has-ast-global-color-5-color\"  id=\"modal-1\" \n\t\t\t\tdata-wp-class--has-modal-open=\"state.isMenuOpen\"\n\t\t\t\tdata-wp-class--is-menu-open=\"state.isMenuOpen\"\n\t\t\t\tdata-wp-watch=\"callbacks.initMenu\"\n\t\t\t\tdata-wp-on--keydown=\"actions.handleMenuKeydown\"\n\t\t\t\tdata-wp-on--focusout=\"actions.handleMenuFocusout\"\n\t\t\t\ttabindex=\"-1\"\n\t\t\t>\n\t\t\t\t\t<div class=\"wp-block-navigation__responsive-close\" tabindex=\"-1\">\n\t\t\t\t\t\t<div class=\"wp-block-navigation__responsive-dialog\" \n\t\t\t\tdata-wp-bind--aria-modal=\"state.ariaModal\"\n\t\t\t\tdata-wp-bind--aria-label=\"state.ariaLabel\"\n\t\t\t\tdata-wp-bind--role=\"state.roleAttribute\"\n\t\t\t>\n\t\t\t\t\t\t\t<button aria-label=\"Tanca el men\u00fa\" class=\"wp-block-navigation__responsive-container-close\" \n\t\t\t\tdata-wp-on--click=\"actions.closeMenuOnClick\"\n\t\t\t><svg xmlns=\"http:\/\/www.w3.org\/2000\/svg\" viewBox=\"0 0 24 24\" width=\"24\" height=\"24\" aria-hidden=\"true\" focusable=\"false\"><path d=\"m13.06 12 6.47-6.47-1.06-1.06L12 10.94 5.53 4.47 4.47 5.53 10.94 12l-6.47 6.47 1.06 1.06L12 13.06l6.47 6.47 1.06-1.06L13.06 12Z\"><\/path><\/svg><\/button>\n\t\t\t\t\t\t\t<div class=\"wp-block-navigation__responsive-container-content\" \n\t\t\t\tdata-wp-watch=\"callbacks.focusFirstElement\"\n\t\t\t id=\"modal-1-content\">\n\t\t\t\t\t\t\t\t<ul class=\"wp-block-navigation__container is-responsive items-justified-center wp-block-navigation\"><ul class=\"wp-block-page-list\"><li class=\"wp-block-pages-list__item wp-block-navigation-item open-on-hover-click\"><a class=\"wp-block-pages-list__item__link wp-block-navigation-item__content\" href=\"https:\/\/jansametal.com\/ca\/avis-legal\/\">Av\u00eds legal<\/a><\/li><li class=\"wp-block-pages-list__item wp-block-navigation-item open-on-hover-click\"><a class=\"wp-block-pages-list__item__link wp-block-navigation-item__content\" href=\"https:\/\/jansametal.com\/ca\/calcul-unions-estructures-metalliques\/\">C\u00e0lcul d&#8217;unions<\/a><\/li><li class=\"wp-block-pages-list__item wp-block-navigation-item open-on-hover-click\"><a class=\"wp-block-pages-list__item__link wp-block-navigation-item__content\" href=\"https:\/\/jansametal.com\/ca\/calcul-estructural\/\">C\u00e0lcul estructural<\/a><\/li><li class=\"wp-block-pages-list__item wp-block-navigation-item open-on-hover-click\"><a class=\"wp-block-pages-list__item__link wp-block-navigation-item__content\" href=\"https:\/\/jansametal.com\/ca\/calcul-resistencia-al-foc\/\">C\u00e0lcul Resist\u00e8ncia al Foc<\/a><\/li><li class=\"wp-block-pages-list__item wp-block-navigation-item open-on-hover-click\"><a class=\"wp-block-pages-list__item__link wp-block-navigation-item__content\" href=\"https:\/\/jansametal.com\/ca\/com-es-el-teu-projecte\/\">Com \u00e9s el teu projecte?<\/a><\/li><li class=\"wp-block-pages-list__item wp-block-navigation-item open-on-hover-click\"><a class=\"wp-block-pages-list__item__link wp-block-navigation-item__content\" href=\"https:\/\/jansametal.com\/ca\/comercial-i-retail\/\">Comercial i retail<\/a><\/li><li class=\"wp-block-pages-list__item wp-block-navigation-item open-on-hover-click\"><a class=\"wp-block-pages-list__item__link wp-block-navigation-item__content\" href=\"https:\/\/jansametal.com\/ca\/contacte\/\">Contacte<\/a><\/li><li class=\"wp-block-pages-list__item wp-block-navigation-item open-on-hover-click\"><a class=\"wp-block-pages-list__item__link wp-block-navigation-item__content\" href=\"https:\/\/jansametal.com\/ca\/corporatiu-i-oficines-tecniques\/\">Corporatiu i Oficines T\u00e8cniques<\/a><\/li><li class=\"wp-block-pages-list__item wp-block-navigation-item open-on-hover-click\"><a class=\"wp-block-pages-list__item__link wp-block-navigation-item__content\" href=\"https:\/\/jansametal.com\/ca\/educacio-i-salut\/\">Educaci\u00f3 i Salut<\/a><\/li><li class=\"wp-block-pages-list__item wp-block-navigation-item open-on-hover-click\"><a class=\"wp-block-pages-list__item__link wp-block-navigation-item__content\" href=\"https:\/\/jansametal.com\/ca\/enginyeria-i-disseny\/\">Enginyeria i disseny<\/a><\/li><li class=\"wp-block-pages-list__item wp-block-navigation-item open-on-hover-click\"><a class=\"wp-block-pages-list__item__link wp-block-navigation-item__content\" href=\"https:\/\/jansametal.com\/ca\/galvanitzat-en-calent\/\">Galvanitzat en calent<\/a><\/li><li class=\"wp-block-pages-list__item wp-block-navigation-item open-on-hover-click\"><a class=\"wp-block-pages-list__item__link wp-block-navigation-item__content\" href=\"https:\/\/jansametal.com\/ca\/granallat\/\">granallat<\/a><\/li><li class=\"wp-block-pages-list__item wp-block-navigation-item open-on-hover-click menu-item-home\"><a class=\"wp-block-pages-list__item__link wp-block-navigation-item__content\" href=\"https:\/\/jansametal.com\/ca\/\">Home<\/a><\/li><li class=\"wp-block-pages-list__item wp-block-navigation-item open-on-hover-click\"><a class=\"wp-block-pages-list__item__link wp-block-navigation-item__content\" href=\"https:\/\/jansametal.com\/ca\/hostaleria-i-oci\/\">Hostaleria i Oci<\/a><\/li><li class=\"wp-block-pages-list__item wp-block-navigation-item open-on-hover-click\"><a class=\"wp-block-pages-list__item__link wp-block-navigation-item__content\" href=\"https:\/\/jansametal.com\/ca\/industria-i-logistica\/\">Ind\u00fastria i Log\u00edstica<\/a><\/li><li class=\"wp-block-pages-list__item wp-block-navigation-item open-on-hover-click\"><a class=\"wp-block-pages-list__item__link wp-block-navigation-item__content\" href=\"https:\/\/jansametal.com\/ca\/informacio-sobre-projectes\/\">Informaci\u00f3 sobre projectes<\/a><\/li><li class=\"wp-block-pages-list__item wp-block-navigation-item open-on-hover-click\"><a class=\"wp-block-pages-list__item__link wp-block-navigation-item__content\" href=\"https:\/\/jansametal.com\/ca\/infraestructura-especialitzada\/\">Infraestructura Especialitzada<\/a><\/li><li class=\"wp-block-pages-list__item wp-block-navigation-item open-on-hover-click\"><a class=\"wp-block-pages-list__item__link wp-block-navigation-item__content\" href=\"https:\/\/jansametal.com\/ca\/jansbeam\/\">JANSBEAM<\/a><\/li><li class=\"wp-block-pages-list__item wp-block-navigation-item open-on-hover-click\"><a class=\"wp-block-pages-list__item__link wp-block-navigation-item__content\" href=\"https:\/\/jansametal.com\/ca\/jansbuild\/\">JANSBUILD<\/a><\/li><li class=\"wp-block-pages-list__item wp-block-navigation-item open-on-hover-click\"><a class=\"wp-block-pages-list__item__link wp-block-navigation-item__content\" href=\"https:\/\/jansametal.com\/ca\/janshouse\/\">JANSHOUSE<\/a><\/li><li class=\"wp-block-pages-list__item wp-block-navigation-item open-on-hover-click\"><a class=\"wp-block-pages-list__item__link wp-block-navigation-item__content\" href=\"https:\/\/jansametal.com\/ca\/janspan\/\">JANSPAN<\/a><\/li><li class=\"wp-block-pages-list__item wp-block-navigation-item open-on-hover-click\"><a class=\"wp-block-pages-list__item__link wp-block-navigation-item__content\" href=\"https:\/\/jansametal.com\/ca\/janstil\/\">JANSTIL<\/a><\/li><li class=\"wp-block-pages-list__item wp-block-navigation-item open-on-hover-click\"><a class=\"wp-block-pages-list__item__link wp-block-navigation-item__content\" href=\"https:\/\/jansametal.com\/ca\/empresa-estructures-metalliques\/\">L&#8217;empresa<\/a><\/li><li class=\"wp-block-pages-list__item wp-block-navigation-item open-on-hover-click\"><a class=\"wp-block-pages-list__item__link wp-block-navigation-item__content\" href=\"https:\/\/jansametal.com\/ca\/laser-cn\/\">L\u00e0ser CN<\/a><\/li><li class=\"wp-block-pages-list__item wp-block-navigation-item open-on-hover-click\"><a class=\"wp-block-pages-list__item__link wp-block-navigation-item__content\" href=\"https:\/\/jansametal.com\/ca\/mapa-web\/\">Mapa web<\/a><\/li><li class=\"wp-block-pages-list__item wp-block-navigation-item open-on-hover-click\"><a class=\"wp-block-pages-list__item__link wp-block-navigation-item__content\" href=\"https:\/\/jansametal.com\/ca\/marquesinas-parking-fotovoltaicas\/\">Marquesines p\u00e0rquing<\/a><\/li><li class=\"wp-block-pages-list__item wp-block-navigation-item open-on-hover-click\"><a class=\"wp-block-pages-list__item__link wp-block-navigation-item__content\" href=\"https:\/\/jansametal.com\/ca\/model-ifc-3d-per-a-muntatge\/\">Model IFC 3D per a muntatge<\/a><\/li><li class=\"wp-block-pages-list__item wp-block-navigation-item open-on-hover-click\"><a class=\"wp-block-pages-list__item__link wp-block-navigation-item__content\" href=\"https:\/\/jansametal.com\/ca\/parts-duna-estructura-metallica\/\">Parts d&#8217;una estructura met\u00e0l\u00b7lica<\/a><\/li><li class=\"wp-block-pages-list__item wp-block-navigation-item open-on-hover-click\"><a class=\"wp-block-pages-list__item__link wp-block-navigation-item__content\" href=\"https:\/\/jansametal.com\/ca\/plataformes-mobils\/\">Plataformes m\u00f2bils<\/a><\/li><li class=\"wp-block-pages-list__item wp-block-navigation-item open-on-hover-click\"><a class=\"wp-block-pages-list__item__link wp-block-navigation-item__content\" href=\"https:\/\/jansametal.com\/ca\/politica-de-cookies\/\">Pol\u00edtica de cookies<\/a><\/li><li class=\"wp-block-pages-list__item wp-block-navigation-item open-on-hover-click\"><a class=\"wp-block-pages-list__item__link wp-block-navigation-item__content\" href=\"https:\/\/jansametal.com\/ca\/politica-de-privacitat\/\">Pol\u00edtica de privacitat<\/a><\/li><li class=\"wp-block-pages-list__item wp-block-navigation-item open-on-hover-click\"><a class=\"wp-block-pages-list__item__link wp-block-navigation-item__content\" href=\"https:\/\/jansametal.com\/ca\/proces-jansa\/\">Proc\u00e9s Jansa<\/a><\/li><li class=\"wp-block-pages-list__item wp-block-navigation-item open-on-hover-click\"><a class=\"wp-block-pages-list__item__link wp-block-navigation-item__content\" href=\"https:\/\/jansametal.com\/ca\/productes\/\">Productes<\/a><\/li><li class=\"wp-block-pages-list__item wp-block-navigation-item open-on-hover-click\"><a class=\"wp-block-pages-list__item__link wp-block-navigation-item__content\" href=\"https:\/\/jansametal.com\/ca\/productes-2\/\">Productes<\/a><\/li><li class=\"wp-block-pages-list__item wp-block-navigation-item open-on-hover-click\"><a class=\"wp-block-pages-list__item__link wp-block-navigation-item__content\" href=\"https:\/\/jansametal.com\/ca\/projecte-executiu\/\">Projecte executiu<\/a><\/li><li class=\"wp-block-pages-list__item wp-block-navigation-item open-on-hover-click\"><a class=\"wp-block-pages-list__item__link wp-block-navigation-item__content\" href=\"https:\/\/jansametal.com\/ca\/projectes\/\">Projectes<\/a><\/li><li class=\"wp-block-pages-list__item wp-block-navigation-item open-on-hover-click\"><a class=\"wp-block-pages-list__item__link wp-block-navigation-item__content\" href=\"https:\/\/jansametal.com\/ca\/projectes-a-mesura\/\">Projectes a Mesura<\/a><\/li><li class=\"wp-block-pages-list__item wp-block-navigation-item open-on-hover-click\"><a class=\"wp-block-pages-list__item__link wp-block-navigation-item__content\" href=\"https:\/\/jansametal.com\/ca\/proteccio-contra-incendis\/\">Protecci\u00f3 contra incendis<\/a><\/li><li class=\"wp-block-pages-list__item wp-block-navigation-item open-on-hover-click\"><a class=\"wp-block-pages-list__item__link wp-block-navigation-item__content\" href=\"https:\/\/jansametal.com\/ca\/recursos\/\">Recursos<\/a><\/li><li class=\"wp-block-pages-list__item wp-block-navigation-item open-on-hover-click\"><a class=\"wp-block-pages-list__item__link wp-block-navigation-item__content\" href=\"https:\/\/jansametal.com\/ca\/render-ifcrender-ifc\/\">Render IFC<\/a><\/li><li class=\"wp-block-pages-list__item wp-block-navigation-item open-on-hover-click\"><a class=\"wp-block-pages-list__item__link wp-block-navigation-item__content\" href=\"https:\/\/jansametal.com\/ca\/renders-y-videos\/\">Renders y v\u00eddeos<\/a><\/li><li class=\"wp-block-pages-list__item wp-block-navigation-item open-on-hover-click\"><a class=\"wp-block-pages-list__item__link wp-block-navigation-item__content\" href=\"https:\/\/jansametal.com\/ca\/residencial-i-promocio-immobiliaria\/\">Residencial i Promoci\u00f3 Immobili\u00e0ria<\/a><\/li><li class=\"wp-block-pages-list__item wp-block-navigation-item open-on-hover-click\"><a class=\"wp-block-pages-list__item__link wp-block-navigation-item__content\" href=\"https:\/\/jansametal.com\/ca\/schemplan\/\">Schemplan<\/a><\/li><li class=\"wp-block-pages-list__item wp-block-navigation-item open-on-hover-click\"><a class=\"wp-block-pages-list__item__link wp-block-navigation-item__content\" href=\"https:\/\/jansametal.com\/ca\/servei-pintura\/\">Servei Pintura<\/a><\/li><li class=\"wp-block-pages-list__item wp-block-navigation-item open-on-hover-click\"><a class=\"wp-block-pages-list__item__link wp-block-navigation-item__content\" href=\"https:\/\/jansametal.com\/ca\/serveis\/\">Serveis<\/a><\/li><li class=\"wp-block-pages-list__item wp-block-navigation-item open-on-hover-click\"><a class=\"wp-block-pages-list__item__link wp-block-navigation-item__content\" href=\"https:\/\/jansametal.com\/ca\/sheeting\/\">Sheeting<\/a><\/li><li class=\"wp-block-pages-list__item wp-block-navigation-item open-on-hover-click\"><a class=\"wp-block-pages-list__item__link wp-block-navigation-item__content\" href=\"https:\/\/jansametal.com\/ca\/soldadura\/\">Soldadura<\/a><\/li><li class=\"wp-block-pages-list__item wp-block-navigation-item open-on-hover-click\"><a class=\"wp-block-pages-list__item__link wp-block-navigation-item__content\" href=\"https:\/\/jansametal.com\/ca\/solucions\/\">Solucions<\/a><\/li><li class=\"wp-block-pages-list__item wp-block-navigation-item open-on-hover-click\"><a class=\"wp-block-pages-list__item__link wp-block-navigation-item__content\" href=\"https:\/\/jansametal.com\/ca\/corte-cnc-chapa\/\">Tall Chapa CN<\/a><\/li><li class=\"wp-block-pages-list__item wp-block-navigation-item open-on-hover-click\"><a class=\"wp-block-pages-list__item__link wp-block-navigation-item__content\" href=\"https:\/\/jansametal.com\/ca\/corte-plasma-cnc\/\">Tall Plasma CN<\/a><\/li><li class=\"wp-block-pages-list__item wp-block-navigation-item open-on-hover-click\"><a class=\"wp-block-pages-list__item__link wp-block-navigation-item__content\" href=\"https:\/\/jansametal.com\/ca\/tancaments\/\">Tancaments<\/a><\/li><li class=\"wp-block-pages-list__item wp-block-navigation-item open-on-hover-click\"><a class=\"wp-block-pages-list__item__link wp-block-navigation-item__content\" href=\"https:\/\/jansametal.com\/ca\/area-privada\/\">\u00c0rea Privada<\/a><\/li><\/ul><\/ul>\n\t\t\t\t\t\t\t<\/div>\n\t\t\t\t\t\t<\/div>\n\t\t\t\t\t<\/div>\n\t\t\t\t<\/div><\/nav><\/div>\n<\/div><\/div>\n","protected":false},"excerpt":{"rendered":"<p>Mapa web AQUEST MAPA S&#8217;HA D&#8217;ACTUALITZAR QUAN S&#8217;OBRI LA P\u00c0GINA No troba el que est\u00e0 buscant? Si necessita trobar un contingut especialment, per\u00f2 no aconsegueix arribar a ell navegant per la p\u00e0gina web, ho trobar\u00e0 en aquesta llista.<\/p>\n","protected":false},"author":1,"featured_media":0,"parent":0,"menu_order":0,"comment_status":"closed","ping_status":"closed","template":"","meta":{"_uag_custom_page_level_css":"","site-sidebar-layout":"default","site-content-layout":"","ast-site-content-layout":"default","site-content-style":"default","site-sidebar-style":"default","ast-global-header-display":"","ast-banner-title-visibility":"","ast-main-header-display":"","ast-hfb-above-header-display":"","ast-hfb-below-header-display":"","ast-hfb-mobile-header-display":"","site-post-title":"","ast-breadcrumbs-content":"","ast-featured-img":"","footer-sml-layout":"","ast-disable-related-posts":"","theme-transparent-header-meta":"","adv-header-id-meta":"","stick-header-meta":"","header-above-stick-meta":"","header-main-stick-meta":"","header-below-stick-meta":"","astra-migrate-meta-layouts":"default","ast-page-background-enabled":"default","ast-page-background-meta":{"desktop":{"background-color":"var(--ast-global-color-4)","background-image":"","background-repeat":"repeat","background-position":"center center","background-size":"auto","background-attachment":"scroll","background-type":"","background-media":"","overlay-type":"","overlay-color":"","overlay-opacity":"","overlay-gradient":""},"tablet":{"background-color":"","background-image":"","background-repeat":"repeat","background-position":"center center","background-size":"auto","background-attachment":"scroll","background-type":"","background-media":"","overlay-type":"","overlay-color":"","overlay-opacity":"","overlay-gradient":""},"mobile":{"background-color":"","background-image":"","background-repeat":"repeat","background-position":"center center","background-size":"auto","background-attachment":"scroll","background-type":"","background-media":"","overlay-type":"","overlay-color":"","overlay-opacity":"","overlay-gradient":""}},"ast-content-background-meta":{"desktop":{"background-color":"var(--ast-global-color-5)","background-image":"","background-repeat":"repeat","background-position":"center center","background-size":"auto","background-attachment":"scroll","background-type":"","background-media":"","overlay-type":"","overlay-color":"","overlay-opacity":"","overlay-gradient":""},"tablet":{"background-color":"var(--ast-global-color-5)","background-image":"","background-repeat":"repeat","background-position":"center center","background-size":"auto","background-attachment":"scroll","background-type":"","background-media":"","overlay-type":"","overlay-color":"","overlay-opacity":"","overlay-gradient":""},"mobile":{"background-color":"var(--ast-global-color-5)","background-image":"","background-repeat":"repeat","background-position":"center center","background-size":"auto","background-attachment":"scroll","background-type":"","background-media":"","overlay-type":"","overlay-color":"","overlay-opacity":"","overlay-gradient":""}},"footnotes":""},"class_list":["post-11015","page","type-page","status-publish","hentry"],"spectra_custom_meta":{"_wpml_media_duplicate":["1"],"_wpml_media_featured":["1"],"adv-header-id-meta":[""],"stick-header-meta":[""],"theme-transparent-header-meta":[""],"ast-site-content-layout":["default"],"_top_nav_excluded":[""],"_cms_nav_minihome":[""],"_last_translation_edit_mode":["translation-editor"],"rank_math_internal_links_processed":["1"],"_uag_css_file_name":["uag-css-11015.css"],"_uag_js_file_name":["uag-js-11015.js"],"rank_math_analytic_object_id":["65"]},"uagb_featured_image_src":{"full":false,"thumbnail":false,"medium":false,"medium_large":false,"large":false,"1536x1536":false,"2048x2048":false,"wpca-thumb":false},"uagb_author_info":{"display_name":"admin","author_link":"https:\/\/jansametal.com\/ca\/author\/anjo\/"},"uagb_comment_info":0,"uagb_excerpt":"Mapa web AQUEST MAPA S&#8217;HA D&#8217;ACTUALITZAR QUAN S&#8217;OBRI LA P\u00c0GINA No troba el que est\u00e0 buscant? Si necessita trobar un contingut especialment, per\u00f2 no aconsegueix arribar a ell navegant per la p\u00e0gina web, ho trobar\u00e0 en aquesta llista.","_links":{"self":[{"href":"https:\/\/jansametal.com\/ca\/wp-json\/wp\/v2\/pages\/11015","targetHints":{"allow":["GET"]}}],"collection":[{"href":"https:\/\/jansametal.com\/ca\/wp-json\/wp\/v2\/pages"}],"about":[{"href":"https:\/\/jansametal.com\/ca\/wp-json\/wp\/v2\/types\/page"}],"author":[{"embeddable":true,"href":"https:\/\/jansametal.com\/ca\/wp-json\/wp\/v2\/users\/1"}],"replies":[{"embeddable":true,"href":"https:\/\/jansametal.com\/ca\/wp-json\/wp\/v2\/comments?post=11015"}],"version-history":[{"count":0,"href":"https:\/\/jansametal.com\/ca\/wp-json\/wp\/v2\/pages\/11015\/revisions"}],"wp:attachment":[{"href":"https:\/\/jansametal.com\/ca\/wp-json\/wp\/v2\/media?parent=11015"}],"curies":[{"name":"wp","href":"https:\/\/api.w.org\/{rel}","templated":true}]}}