{"id":11021,"date":"2024-08-13T10:25:11","date_gmt":"2024-08-13T08:25:11","guid":{"rendered":"https:\/\/jansa.serveistic.com\/parts-duna-estructura-metallica\/"},"modified":"2026-02-16T13:32:13","modified_gmt":"2026-02-16T12:32:13","slug":"parts-duna-estructura-metallica","status":"publish","type":"page","link":"https:\/\/jansametal.com\/ca\/parts-duna-estructura-metallica\/","title":{"rendered":"Parts d&#8217;una estructura met\u00e0l\u00b7lica"},"content":{"rendered":"\n<div class=\"wp-block-uagb-container uagb-block-b0eb9b5b alignfull uagb-is-root-container\">\n<div class=\"wp-block-uagb-advanced-heading uagb-block-2ca0115e\"><h1 class=\"uagb-heading-text\">Detalls d&#8217;edificis<\/h1><\/div>\n<\/div>\n\n\n\n<div class=\"wp-block-uagb-container uagb-block-059a06ca alignfull uagb-is-root-container\"><div class=\"uagb-container-inner-blocks-wrap\">\n<h2 class=\"wp-block-heading has-text-align-center has-medium-font-size\" style=\"margin-top:80px\">Parts d&#8217;una <\/h2>\n\n\n\n<p class=\"has-text-align-center has-ast-global-color-0-color has-text-color has-link-color has-large-font-size wp-elements-125b87031ca223069b8da091a4622a40\" style=\"margin-top:-20px\"><strong>ESTRUCTURA MET\u00c0L\u00b7LICA<\/strong><\/p>\n\n\n\n<p class=\"has-text-align-center\" style=\"padding-right:20px;padding-left:20px\">Passa el ratol\u00ed per la imatge i descobreix, part per part, els elements que fan possible qualsevol construcci\u00f3.<br>Des de pilars i bigues fins a arriostramientos, cada pe\u00e7a compleix una funci\u00f3 clau en l&#8217;estabilitat i el muntatge.<\/p>\n<\/div><\/div>\n\n\n\n<div class=\"wp-block-uagb-container uagb-block-4d384c7b alignfull uagb-is-root-container\"><div><div id=\"image-map-pro-52d0665d-b5a0-4cdc-a6d4-03033bf6abc6\"><\/div><\/div>\n<\/div>\n\n\n\n<div class=\"wp-block-uagb-container uagb-block-01a5eb8e alignfull uagb-is-root-container\"><div class=\"uagb-container-inner-blocks-wrap\">\n<div class=\"wp-block-uagb-container uagb-block-a6b1f9db\">\n<div class=\"wp-block-uagb-container uagb-block-3b8ab2e1\">\n<h2 class=\"wp-block-heading\"><strong>Llest per al Primer Pas?<\/strong> Contacta&#8217;ns!<\/h2>\n\n\n\n<p>Cada gran projecte comen\u00e7a amb una conversa. <strong>Posa&#8217;t en contacte amb nosaltres<\/strong>, i descobreix com podem portar la teva idea a la realitat, amb estructures met\u00e0l\u00b7liques que s\u00f3n tan s\u00f2lides com les teves expectatives.<\/p>\n<\/div>\n<\/div>\n\n\n\n<div class=\"wp-block-uagb-container uagb-block-b0aef8d0\">\n<div class=\"wp-block-uagb-forms uagb-forms__outer-wrap uagb-block-4ee3fadf uagb-forms__medium-btn\"><form class=\"uagb-forms-main-form\" method=\"post\" autocomplete=\"on\" name=\"uagb-form-4ee3fadf\">\n\n<div class=\"wp-block-uagb-forms-name uagb-forms-name-wrap uagb-forms-field-set uagb-block-90bbfcee\"><div class=\"uagb-forms-name-label required uagb-forms-input-label\" id=\"90bbfcee\">Nom<\/div><input type=\"text\" placeholder=\"Nom\" required=\"\" class=\"uagb-forms-name-input uagb-forms-input\" name=\"90bbfcee\" autocomplete=\"given-name\"><\/div>\n\n\n<div class=\"wp-block-uagb-forms-name uagb-forms-name-wrap uagb-forms-field-set uagb-block-96bea07b\"><div class=\"uagb-forms-name-label required uagb-forms-input-label\" id=\"96bea07b\">Cognoms<\/div><input type=\"text\" placeholder=\"Cognoms\" required=\"\" class=\"uagb-forms-name-input uagb-forms-input\" name=\"96bea07b\" autocomplete=\"family-name\"><\/div>\n\n\n<div class=\"wp-block-uagb-forms-email uagb-forms-email-wrap uagb-forms-field-set uagb-block-dad1582c\"><div class=\"uagb-forms-email-label required uagb-forms-input-label\" id=\"dad1582c\">Email<\/div><input type=\"email\" class=\"uagb-forms-email-input uagb-forms-input\" placeholder=\"direcci\u00f3@correu.com\" required=\"\" name=\"dad1582c\" autocomplete=\"email\"><\/div>\n\n\n<div class=\"wp-block-uagb-forms-name uagb-forms-name-wrap uagb-forms-field-set uagb-block-9747de54\"><div class=\"uagb-forms-name-label uagb-forms-input-label\" id=\"9747de54\">Tel\u00e8fon<\/div><input type=\"text\" placeholder=\"+34 xxx xxx xxx\" class=\"uagb-forms-name-input uagb-forms-input\" name=\"9747de54\" autocomplete=\"name\"><\/div>\n\n\n<div class=\"wp-block-uagb-forms-textarea uagb-forms-textarea-wrap uagb-forms-field-set uagb-block-2a20ef2e\"><div class=\"uagb-forms-textarea-label required uagb-forms-input-label\" id=\"2a20ef2e\">Missatge<\/div><textarea required=\"\" class=\"uagb-forms-textarea-input uagb-forms-input\" rows=\"4\" placeholder=\"Resumeix el teu projecte aqu\u00ed :)\" name=\"2a20ef2e\" autocomplete=\"off\"><\/textarea><\/div>\n\n<div class=\"uagb-forms-form-hidden-data\"><input type=\"hidden\" class=\"uagb_forms_form_label\" value=\"Formulario de informaci\u00f3n Home\"\/><input type=\"hidden\" class=\"uagb_forms_form_id\" value=\"uagb-form-4ee3fadf\"\/><\/div><div class=\"uagb-form-reacaptcha-error-4ee3fadf\"><\/div><div class=\"uagb-forms-main-submit-button-wrap wp-block-button\"><button class=\"uagb-forms-main-submit-button wp-block-button__link\"><div class=\"uagb-forms-main-submit-button-text\">Enviar<\/div><\/button><\/div><\/form><div class=\"uagb-forms-success-message-4ee3fadf uagb-forms-submit-message-hide\"><span>The form has been submitted successfully!<\/span><\/div><div class=\"uagb-forms-failed-message-4ee3fadf uagb-forms-submit-message-hide\"><span>There has been some error while submitting the form. Please verify all form fields again.<\/span><\/div><\/div>\n<\/div>\n<\/div><\/div>\n\n\n\n<div class=\"wp-block-uagb-container uagb-block-e4be775b alignfull uagb-is-root-container\"><div class=\"uagb-container-inner-blocks-wrap\">\n<div class=\"wp-block-uagb-container uagb-block-9a4bad7b\">\n<div class=\"wp-block-uagb-info-box uagb-block-639134ac uagb-infobox__content-wrap  uagb-infobox_cta-type-all uagb-infobox-icon-left uagb-infobox-left uagb-infobox-stacked-mobile uagb-infobox-image-valign-top wp-block-uagb-info-box--has-margin\"><div class=\"uagb-infobox-margin-wrapper\"><a href=\"https:\/\/jansametal.com\/ca\/category\/blog\/\" class=\"uagb-infobox-link-wrap uagb-infbox__link-to-all\" target=\"_self\" aria-label=\"Infobox Link\" rel=\"noopener noreferrer\" onclick=\"return true;\"><\/a><div class=\"uagb-ifb-icon-wrap\"><div class=\"uagb-iconbox-icon-wrap uagb-infobox-shape-circle\"><svg xmlns=\"https:\/\/www.w3.org\/2000\/svg\" viewBox=\"0 0 512 512\"><path d=\"M217.6 96.1c-12.95-.625-24.66 9.156-25.52 22.37C191.2 131.7 201.2 143.1 214.4 143.1c79.53 5.188 148.4 74.09 153.6 153.6c.8281 12.69 11.39 22.43 23.94 22.43c.5156 0 1.047-.0313 1.578-.0625c13.22-.8438 23.25-12.28 22.39-25.5C409.3 191.8 320.3 102.8 217.6 96.1zM224 0C206.3 0 192 14.31 192 32s14.33 32 32 32c123.5 0 224 100.5 224 224c0 17.69 14.33 32 32 32s32-14.31 32-32C512 129.2 382.8 0 224 0zM172.3 226.8C157.7 223.9 144 235.8 144 250.6v50.37c0 10.25 7.127 18.37 16.75 21.1c18.13 6.75 31.26 24.38 31.26 44.1c0 26.5-21.5 47.1-48.01 47.1c-26.5 0-48.01-21.5-48.01-47.1V120c0-13.25-10.75-23.1-24.01-23.1l-48.01 .0076C10.75 96.02 0 106.8 0 120v247.1c0 89.5 82.14 160.2 175 140.7c54.38-11.5 98.27-55.5 109.8-109.7C302.2 316.1 247.8 241.8 172.3 226.8z\"><\/path><\/svg><\/div><\/div><div class=\"uagb-ifb-content\"><div class=\"uagb-ifb-title-wrap\"><h3 class=\"uagb-ifb-title\">Blog de Jansa Metal<\/h3><\/div><p class=\"uagb-ifb-desc\">Publicacions d&#8217;inter\u00e8s relacionades amb la construcci\u00f3 d&#8217;edificis amb estructura met\u00e0l\u00b7lica.<\/p><div class=\"uagb-ifb-button-wrapper wp-block-button\"><\/div><\/div><\/div><\/div>\n\n\n\n<div class=\"wp-block-uagb-info-box uagb-block-14f4c019 uagb-infobox__content-wrap  uagb-infobox_cta-type-all uagb-infobox-icon-left uagb-infobox-left uagb-infobox-stacked-mobile uagb-infobox-image-valign-top wp-block-uagb-info-box--has-margin\"><div class=\"uagb-infobox-margin-wrapper\"><a href=\"#\" class=\"uagb-infobox-link-wrap uagb-infbox__link-to-all\" target=\"_self\" aria-label=\"Infobox Link\" rel=\"noopener noreferrer\" onclick=\"return false;\"><\/a><div class=\"uagb-ifb-icon-wrap\"><div class=\"uagb-iconbox-icon-wrap uagb-infobox-shape-circle\"><svg xmlns=\"https:\/\/www.w3.org\/2000\/svg\" viewBox=\"0 0 448 512\"><path d=\"M448 336v-288C448 21.49 426.5 0 400 0H96C42.98 0 0 42.98 0 96v320c0 53.02 42.98 96 96 96h320c17.67 0 32-14.33 32-31.1c0-11.72-6.607-21.52-16-27.1v-81.36C441.8 362.8 448 350.2 448 336zM143.1 128h192C344.8 128 352 135.2 352 144C352 152.8 344.8 160 336 160H143.1C135.2 160 128 152.8 128 144C128 135.2 135.2 128 143.1 128zM143.1 192h192C344.8 192 352 199.2 352 208C352 216.8 344.8 224 336 224H143.1C135.2 224 128 216.8 128 208C128 199.2 135.2 192 143.1 192zM384 448H96c-17.67 0-32-14.33-32-32c0-17.67 14.33-32 32-32h288V448z\"><\/path><\/svg><\/div><\/div><div class=\"uagb-ifb-content\"><div class=\"uagb-ifb-title-wrap\"><h3 class=\"uagb-ifb-title\">Manuals<\/h3><\/div><p class=\"uagb-ifb-desc\">Manuals d\u00fas i manteniment dels components.<\/p><div class=\"uagb-ifb-button-wrapper wp-block-button\"><\/div><\/div><\/div><\/div>\n<\/div>\n\n\n\n<div class=\"wp-block-uagb-container uagb-block-5807f0db\">\n<div class=\"wp-block-uagb-info-box uagb-block-e09bad92 uagb-infobox__content-wrap  uagb-infobox_cta-type-all uagb-infobox-icon-left uagb-infobox-left uagb-infobox-stacked-mobile uagb-infobox-image-valign-top wp-block-uagb-info-box--has-margin\"><div class=\"uagb-infobox-margin-wrapper\"><a href=\"https:\/\/jansametal.com\/ca\/renders-y-videos\/\" class=\"uagb-infobox-link-wrap uagb-infbox__link-to-all\" target=\"_self\" aria-label=\"Infobox Link\" rel=\"noopener noreferrer\" onclick=\"return true;\"><\/a><div class=\"uagb-ifb-icon-wrap\"><div class=\"uagb-iconbox-icon-wrap uagb-infobox-shape-circle\"><svg xmlns=\"https:\/\/www.w3.org\/2000\/svg\" viewBox=\"0 0 576 512\"><path d=\"M384 112v288c0 26.51-21.49 48-48 48h-288c-26.51 0-48-21.49-48-48v-288c0-26.51 21.49-48 48-48h288C362.5 64 384 85.49 384 112zM576 127.5v256.9c0 25.5-29.17 40.39-50.39 25.79L416 334.7V177.3l109.6-75.56C546.9 87.13 576 102.1 576 127.5z\"><\/path><\/svg><\/div><\/div><div class=\"uagb-ifb-content\"><div class=\"uagb-ifb-title-wrap\"><h3 class=\"uagb-ifb-title\">V\u00eddeos<\/h3><\/div><p class=\"uagb-ifb-desc\">V\u00eddeos y renderizaciones de proyectos de construcci\u00f3n con estructura met\u00e1lica.<br><br><br><br><\/p><div class=\"uagb-ifb-button-wrapper wp-block-button\"><\/div><\/div><\/div><\/div>\n<\/div>\n<\/div><\/div>\n","protected":false},"excerpt":{"rendered":"<p>Detalls d&#8217;edificis Parts d&#8217;una ESTRUCTURA MET\u00c0L\u00b7LICA Passa el ratol\u00ed per la imatge i descobreix, part per part, els elements que fan possible qualsevol construcci\u00f3.Des de pilars i bigues fins a arriostramientos, cada pe\u00e7a compleix una funci\u00f3 clau en l&#8217;estabilitat i el muntatge. Llest per al Primer Pas? Contacta&#8217;ns! Cada gran projecte comen\u00e7a amb una conversa. [&hellip;]<\/p>\n","protected":false},"author":1,"featured_media":0,"parent":0,"menu_order":0,"comment_status":"closed","ping_status":"closed","template":"","meta":{"_uag_custom_page_level_css":"","site-sidebar-layout":"no-sidebar","site-content-layout":"plain-container","ast-site-content-layout":"normal-width-container","site-content-style":"unboxed","site-sidebar-style":"unboxed","ast-global-header-display":"","ast-banner-title-visibility":"","ast-main-header-display":"","ast-hfb-above-header-display":"","ast-hfb-below-header-display":"","ast-hfb-mobile-header-display":"","site-post-title":"disabled","ast-breadcrumbs-content":"","ast-featured-img":"disabled","footer-sml-layout":"","ast-disable-related-posts":"","theme-transparent-header-meta":"enabled","adv-header-id-meta":"","stick-header-meta":"","header-above-stick-meta":"","header-main-stick-meta":"","header-below-stick-meta":"","astra-migrate-meta-layouts":"set","ast-page-background-enabled":"default","ast-page-background-meta":{"desktop":{"background-color":"var(--ast-global-color-4)","background-image":"","background-repeat":"repeat","background-position":"center center","background-size":"auto","background-attachment":"scroll","background-type":"","background-media":"","overlay-type":"","overlay-color":"","overlay-opacity":"","overlay-gradient":""},"tablet":{"background-color":"","background-image":"","background-repeat":"repeat","background-position":"center center","background-size":"auto","background-attachment":"scroll","background-type":"","background-media":"","overlay-type":"","overlay-color":"","overlay-opacity":"","overlay-gradient":""},"mobile":{"background-color":"","background-image":"","background-repeat":"repeat","background-position":"center center","background-size":"auto","background-attachment":"scroll","background-type":"","background-media":"","overlay-type":"","overlay-color":"","overlay-opacity":"","overlay-gradient":""}},"ast-content-background-meta":{"desktop":{"background-color":"var(--ast-global-color-5)","background-image":"","background-repeat":"repeat","background-position":"center center","background-size":"auto","background-attachment":"scroll","background-type":"","background-media":"","overlay-type":"","overlay-color":"","overlay-opacity":"","overlay-gradient":""},"tablet":{"background-color":"var(--ast-global-color-5)","background-image":"","background-repeat":"repeat","background-position":"center center","background-size":"auto","background-attachment":"scroll","background-type":"","background-media":"","overlay-type":"","overlay-color":"","overlay-opacity":"","overlay-gradient":""},"mobile":{"background-color":"var(--ast-global-color-5)","background-image":"","background-repeat":"repeat","background-position":"center center","background-size":"auto","background-attachment":"scroll","background-type":"","background-media":"","overlay-type":"","overlay-color":"","overlay-opacity":"","overlay-gradient":""}},"footnotes":""},"class_list":["post-11021","page","type-page","status-publish","hentry"],"spectra_custom_meta":{"_wpml_media_duplicate":["1"],"_wpml_media_featured":["1"],"site-post-title":["disabled"],"site-sidebar-layout":["no-sidebar"],"site-content-layout":["plain-container"],"ast-featured-img":["disabled"],"theme-transparent-header-meta":["enabled"],"ast-site-content-layout":["normal-width-container"],"site-content-style":["unboxed"],"site-sidebar-style":["unboxed"],"_top_nav_excluded":[""],"_cms_nav_minihome":[""],"_last_translation_edit_mode":["native-editor"],"_wp_page_template":[""],"rank_math_internal_links_processed":["1"],"rank_math_title":["Parts duna estructura met\u00e0l\u00b7lica | Jansa Metal"],"rank_math_description":["Descobriu les parts d'una estructura met\u00e0l\u00b7lica i la funci\u00f3 de cada element en una nau industrial.\n"],"rank_math_focus_keyword":["parts d'una estructura met\u00e0l\u00b7lica"],"_wpml_word_count":["173"],"_edit_lock":["1771245187:6"],"rank_math_seo_score":["27"],"_uag_custom_page_level_css":[""],"ast-disable-related-posts":[""],"astra-migrate-meta-layouts":["set"],"ast-page-background-enabled":["default"],"ast-page-background-meta":["a:3:{s:7:\"desktop\";a:12:{s:16:\"background-color\";s:25:\"var(--ast-global-color-4)\";s:16:\"background-image\";s:0:\"\";s:17:\"background-repeat\";s:6:\"repeat\";s:19:\"background-position\";s:13:\"center center\";s:15:\"background-size\";s:4:\"auto\";s:21:\"background-attachment\";s:6:\"scroll\";s:15:\"background-type\";s:0:\"\";s:16:\"background-media\";s:0:\"\";s:12:\"overlay-type\";s:0:\"\";s:13:\"overlay-color\";s:0:\"\";s:15:\"overlay-opacity\";s:0:\"\";s:16:\"overlay-gradient\";s:0:\"\";}s:6:\"tablet\";a:12:{s:16:\"background-color\";s:0:\"\";s:16:\"background-image\";s:0:\"\";s:17:\"background-repeat\";s:6:\"repeat\";s:19:\"background-position\";s:13:\"center center\";s:15:\"background-size\";s:4:\"auto\";s:21:\"background-attachment\";s:6:\"scroll\";s:15:\"background-type\";s:0:\"\";s:16:\"background-media\";s:0:\"\";s:12:\"overlay-type\";s:0:\"\";s:13:\"overlay-color\";s:0:\"\";s:15:\"overlay-opacity\";s:0:\"\";s:16:\"overlay-gradient\";s:0:\"\";}s:6:\"mobile\";a:12:{s:16:\"background-color\";s:0:\"\";s:16:\"background-image\";s:0:\"\";s:17:\"background-repeat\";s:6:\"repeat\";s:19:\"background-position\";s:13:\"center center\";s:15:\"background-size\";s:4:\"auto\";s:21:\"background-attachment\";s:6:\"scroll\";s:15:\"background-type\";s:0:\"\";s:16:\"background-media\";s:0:\"\";s:12:\"overlay-type\";s:0:\"\";s:13:\"overlay-color\";s:0:\"\";s:15:\"overlay-opacity\";s:0:\"\";s:16:\"overlay-gradient\";s:0:\"\";}}"],"ast-content-background-meta":["a:3:{s:7:\"desktop\";a:12:{s:16:\"background-color\";s:25:\"var(--ast-global-color-5)\";s:16:\"background-image\";s:0:\"\";s:17:\"background-repeat\";s:6:\"repeat\";s:19:\"background-position\";s:13:\"center center\";s:15:\"background-size\";s:4:\"auto\";s:21:\"background-attachment\";s:6:\"scroll\";s:15:\"background-type\";s:0:\"\";s:16:\"background-media\";s:0:\"\";s:12:\"overlay-type\";s:0:\"\";s:13:\"overlay-color\";s:0:\"\";s:15:\"overlay-opacity\";s:0:\"\";s:16:\"overlay-gradient\";s:0:\"\";}s:6:\"tablet\";a:12:{s:16:\"background-color\";s:25:\"var(--ast-global-color-5)\";s:16:\"background-image\";s:0:\"\";s:17:\"background-repeat\";s:6:\"repeat\";s:19:\"background-position\";s:13:\"center center\";s:15:\"background-size\";s:4:\"auto\";s:21:\"background-attachment\";s:6:\"scroll\";s:15:\"background-type\";s:0:\"\";s:16:\"background-media\";s:0:\"\";s:12:\"overlay-type\";s:0:\"\";s:13:\"overlay-color\";s:0:\"\";s:15:\"overlay-opacity\";s:0:\"\";s:16:\"overlay-gradient\";s:0:\"\";}s:6:\"mobile\";a:12:{s:16:\"background-color\";s:25:\"var(--ast-global-color-5)\";s:16:\"background-image\";s:0:\"\";s:17:\"background-repeat\";s:6:\"repeat\";s:19:\"background-position\";s:13:\"center center\";s:15:\"background-size\";s:4:\"auto\";s:21:\"background-attachment\";s:6:\"scroll\";s:15:\"background-type\";s:0:\"\";s:16:\"background-media\";s:0:\"\";s:12:\"overlay-type\";s:0:\"\";s:13:\"overlay-color\";s:0:\"\";s:15:\"overlay-opacity\";s:0:\"\";s:16:\"overlay-gradient\";s:0:\"\";}}"],"footnotes":[""],"_edit_last":["6"],"_uag_css_file_name":["uag-css-11021.css"],"_uag_js_file_name":["uag-js-11021.js"],"rank_math_analytic_object_id":["184"]},"uagb_featured_image_src":{"full":false,"thumbnail":false,"medium":false,"medium_large":false,"large":false,"1536x1536":false,"2048x2048":false,"wpca-thumb":false},"uagb_author_info":{"display_name":"admin","author_link":"https:\/\/jansametal.com\/ca\/author\/anjo\/"},"uagb_comment_info":0,"uagb_excerpt":"Detalls d&#8217;edificis Parts d&#8217;una ESTRUCTURA MET\u00c0L\u00b7LICA Passa el ratol\u00ed per la imatge i descobreix, part per part, els elements que fan possible qualsevol construcci\u00f3.Des de pilars i bigues fins a arriostramientos, cada pe\u00e7a compleix una funci\u00f3 clau en l&#8217;estabilitat i el muntatge. Llest per al Primer Pas? Contacta&#8217;ns! Cada gran projecte comen\u00e7a amb una conversa.&hellip;","_links":{"self":[{"href":"https:\/\/jansametal.com\/ca\/wp-json\/wp\/v2\/pages\/11021","targetHints":{"allow":["GET"]}}],"collection":[{"href":"https:\/\/jansametal.com\/ca\/wp-json\/wp\/v2\/pages"}],"about":[{"href":"https:\/\/jansametal.com\/ca\/wp-json\/wp\/v2\/types\/page"}],"author":[{"embeddable":true,"href":"https:\/\/jansametal.com\/ca\/wp-json\/wp\/v2\/users\/1"}],"replies":[{"embeddable":true,"href":"https:\/\/jansametal.com\/ca\/wp-json\/wp\/v2\/comments?post=11021"}],"version-history":[{"count":2,"href":"https:\/\/jansametal.com\/ca\/wp-json\/wp\/v2\/pages\/11021\/revisions"}],"predecessor-version":[{"id":12780,"href":"https:\/\/jansametal.com\/ca\/wp-json\/wp\/v2\/pages\/11021\/revisions\/12780"}],"wp:attachment":[{"href":"https:\/\/jansametal.com\/ca\/wp-json\/wp\/v2\/media?parent=11021"}],"curies":[{"name":"wp","href":"https:\/\/api.w.org\/{rel}","templated":true}]}}