{"id":11025,"date":"2024-10-28T07:41:52","date_gmt":"2024-10-28T06:41:52","guid":{"rendered":"https:\/\/jansa.serveistic.com\/politica-de-cookies\/"},"modified":"2025-11-05T13:02:37","modified_gmt":"2025-11-05T12:02:37","slug":"politica-de-cookies","status":"publish","type":"page","link":"https:\/\/jansametal.com\/ca\/politica-de-cookies\/","title":{"rendered":"Pol\u00edtica de cookies"},"content":{"rendered":"\n<div class=\"wp-block-uagb-container uagb-block-218b8e1f alignfull uagb-is-root-container\"><div class=\"uagb-container-inner-blocks-wrap\">\n<h1 class=\"wp-block-heading\">Pol\u00edtica de cookies<\/h1>\n\n\n\n<p>Jansa Metal, S. a. informa sobre l&#8217;\u00fas de les cookies en la seva p\u00e0gina web: <a href=\"http:\/\/www.jansametal.com\">www.jansametal.com<\/a><\/p>\n\n\n\n<p><strong>Qu\u00e8 s\u00f3n les cookies?<\/strong><br\/>Les cookies s\u00f3n arxius que es poden descarregar en el seu equip a trav\u00e9s de les p\u00e0gines web. S\u00f3n eines que<br\/>tenen un paper essencial per a la prestaci\u00f3 de nombrosos serveis de la societat de la informaci\u00f3. Entre altres,<br\/>permeten a una p\u00e0gina web emmagatzemar i recuperar informaci\u00f3 sobre els h\u00e0bits de navegaci\u00f3 d&#8217;un usuari o del seu<br\/>equip i, depenent de la informaci\u00f3 obtinguda, es poden utilitzar per a recon\u00e8ixer a l&#8217;usuari i millorar el servei<br\/>ofert.  <\/p>\n\n\n\n<p><strong>Tipus de cookies<\/strong><br\/>Segons qui sigui l&#8217;entitat que gestioni el domini des d&#8217;on s&#8217;envien les cookies i tracti les dades que s&#8217;obtinguin<br\/>es poden distingir dos tipus:<\/p>\n\n\n\n<p>\u2022 Cookies pr\u00f2pies:<br\/>Aquelles que s&#8217;envien a l&#8217;equip terminal de l&#8217;usuari des d&#8217;un equip o domini gestionat pel propi<br\/>editor i des del qual es presta el servei sol\u00b7licitat per l&#8217;usuari.<\/p>\n\n\n\n<p>\u2022 Cookies de tercers:<br\/>Aquelles que s&#8217;envien a l&#8217;equip terminal de l&#8217;usuari des d&#8217;un equip o domini que no \u00e9s gestionat<br\/>per l&#8217;editor, sin\u00f3 per una altra entitat que tracta les dades obtingudes trav\u00e9s de les cookies.<br\/>En el cas que les cookies siguin instal\u00b7lades des d&#8217;un equip o domini gestionat pel propi editor per\u00f2 la<br\/>informaci\u00f3 que es reculli mitjan\u00e7ant aquestes sigui gestionada per un tercer, no poden ser considerades com a cookies<br\/>pr\u00f2pies.<\/p>\n\n\n\n<p>Existeix tamb\u00e9 una segona classificaci\u00f3 segons el termini de temps que romanen emmagatzemades en el navegador del client,<br\/>podent tractar-se de:<\/p>\n\n\n\n<p>\u2022 Cookies de sessi\u00f3:<br\/>Dissenyades per a recaptar i emmagatzemar dades mentre l&#8217;usuari accedeix a una p\u00e0gina web. Se solen<br\/>emprar per a emmagatzemar informaci\u00f3 que nom\u00e9s interessa conservar per a la prestaci\u00f3 del servei<br\/>sol\u00b7licitat per l&#8217;usuari en una sola ocasi\u00f3 (p.e. una llista de productes adquirits). <\/p>\n\n\n\n<p>\u2022 Cookies persistents:<br\/>Les dades segueixen emmagatzemats en el terminal i poden ser accedits i tractats durant un per\u00edode<br\/>definit pel responsable de la cookie, i que pot anar d&#8217;uns minuts a diversos anys.<br\/>Protecci\u00f3 de Dades \u2013 Pol\u00edtica de cookies 2\/6<br\/>Jansa Metal, S.A.<\/p>\n\n\n\n<p>Finalment, existeix una altra classificaci\u00f3 amb sis tipus de cookies segons la finalitat per a la qual es tractin les dades<br\/>obtingudes:<\/p>\n\n\n\n<p>\u2022 Cookies t\u00e8cniques:<br\/>Aquelles que permeten a l&#8217;usuari la navegaci\u00f3 a trav\u00e9s d&#8217;una p\u00e0gina web, plataforma o aplicaci\u00f3 i<br\/>la utilitzaci\u00f3 de les diferents opcions o serveis que en ella existeixin com, per exemple, controlar el<br\/>tr\u00e0nsit i la comunicaci\u00f3 de dades, identificar la sessi\u00f3, accedir a parts d&#8217;acc\u00e9s restringit,<br\/>recordar els elements que integren una comanda, realitzar el proc\u00e9s de compra d&#8217;una comanda, realitzar la<br\/>sol\u00b7licitud d&#8217;inscripci\u00f3 o participaci\u00f3 en un esdeveniment, utilitzar elements de seguretat durant la<br\/>navegaci\u00f3, emmagatzemar continguts per a la difusi\u00f3 de v\u00eddeos o so o compartir continguts a trav\u00e9s<br\/>de xarxes socials.<\/p>\n\n\n\n<p>\u2022 Cookies de personalitzaci\u00f3:<br\/>Permeten a l&#8217;usuari accedir al servei amb algunes caracter\u00edstiques de car\u00e0cter general predefinides en<br\/>funci\u00f3 d&#8217;una s\u00e8rie de criteris en el terminal de l&#8217;usuari com per exemple serien l&#8217;idioma, el tipus de<br\/>navegador a trav\u00e9s del qual accedeix al servei, la configuraci\u00f3 regional des d&#8217;on accedeix al servei,<br\/>etc.<\/p>\n\n\n\n<p>\u2022 Cookies d&#8217;an\u00e0lisis:<br\/>Permeten al responsable d&#8217;aquestes, el seguiment i an\u00e0lisi del comportament dels usuaris<br\/>dels llocs web als quals estan vinculades. La informaci\u00f3 recollida mitjan\u00e7ant aquesta mena de cookies s&#8217;utilitza<br\/>en el mesurament de l&#8217;activitat dels llocs web, aplicaci\u00f3 o plataforma i per a l&#8217;elaboraci\u00f3 de<br\/>perfils de navegaci\u00f3 dels usuaris d&#8217;aquests llocs, aplicacions i plataformes, amb la finalitat d&#8217;introduir<br\/>millores en funci\u00f3 de l&#8217;an\u00e0lisi de les dades d&#8217;\u00fas que fan els usuaris del servei. <\/p>\n\n\n\n<p>\u2022 Cookies publicit\u00e0ries:<br\/>Permeten la gesti\u00f3, de la forma m\u00e9s efica\u00e7 possible, dels espais publicitaris.<\/p>\n\n\n\n<p>\u2022 Cookies de publicitat comportamental:<br\/>Emmagatzemen informaci\u00f3 del comportament dels usuaris obtinguda a trav\u00e9s de l&#8217;observaci\u00f3<br\/>continuada dels seus h\u00e0bits de navegaci\u00f3, la qual cosa permet desenvolupar un perfil espec\u00edfic per a mostrar<br\/>publicitat en funci\u00f3 d&#8217;aquest.<\/p>\n\n\n\n<p>\u2022 Cookies de xarxes socials externes:<br\/>S&#8217;utilitzen perqu\u00e8 els visitants puguin interactuar amb el contingut de diferents plataformes<br\/>socials (facebook, youtube, twitter, linkedIn, etc..) i que es generin \u00fanicament per als usuaris d&#8217;aquestes<br\/>xarxes socials. Les condicions d&#8217;utilitzaci\u00f3 d&#8217;aquestes cookies i la informaci\u00f3 recopilada es<br\/>regula per la pol\u00edtica de privacitat de la plataforma social corresponent.<br\/>Protecci\u00f3 de Dades \u2013 Pol\u00edtica de cookies 3\/6<br\/>Jansa Metal, S.A. <\/p>\n\n\n\n<p><strong>Desactivaci\u00f3 i eliminaci\u00f3 de cookies<\/strong><br\/>Tens l&#8217;opci\u00f3 de permetre, bloquejar o eliminar les cookies instal\u00b7lades en el teu equip mitjan\u00e7ant la configuraci\u00f3 de les<br\/>opcions del navegador instal\u00b7lat en el seu equip. En desactivar cookies, alguns dels serveis disponibles podrien<br\/>deixar d&#8217;estar operatius. La manera de deshabilitar les cookies \u00e9s diferent per a cada navegador, per\u00f2 normalment<br\/>pot fer-se des del men\u00fa Eines o Opcions. Tamb\u00e9 pot consultar-se el men\u00fa d&#8217;Ajuda del navegador<br\/>on pots trobar instruccions. L&#8217;usuari podr\u00e0 en qualsevol moment triar quines cookies vol que funcionin<br\/>en aquest lloc web.    <\/p>\n\n\n\n<p>Pot vost\u00e8 permetre, bloquejar o eliminar les cookies instal\u00b7lades en el seu equip mitjan\u00e7ant la configuraci\u00f3 de les opcions<br\/>del navegador instal\u00b7lat en el seu ordinador:<\/p>\n\n\n\n<p>\u2022 Microsoft Internet Explorer o Microsoft Edge:<br\/>http:\/\/windows.microsoft.com\/es-es\/windows-vista\/Block-or-allow-cookies<br\/>\u2022 Mozilla Firefox:<br\/>http:\/\/support.mozilla.org\/es\/kb\/impedir-que-los-sitios-web-guarden-sus-preferencia<br\/>\u2022 Chrome:<br\/>https:\/\/support.google.com\/accounts\/answer\/61416?hl=es<br\/>\u2022 Safari:<br\/>http:\/\/safari.helpmax.net\/es\/privacidad-y-seguridad\/como-gestionar-las-cookies\/<br\/>\u2022 Opera:<br\/>http:\/\/help.opera.com\/Linux\/10.60\/es-ES\/cookies.html<br\/>A m\u00e9s, tamb\u00e9 pot gestionar el magatzem de cookies en el seu navegador a trav\u00e9s d&#8217;eines com les<br\/>siguientes<br\/>\u2022 Ghostery:<br\/>www.ghostery.com\/<br\/>\u2022 Your Online Choices:<br\/>www.youronlinechoices.com\/es\/<br\/>Protecci\u00f3n de Datos \u2013 Pol\u00edtica de cookies 4\/6<br\/>Jansa Metal, S.A.<\/p>\n\n\n\n<p><strong>Cookies utilitzades en www.jansametal.com<\/strong><br\/>A continuaci\u00f3 s&#8217;identifiquen les cookies que estan sent utilitzades en aquest portal aix\u00ed com la seva tipologia i funci\u00f3:<\/p>\n\n\n\n<p>\u2022 _ga<br\/>\u2013 Durada: 2 a\u00c3\u00b1us<br\/>\u2013 Descripci\u00f3: Serveix per a distingir als usuaris. Generada per Google Analytics. Google emmagatzema la<br\/>informacion recollida per les cookies en servidors situats als Estats Units, complint amb la<br\/>legislaci\u00c3\u00b3n Europea quant a protecci\u00c3\u00b3n de dades personals i es compromet a no compartir-la<br\/>amb tercers, excepte quan la llei l&#8217;obligui a aix\u00f2 o sigui necessari per al funcionament del sistema.<br\/>Google no associa el seu direccion IP amb cap altra informacion que tingui. Si desitja obtenir<br\/>mes informacion sobre les cookies usades per Google Analytics, si us plau accedeixi a aquesta direccion:<br\/>https:\/\/developers.google.com\/analytics\/devguides\/collection\/analyticsjs\/cookie-usage?hl=es&amp;csw=1<br\/>\u2013 Tipus: Tercer<br\/>\u2013 Finalitat: Anal\u00edtica    <\/p>\n\n\n\n<p>\u2022_gat<br\/>\u2013 Durada: 1 minut<br\/>\u2013 Descripci\u00f3: Utilitzada per a mostrar la nostra publicitat en altres p\u00c3*ginas de la xarxa de Google.<br\/>Generada per Google Analytics. Google emmagatzema la informacion recollida per les cookies en<br\/>servidors situats als Estats Units, complint amb la legislaci\u00c3\u00b3n Europea quant a<br\/>protecci\u00c3\u00b3n de dades personals i es compromet a no compartir-la amb tercers, excepte quan la llei<br\/>l&#8217;obligui a aix\u00f2 o sigui necessari per al funcionament del sistema. Google no associa el seu direccion IP<br\/>amb cap altra informacion que tingui. Si desitja obtenir mes informacion sobre les cookies<br\/>usades per Google Analytics, si us plau accedeixi a aquesta direccion:<br\/>https:\/\/developers.google.com\/analytics\/devguides\/collection\/analyticsjs\/cookie-usage?hl=es&amp;csw=1<br\/>\u2013 Tipus: Tercer<br\/>\u2013 Finalitat: Publicitat comportamental   <\/p>\n\n\n\n<p>\u2022 _gid<br\/>\u2013 Durada: 24 hores<br\/>\u2013 Descripci\u00f3: Generada per Google Analytics. Google emmagatzema la informacion recollida per les cookies<br\/>en servidors situats als Estats Units, complint amb la legislaci\u00c3\u00b3n Europea quant a<br\/>protecci\u00c3\u00b3n de dades personals i es compromet a no compartir-la amb tercers, excepte quan la llei<br\/>l&#8217;obligui a aix\u00f2 o sigui necessari per al funcionament del sistema. Google no associa el seu direccion IP<br\/>amb cap altra informacion que tingui. Si desitja obtenir mes informacion sobre les cookies<br\/>usades per Google Analytics, si us plau accedeixi a aquesta direccion:<br\/>Protecci\u00f3 de Dades \u2013 Pol\u00edtica de cookies 5\/6<br\/>Jansa Metall, S.A.<br\/>https:\/\/developers.google.com\/analytics\/devguides\/collection\/analyticsjs\/cookie-usage?hl=es&amp;csw<br\/>\u2013 Tipus: Tercer<br\/>\u2013 Finalitat: Publicitat comportamental   <\/p>\n\n\n\n<p>\u2022 _gac_<br\/>\u2013 Durada: 90 d\u00c3-as<br\/>\u2013 Descripci\u00f3: Inclou informaci\u00c3\u00b3n de la campa\u00c3\u00b1a relativa a l&#8217;usuari. Si has vinculat els teus comptes de<br\/>Google Analytics i AdWords, les etiquetes de conversi\u00c3\u00b3n de llocs web leer\u00c3n aquesta cookie, tret que<br\/>la inhabilitis<br\/>\u2013 Tipus: Tercer<br\/>\u2013 Finalitat: Anal\u00edtica <\/p>\n\n\n\n<p><strong>Acceptaci\u00f3 de la Pol\u00edtica de cookies<\/strong><br\/>www.jansametal.com, assumeix que vost\u00e8 accepta l&#8217;\u00fas de cookies. No obstant aix\u00f2, mostra informaci\u00f3 sobre la seva Pol\u00edtica<br\/>de cookies en la part inferior o superior de qualsevol p\u00e0gina del portal amb cada inici de sessi\u00f3 a fi que<br\/>vost\u00e8 sigui conscient. <\/p>\n\n\n\n<p>Davant aquesta informaci\u00f3 \u00e9s possible dur a terme les seg\u00fcents accions:<\/p>\n\n\n\n<p>\u2022 Acceptar cookies:<br\/>No es tornar\u00e0 a visualitzar aquest av\u00eds en accedir a qualsevol p\u00e0gina del portal durant la present<br\/>sessi\u00f3.<\/p>\n\n\n\n<p>\u2022 Tancar:<br\/>S&#8217;oculta l&#8217;av\u00eds en la present p\u00e0gina.<\/p>\n\n\n\n<p>\u2022 Modificar la seva configuraci\u00f3:<br\/>Podr\u00e0 obtenir m\u00e9s informaci\u00f3 sobre qu\u00e8 s\u00f3n les cookies, con\u00e8ixer la Pol\u00edtica de cookies de:<br\/>www.jansametal.com i modificar la configuraci\u00f3 del seu navegador.<\/p>\n<\/div><\/div>\n","protected":false},"excerpt":{"rendered":"<p>Pol\u00edtica de cookies Jansa Metal, S. a. informa sobre l&#8217;\u00fas de les cookies en la seva p\u00e0gina web: www.jansametal.com Qu\u00e8 s\u00f3n les cookies?Les cookies s\u00f3n arxius que es poden descarregar en el seu equip a trav\u00e9s de les p\u00e0gines web. S\u00f3n eines quetenen un paper essencial per a la prestaci\u00f3 de nombrosos serveis de la [&hellip;]<\/p>\n","protected":false},"author":1,"featured_media":0,"parent":0,"menu_order":0,"comment_status":"closed","ping_status":"closed","template":"","meta":{"_uag_custom_page_level_css":"","site-sidebar-layout":"default","site-content-layout":"","ast-site-content-layout":"default","site-content-style":"default","site-sidebar-style":"default","ast-global-header-display":"","ast-banner-title-visibility":"","ast-main-header-display":"","ast-hfb-above-header-display":"","ast-hfb-below-header-display":"","ast-hfb-mobile-header-display":"","site-post-title":"","ast-breadcrumbs-content":"","ast-featured-img":"","footer-sml-layout":"","ast-disable-related-posts":"","theme-transparent-header-meta":"","adv-header-id-meta":"","stick-header-meta":"","header-above-stick-meta":"","header-main-stick-meta":"","header-below-stick-meta":"","astra-migrate-meta-layouts":"default","ast-page-background-enabled":"default","ast-page-background-meta":{"desktop":{"background-color":"var(--ast-global-color-4)","background-image":"","background-repeat":"repeat","background-position":"center center","background-size":"auto","background-attachment":"scroll","background-type":"","background-media":"","overlay-type":"","overlay-color":"","overlay-opacity":"","overlay-gradient":""},"tablet":{"background-color":"","background-image":"","background-repeat":"repeat","background-position":"center center","background-size":"auto","background-attachment":"scroll","background-type":"","background-media":"","overlay-type":"","overlay-color":"","overlay-opacity":"","overlay-gradient":""},"mobile":{"background-color":"","background-image":"","background-repeat":"repeat","background-position":"center center","background-size":"auto","background-attachment":"scroll","background-type":"","background-media":"","overlay-type":"","overlay-color":"","overlay-opacity":"","overlay-gradient":""}},"ast-content-background-meta":{"desktop":{"background-color":"var(--ast-global-color-5)","background-image":"","background-repeat":"repeat","background-position":"center center","background-size":"auto","background-attachment":"scroll","background-type":"","background-media":"","overlay-type":"","overlay-color":"","overlay-opacity":"","overlay-gradient":""},"tablet":{"background-color":"var(--ast-global-color-5)","background-image":"","background-repeat":"repeat","background-position":"center center","background-size":"auto","background-attachment":"scroll","background-type":"","background-media":"","overlay-type":"","overlay-color":"","overlay-opacity":"","overlay-gradient":""},"mobile":{"background-color":"var(--ast-global-color-5)","background-image":"","background-repeat":"repeat","background-position":"center center","background-size":"auto","background-attachment":"scroll","background-type":"","background-media":"","overlay-type":"","overlay-color":"","overlay-opacity":"","overlay-gradient":""}},"footnotes":""},"class_list":["post-11025","page","type-page","status-publish","hentry"],"spectra_custom_meta":{"_wpml_media_duplicate":["1"],"_wpml_media_featured":["1"],"adv-header-id-meta":[""],"stick-header-meta":[""],"theme-transparent-header-meta":[""],"ast-site-content-layout":["default"],"_top_nav_excluded":[""],"_cms_nav_minihome":[""],"_last_translation_edit_mode":["translation-editor"],"rank_math_internal_links_processed":["1"],"_uag_css_file_name":["uag-css-11025.css"],"_uag_js_file_name":["uag-js-11025.js"],"rank_math_analytic_object_id":["160"]},"uagb_featured_image_src":{"full":false,"thumbnail":false,"medium":false,"medium_large":false,"large":false,"1536x1536":false,"2048x2048":false,"wpca-thumb":false},"uagb_author_info":{"display_name":"admin","author_link":"https:\/\/jansametal.com\/ca\/author\/anjo\/"},"uagb_comment_info":0,"uagb_excerpt":"Pol\u00edtica de cookies Jansa Metal, S. a. informa sobre l&#8217;\u00fas de les cookies en la seva p\u00e0gina web: www.jansametal.com Qu\u00e8 s\u00f3n les cookies?Les cookies s\u00f3n arxius que es poden descarregar en el seu equip a trav\u00e9s de les p\u00e0gines web. S\u00f3n eines quetenen un paper essencial per a la prestaci\u00f3 de nombrosos serveis de la&hellip;","_links":{"self":[{"href":"https:\/\/jansametal.com\/ca\/wp-json\/wp\/v2\/pages\/11025","targetHints":{"allow":["GET"]}}],"collection":[{"href":"https:\/\/jansametal.com\/ca\/wp-json\/wp\/v2\/pages"}],"about":[{"href":"https:\/\/jansametal.com\/ca\/wp-json\/wp\/v2\/types\/page"}],"author":[{"embeddable":true,"href":"https:\/\/jansametal.com\/ca\/wp-json\/wp\/v2\/users\/1"}],"replies":[{"embeddable":true,"href":"https:\/\/jansametal.com\/ca\/wp-json\/wp\/v2\/comments?post=11025"}],"version-history":[{"count":0,"href":"https:\/\/jansametal.com\/ca\/wp-json\/wp\/v2\/pages\/11025\/revisions"}],"wp:attachment":[{"href":"https:\/\/jansametal.com\/ca\/wp-json\/wp\/v2\/media?parent=11025"}],"curies":[{"name":"wp","href":"https:\/\/api.w.org\/{rel}","templated":true}]}}