{"id":11292,"date":"2024-05-15T07:29:46","date_gmt":"2024-05-15T05:29:46","guid":{"rendered":"https:\/\/jansa.serveistic.com\/politica-de-privacitat\/"},"modified":"2025-11-13T15:52:04","modified_gmt":"2025-11-13T14:52:04","slug":"politica-de-privacitat","status":"publish","type":"page","link":"https:\/\/jansametal.com\/ca\/politica-de-privacitat\/","title":{"rendered":"Pol\u00edtica de privacitat"},"content":{"rendered":"\n<div class=\"wp-block-uagb-container uagb-block-c77be9af alignfull uagb-is-root-container\"><div class=\"uagb-container-inner-blocks-wrap\">\n<h1 class=\"wp-block-heading\">Pol\u00edtica de privacitat<\/h1>\n\n\n\n<h2 class=\"wp-block-heading\">Protecci\u00f3 de dades de car\u00e0cter personal segons el RGPD<\/h2>\n\n\n\n<p>Jansa Metal, S. a., en aplicaci\u00f3 de la normativa vigent en mat\u00e8ria de protecci\u00f3 de dades de car\u00e0cter personal, informa que les dades personals que es recullen a trav\u00e9s dels formularis del Lloc web: www.jansametal.com, s&#8217;inclouen en els fitxers automatitzats espec\u00edfics d&#8217;usuaris dels serveis de Jansa Metall, S.A.<\/p>\n\n\n\n<p>La recollida i tractament automatitzat de les dades de car\u00e0cter personal t\u00e9 com a finalitat el manteniment de la relaci\u00f3 comercial i l&#8217;acompliment de tasques d&#8217;informaci\u00f3, formaci\u00f3, assessorament i altres activitats pr\u00f2pies de Jansa Metall, S.A.<br\/>Aquestes dades \u00fanicament seran cedits a aquelles entitats que siguin necess\u00e0ries amb l&#8217;\u00fanic objectiu de donar compliment a la finalitat anteriorment exposada.<br\/>Jansa Metal, S. a. adopta les mesures necess\u00e0ries per a garantir la seguretat, integritat i confidencialitat de les dades conforme al que es disposa en el Reglament (UE) 2016\/679 del Parlament Europeu i del Consell, de 27 d&#8217;abril de 2016, relatiu a la protecci\u00f3 de les persones f\u00edsiques pel que fa al tractament de dades personals i a la lliure circulaci\u00f3 d&#8217;aquests, i derogant l&#8217;antiga LOPD, la nova Llei org\u00e0nica 3\/2018, de 5 desembre, de Protecci\u00f3 de Dades i Garantia dels Drets Digitals (LOPDGDD).<br\/>L&#8217;usuari podr\u00e0 en qualsevol moment exercitar els drets d&#8217;acc\u00e9s, oposici\u00f3, rectificaci\u00f3, cancel\u00b7laci\u00f3, limitaci\u00f3 i portabilitat reconeguts en el citat Reglament (UE). L&#8217;exercici d&#8217;aquests drets pot realitzar-lo el propi usuari a trav\u00e9s d&#8217;email a: admon@jansametal.com o en l&#8217;adre\u00e7a: Pol. Ind. Ca Massaguer, Parcel\u00b7la 8a, C.P. 08430 \u2013 La Roca del Vall\u00e8s (Barcelona).   <br\/>L&#8217;usuari manifesta que totes les dades facilitades per ell s\u00f3n certs i correctes, i es compromet a mantenir-los actualitzats, comunicant els canvis a Jansa Metal, S.A.<\/p>\n\n\n\n<h2 class=\"wp-block-heading\">Finalitat del tractament de les dades personals:<\/h2>\n\n\n\n<h3 class=\"wp-block-heading\">Amb quina finalitat tractarem les teves dades personals?<\/h3>\n\n\n\n<p>En Jansa Metal, S. a., tractarem les teves dades personals recaptades a trav\u00e9s del Lloc web: www.jansametal.com, amb les seg\u00fcents finalitats:<br\/>1. Donar compliment de les obligacions, comercials, laborals, corporatives i comptables de l&#8217;empresa.<br\/>2. Enviar informaci\u00f3 promocional via electr\u00f2nica.<br\/>3. Facilitar la informaci\u00f3 sol\u00b7licitada per l&#8217;usuari a trav\u00e9s del formulari de contacte.<br\/>Et recordem que pots oposar-te a l&#8217;enviament de comunicacions comercials per qualsevol via i en qualsevol moment, remetent un correu electr\u00f2nic a l&#8217;adre\u00e7a anteriorment indicada.<br\/>Els camps d&#8217;aquests registres s\u00f3n d&#8217;emplenament obligatori, sent impossible realitzar les finalitats expressades si no s&#8217;aporten aquestes dades.<\/p>\n\n\n\n<h3 class=\"wp-block-heading\">Per quant temps es conserven les dades personals recaptades?<\/h3>\n\n\n\n<p>Les dades personals proporcionades es conservaran mentre es mantingui la relaci\u00f3 comercial o no sol\u00b7licitis la seva supressi\u00f3 i durant el termini pel qual poguessin derivar-se responsabilitats legals pels serveis prestats.<\/p>\n\n\n\n<h2 class=\"wp-block-heading\">Legitimaci\u00f3:<\/h2>\n\n\n\n<p>El tractament de les teves dades es realitza amb les seg\u00fcents bases jur\u00eddiques que legitimen el mateix:<\/p>\n\n\n\n<p>1. La sol\u00b7licitud d&#8217;informaci\u00f3 i\/o la contractaci\u00f3 dels serveis de Jansa Metall, S. a., els termes i les condicions del qual es posaran a la teva disposici\u00f3 en tot cas, de manera pr\u00e8via a una eventual contractaci\u00f3.<br\/>2. El consentiment lliure, espec\u00edfic, informat i inequ\u00edvoc, en tant que t&#8217;informem posant a la teva disposici\u00f3 la present pol\u00edtica de privacitat, que despr\u00e9s de la lectura d&#8217;aquesta, en cas d&#8217;estar conforme, pots acceptar mitjan\u00e7ant una declaraci\u00f3 o una clara acci\u00f3 afirmativa, com el marcat d&#8217;una casella disposada a aquest efecte.<\/p>\n\n\n\n<p>En cas que no ens facilitis les teves dades o ho facis de manera err\u00f2nia o incompleta, no podrem atendre la teva sol\u00b7licitud, resultant del tot impossible proporcionar-te la informaci\u00f3 sol\u00b7licitada o dur a terme la contractaci\u00f3 dels serveis.<\/p>\n\n\n\n<h2 class=\"wp-block-heading\">Destinataris:<\/h2>\n\n\n\n<p>Les dades no es comunicaran a cap tercer ali\u00e8 a Jansa Metall, S. a., excepte obligaci\u00f3 legal.<\/p>\n\n\n\n<h2 class=\"wp-block-heading\">Dades recopilades per usuaris dels serveis<\/h2>\n\n\n\n<p>En els casos en qu\u00e8 l&#8217;usuari inclogui fitxers amb dades de car\u00e0cter personal en els servidors d&#8217;allotjament compartit, Jansa Metal, S. a. no es fa responsable de l&#8217;incompliment per part de l&#8217;usuari del RGPD.<\/p>\n\n\n\n<h2 class=\"wp-block-heading\">Drets de propietat intel\u00b7lectual <a href=\"http:\/\/www.jansametal.com\">www.jansametal.com<\/a><\/h2>\n\n\n\n<p>Jansa Metal, S. a. \u00e9s titular de tots els drets d&#8217;autor, propietat intel\u00b7lectual, industrial, \u00abknow-how\u00bb i quants altres drets guarden relaci\u00f3 amb els continguts del lloc web www.jansametal.com i els serveis oferts en aquest, aix\u00ed com dels programes necessaris per a la seva implementaci\u00f3 i la informaci\u00f3 relacionada.<\/p>\n\n\n\n<p>No es permet la reproducci\u00f3, publicaci\u00f3 i\/o \u00fas no estrictament privat dels continguts, totals o parcials, del lloc web www.jansametal.com sense el consentiment previ i per escrit.<\/p>\n\n\n\n<h2 class=\"wp-block-heading\">Propietat intel\u00b7lectual del programari<\/h2>\n\n\n\n<p>L&#8217;usuari ha de respectar els programes de tercers llocs a la seva disposici\u00f3 per Jansa Metal, S. a., encara sent gratu\u00efts i\/o de disposici\u00f3 p\u00fablica.<\/p>\n\n\n\n<p>Jansa Metal, S. a. disposa dels drets d&#8217;explotaci\u00f3 i propietat intel\u00b7lectual necessaris del programari.<\/p>\n\n\n\n<p>L&#8217;usuari no adquireix cap dret o llic\u00e8ncia pel servei contractat, sobre el programari necessari per a la prestaci\u00f3 del servei, ni tampoc sobre la informaci\u00f3 t\u00e8cnica de seguiment del servei, excepci\u00f3 feta dels drets i llic\u00e8ncies necessaris per al compliment dels serveis contractats i \u00fanicament durant la durada d&#8217;aquests.<\/p>\n\n\n\n<p>Per a tota actuaci\u00f3 que excedeixi del compliment del contracte, l&#8217;usuari necessitar\u00e0 autoritzaci\u00f3 per escrit per part de Jansa Metal, S. a., quedant prohibit a l&#8217;usuari accedir, modificar, visualitzar la configuraci\u00f3, estructura i fitxers dels servidors propietat de Jansa Metal, S. a., assumint la responsabilitat civil i penal derivada de qualsevol incid\u00e8ncia que es pogu\u00e9s produir en els servidors i sistemes de seguretat com a conseq\u00fc\u00e8ncia directa d&#8217;una actuaci\u00f3 negligent o maliciosa per part seva.<\/p>\n\n\n\n<h2 class=\"wp-block-heading\">Propietat intel\u00b7lectual dels continguts allotjats<\/h2>\n\n\n\n<p>Es prohibeix l&#8217;\u00fas contrari a la legislaci\u00f3 sobre propietat intel\u00b7lectual dels serveis prestats per Jansa Metal, S.A. i, en particular de:<\/p>\n\n\n\n<p>1. La utilitzaci\u00f3 que resulti contr\u00e0ria a les lleis espanyoles o que infringeixi els drets de tercers.<br\/>2. La publicaci\u00f3 o la transmissi\u00f3 de qualsevol contingut que, segons el parer de Jansa Metal, S. a., resulti violent, obsc\u00e8, abusiu, il\u00b7legal, racial, xen\u00f2fob o difamatori.<br\/>3. Els cracks, n\u00fameros de s\u00e8rie de programes o qualsevol altre contingut que vulneri drets de la propietat intel\u00b7lectual de tercers.<br\/>4. La recollida i\/o utilitzaci\u00f3 de dades personals d&#8217;altres usuaris sense el seu consentiment expr\u00e9s o contravenint el que es disposa en el Reglament (UE) 2016\/679 del Parlament Europeu i del Consell, de 27 d&#8217;abril de 2016, relatiu a la protecci\u00f3 de les persones f\u00edsiques pel que fa al tractament de dades personals i a la lliure circulaci\u00f3 d&#8217;aquests.<br\/>5. La utilitzaci\u00f3 del servidor de correu del domini i de les adreces de correu electr\u00f2nic per a l&#8217;enviament de correu massiu no desitjat.<\/p>\n\n\n\n<p>L&#8217;usuari t\u00e9 tota la responsabilitat sobre el contingut del seu web, la informaci\u00f3 transmesa i emmagatzemada, els enlla\u00e7os d&#8217;hipertext, les reivindicacions de tercers i les accions legals en refer\u00e8ncia a propietat intel\u00b7lectual, drets de tercers i protecci\u00f3 de menors.<\/p>\n\n\n\n<p>L&#8217;usuari \u00e9s responsable respecte a les lleis i reglaments en vigor i les regles que tenen a veure amb el funcionament del servei en l\u00ednia, comer\u00e7 electr\u00f2nic, drets d&#8217;autor, manteniment de l&#8217;ordre p\u00fablic, aix\u00ed com principis universals d&#8217;\u00fas d&#8217;Internet.<\/p>\n\n\n\n<p>L&#8217;usuari indemnitzar\u00e0 a Jansa Metal, S. a. per les despeses que gener\u00e9s la imputaci\u00f3 de Jansa Metal, S. a. en alguna causa la responsabilitat de la qual fos atribu\u00efble a l&#8217;usuari, inclosos honoraris i despeses de defensa jur\u00eddica, fins i tot en el cas d&#8217;una decisi\u00f3 judicial no definitiva.<\/p>\n\n\n\n<h2 class=\"wp-block-heading\">Protecci\u00f3 de la informaci\u00f3 allotjada<\/h2>\n\n\n\n<p>Jansa Metal, S. a. realitza c\u00f2pies de seguretat dels continguts allotjats en els seus servidors, no obstant aix\u00f2 no es responsabilitza de la p\u00e8rdua o l&#8217;esborrament accidental de les dades per part dels usuaris. D&#8217;igual manera, no garanteix la reposici\u00f3 total de les dades esborrades pels usuaris, ja que les citades dades podrien haver estat suprimits i\/o modificats durant el per\u00edode del temps transcorregut des de l&#8217;\u00faltima c\u00f2pia de seguretat. <\/p>\n\n\n\n<p>Els serveis oferts, excepte els serveis espec\u00edfics de c\u00f2pia de seguretat, no inclouen la reposici\u00f3 dels continguts conservats en les c\u00f2pies de seguretat realitzades per Jansa Metal, S. a., quan aquesta p\u00e8rdua sigui imputable a l&#8217;usuari; en aquest cas, es determinar\u00e0 una tarifa concorde a la complexitat i volum de la recuperaci\u00f3, sempre pr\u00e8via acceptaci\u00f3 de l&#8217;usuari.<\/p>\n\n\n\n<p>La reposici\u00f3 de dades esborrades nom\u00e9s est\u00e0 inclosa en el preu del servei quan la p\u00e8rdua del contingut sigui deguda a causes atribu\u00efbles a Jansa Metal, S.A..<\/p>\n\n\n\n<h2 class=\"wp-block-heading\">Comunicacions comercials<\/h2>\n\n\n\n<p>En aplicaci\u00f3 de la LSSI. Jansa Metal, S. a. no enviar\u00e0 comunicacions publicit\u00e0ries o promocionals per correu electr\u00f2nic o un altre mitj\u00e0 de comunicaci\u00f3 electr\u00f2nica equivalent que pr\u00e8viament no haguessin estat sol\u00b7licitades o expressament autoritzades pels destinataris d&#8217;aquestes. <\/p>\n\n\n\n<p>En el cas d&#8217;usuaris amb els quals existeixi una relaci\u00f3 contractual pr\u00e8via, Jansa Metall, S. a. s\u00ed que est\u00e0 autoritzat a l&#8217;enviament de comunicacions comercials referents a productes o serveis de Jansa Metall, S. a. que siguin similars als que inicialment van ser objecte de contractaci\u00f3 amb el client.<\/p>\n\n\n\n<p>En tot cas, l&#8217;usuari, despr\u00e9s d&#8217;acreditar la seva identitat, podr\u00e0 sol\u00b7licitar que no se li faci arribar m\u00e9s informaci\u00f3 comercial a trav\u00e9s dels canals d&#8217;Atenci\u00f3 al Client.<\/p>\n<\/div><\/div>\n","protected":false},"excerpt":{"rendered":"<p>Pol\u00edtica de privacitat Protecci\u00f3 de dades de car\u00e0cter personal segons el RGPD Jansa Metal, S. a., en aplicaci\u00f3 de la normativa vigent en mat\u00e8ria de protecci\u00f3 de dades de car\u00e0cter personal, informa que les dades personals que es recullen a trav\u00e9s dels formularis del Lloc web: www.jansametal.com, s&#8217;inclouen en els fitxers automatitzats espec\u00edfics d&#8217;usuaris dels [&hellip;]<\/p>\n","protected":false},"author":1,"featured_media":0,"parent":0,"menu_order":0,"comment_status":"closed","ping_status":"open","template":"","meta":{"_uag_custom_page_level_css":"","site-sidebar-layout":"default","site-content-layout":"","ast-site-content-layout":"default","site-content-style":"default","site-sidebar-style":"default","ast-global-header-display":"","ast-banner-title-visibility":"","ast-main-header-display":"","ast-hfb-above-header-display":"","ast-hfb-below-header-display":"","ast-hfb-mobile-header-display":"","site-post-title":"","ast-breadcrumbs-content":"","ast-featured-img":"","footer-sml-layout":"","ast-disable-related-posts":"","theme-transparent-header-meta":"","adv-header-id-meta":"","stick-header-meta":"","header-above-stick-meta":"","header-main-stick-meta":"","header-below-stick-meta":"","astra-migrate-meta-layouts":"default","ast-page-background-enabled":"default","ast-page-background-meta":{"desktop":{"background-color":"var(--ast-global-color-4)","background-image":"","background-repeat":"repeat","background-position":"center center","background-size":"auto","background-attachment":"scroll","background-type":"","background-media":"","overlay-type":"","overlay-color":"","overlay-opacity":"","overlay-gradient":""},"tablet":{"background-color":"","background-image":"","background-repeat":"repeat","background-position":"center center","background-size":"auto","background-attachment":"scroll","background-type":"","background-media":"","overlay-type":"","overlay-color":"","overlay-opacity":"","overlay-gradient":""},"mobile":{"background-color":"","background-image":"","background-repeat":"repeat","background-position":"center center","background-size":"auto","background-attachment":"scroll","background-type":"","background-media":"","overlay-type":"","overlay-color":"","overlay-opacity":"","overlay-gradient":""}},"ast-content-background-meta":{"desktop":{"background-color":"var(--ast-global-color-5)","background-image":"","background-repeat":"repeat","background-position":"center center","background-size":"auto","background-attachment":"scroll","background-type":"","background-media":"","overlay-type":"","overlay-color":"","overlay-opacity":"","overlay-gradient":""},"tablet":{"background-color":"var(--ast-global-color-5)","background-image":"","background-repeat":"repeat","background-position":"center center","background-size":"auto","background-attachment":"scroll","background-type":"","background-media":"","overlay-type":"","overlay-color":"","overlay-opacity":"","overlay-gradient":""},"mobile":{"background-color":"var(--ast-global-color-5)","background-image":"","background-repeat":"repeat","background-position":"center center","background-size":"auto","background-attachment":"scroll","background-type":"","background-media":"","overlay-type":"","overlay-color":"","overlay-opacity":"","overlay-gradient":""}},"footnotes":""},"class_list":["post-11292","page","type-page","status-publish","hentry"],"spectra_custom_meta":{"_wpml_media_duplicate":["1"],"_wpml_media_featured":["1"],"adv-header-id-meta":[""],"stick-header-meta":[""],"theme-transparent-header-meta":[""],"ast-site-content-layout":["default"],"_top_nav_excluded":[""],"_cms_nav_minihome":[""],"_wp_page_template":["default"],"_last_translation_edit_mode":["translation-editor"],"rank_math_internal_links_processed":["1"],"_uag_css_file_name":["uag-css-11292.css"],"_uag_js_file_name":["uag-js-11292.js"],"rank_math_analytic_object_id":["226"]},"uagb_featured_image_src":{"full":false,"thumbnail":false,"medium":false,"medium_large":false,"large":false,"1536x1536":false,"2048x2048":false,"wpca-thumb":false},"uagb_author_info":{"display_name":"admin","author_link":"https:\/\/jansametal.com\/ca\/author\/anjo\/"},"uagb_comment_info":0,"uagb_excerpt":"Pol\u00edtica de privacitat Protecci\u00f3 de dades de car\u00e0cter personal segons el RGPD Jansa Metal, S. a., en aplicaci\u00f3 de la normativa vigent en mat\u00e8ria de protecci\u00f3 de dades de car\u00e0cter personal, informa que les dades personals que es recullen a trav\u00e9s dels formularis del Lloc web: www.jansametal.com, s&#8217;inclouen en els fitxers automatitzats espec\u00edfics d&#8217;usuaris dels&hellip;","_links":{"self":[{"href":"https:\/\/jansametal.com\/ca\/wp-json\/wp\/v2\/pages\/11292","targetHints":{"allow":["GET"]}}],"collection":[{"href":"https:\/\/jansametal.com\/ca\/wp-json\/wp\/v2\/pages"}],"about":[{"href":"https:\/\/jansametal.com\/ca\/wp-json\/wp\/v2\/types\/page"}],"author":[{"embeddable":true,"href":"https:\/\/jansametal.com\/ca\/wp-json\/wp\/v2\/users\/1"}],"replies":[{"embeddable":true,"href":"https:\/\/jansametal.com\/ca\/wp-json\/wp\/v2\/comments?post=11292"}],"version-history":[{"count":0,"href":"https:\/\/jansametal.com\/ca\/wp-json\/wp\/v2\/pages\/11292\/revisions"}],"wp:attachment":[{"href":"https:\/\/jansametal.com\/ca\/wp-json\/wp\/v2\/media?parent=11292"}],"curies":[{"name":"wp","href":"https:\/\/api.w.org\/{rel}","templated":true}]}}