{"id":11665,"date":"2025-12-02T14:50:06","date_gmt":"2025-12-02T13:50:06","guid":{"rendered":"https:\/\/jansa.serveistic.com\/en-test\/"},"modified":"2025-12-02T15:06:02","modified_gmt":"2025-12-02T14:06:02","slug":"wpml-en-test","status":"publish","type":"page","link":"https:\/\/jansametal.com\/en\/wpml-en-test\/","title":{"rendered":"EN Test"},"content":{"rendered":"\n<div class=\"wp-block-wpsp-faq wpsp-faq__outer-wrap wpsp-block-1fe7007e wpsp-faq-icon-row wpsp-faq-layout-accordion wpsp-faq-expand-first-false wpsp-faq-inactive-other-true wpsp-faq-equal-height\" data-faqtoggle=\"true\" role=\"tablist\"><script type=\"application\/ld+json\">{\"@context\":\"https:\/\/schema.org\",\"@type\":\"FAQPage\",\"@id\":\"https:\/\/jansametal.com\/wpml-test\/\",\"mainEntity\":[{\"@type\":\"Question\",\"name\":\"&lt;strong>\u00bfQu\u00e9 son las correas en una estructura met\u00e1lica?&lt;\/strong> - edited\",\"acceptedAnswer\":{\"@type\":\"Answer\",\"text\":\"Las &lt;strong>correas en una estructura met\u00e1lica&lt;\/strong> son los elementos que soportan la cubierta y la fachada met\u00e1lica, es decir, que soportan el paquete de cubierta o fachada. Las &lt;strong>correas met\u00e1licas&lt;\/strong> son fundamentales para proporcionar estabilidad y resistencia estructural, distribuyendo las cargas de la cubierta a los elementos principales del marco de la estructura. \"}},{\"@type\":\"Question\",\"name\":\"&lt;strong>\u00bfQu\u00e9 es el efecto sheeting?&lt;\/strong>\",\"acceptedAnswer\":{\"@type\":\"Answer\",\"text\":\"El &lt;strong>efecto sheeting&lt;\/strong>, tambi\u00e9n conocido como efecto diafragma, es la rigidez aportada por el cerramiento de la cubierta. Este efecto se debe a la rigidez rotacional provocada por el cerramiento de la cubierta, el elemento de uni\u00f3n entre este cerramiento y la correa, y la propia distorsi\u00f3n del perfil de la correa. Este fen\u00f3meno es crucial para la estabilidad y el comportamiento din\u00e1mico de las &lt;strong>estructuras met\u00e1licas&lt;\/strong>.\"}},{\"@type\":\"Question\",\"name\":\"&lt;strong>\u00bfRealiz\u00e1is c\u00e1lculo para correas de cubierta?&lt;\/strong>\",\"acceptedAnswer\":{\"@type\":\"Answer\",\"text\":\"S\u00ed, en Jansa Metal realizamos &lt;strong>c\u00e1lculo de correas&lt;\/strong> para todo tipo de &lt;strong>cubiertas met\u00e1licas&lt;\/strong>. Nuestro equipo de ingenieros se asegura de que las correas sean dise\u00f1adas y dimensionadas correctamente para soportar las cargas espec\u00edficas de cada proyecto, garantizando as\u00ed la seguridad y durabilidad de la estructura.\"}},{\"@type\":\"Question\",\"name\":\"&lt;strong>&lt;strong>\u00bfQu\u00e9 es una correa tipo Z, C y Sigma?&lt;\/strong>&lt;\/strong>\",\"acceptedAnswer\":{\"@type\":\"Answer\",\"text\":\"Una &lt;strong>correa tipo Z, C y Sigma&lt;\/strong> es un perfil laminado en fr\u00edo obtenido a partir de una chapa galvanizada, conformado para tener unas propiedades mec\u00e1nicas \u00f3ptimas para su uso en fachadas o cubiertas. Estos perfiles se diferencian por su geometr\u00eda:&lt;br>&lt;br>&lt;strong>Correa tipo Z:&lt;\/strong> Tiene una forma en \\\"Z\\\" y se utiliza com\u00fanmente en aplicaciones donde se requiere solapamiento.&lt;br>&lt;strong>Correa tipo C:&lt;\/strong> Tiene una forma en \\\"C\\\" y es ampliamente utilizada en la construcci\u00f3n de marcos y refuerzos.&lt;br>&lt;strong>Correa tipo Sigma:&lt;\/strong> Tiene una forma en \\\"\u03a3\\\" y ofrece una combinaci\u00f3n de alta resistencia y rigidez, adecuada para diversas aplicaciones estructurales.&lt;br>&lt;br>Estas correas son esenciales en la construcci\u00f3n de &lt;strong>estructuras met\u00e1licas&lt;\/strong> debido a sus propiedades mec\u00e1nicas y facilidad de instalaci\u00f3n.\"}},{\"@type\":\"Question\",\"name\":\"&lt;strong>&lt;strong>\u00bfOfrec\u00e9is c\u00e1lculo para cualquier tipo de cubierta met\u00e1lica?&lt;\/strong>&lt;\/strong>\",\"acceptedAnswer\":{\"@type\":\"Answer\",\"text\":\"S\u00ed. Dimensionamos correas para cubiertas ligeras, industriales, inclinadas, planas o curvas. Nos adaptamos a cualquier geometr\u00eda.\"}},{\"@type\":\"Question\",\"name\":\"&lt;strong>&lt;strong>\u00bfEl c\u00e1lculo tiene en cuenta la normativa vigente?&lt;\/strong>&lt;\/strong>\",\"acceptedAnswer\":{\"@type\":\"Answer\",\"text\":\"Por supuesto. Todos nuestros c\u00e1lculos cumplen la normativa estructural aplicable (CTE, Euroc\u00f3digo, NTP, etc.), y siempre se revisan por un ingeniero especializado.\"}}]}<\/script><div class=\"wpsp-faq__wrap wpsp-buttons-layout-wrap\">\n<div class=\"wp-block-wpsp-faq-child wpsp-faq-child__outer-wrap wpsp-block-5d6ecd95\"><div class=\"wpsp-faq-child__wrapper\"><div class=\"wpsp-faq-item\" role=\"tab\" tabindex=\"0\"><div class=\"wpsp-faq-questions-button wpsp-faq-questions\"><span class=\"wpsp-icon wpsp-faq-icon-wrap\"><svg xmlns=\"http:\/\/www.w3.org\/2000\/svg\" viewbox=\"0 0 448 512\"><path d=\"M416 208H272V64c0-17.67-14.33-32-32-32h-32c-17.67 0-32 14.33-32 32v144H32c-17.67 0-32 14.33-32 32v32c0 17.67 14.33 32 32 32h144v144c0 17.67 14.33 32 32 32h32c17.67 0 32-14.33 32-32V304h144c17.67 0 32-14.33 32-32v-32c0-17.67-14.33-32-32-32z\"><\/path><\/svg><\/span><span class=\"wpsp-icon-active wpsp-faq-icon-wrap\"><svg xmlns=\"http:\/\/www.w3.org\/2000\/svg\" viewbox=\"0 0 448 512\"><path d=\"M416 208H32c-17.67 0-32 14.33-32 32v32c0 17.67 14.33 32 32 32h384c17.67 0 32-14.33 32-32v-32c0-17.67-14.33-32-32-32z\"><\/path><\/svg><\/span><h3 class=\"wpsp-question\"><strong>What are purlins in a steel structure?<\/strong> &#8211; edited<\/h3><\/div><div class=\"wpsp-faq-content\"><span><p><strong>Purlins in a steel structure<\/strong> are the elements that support the roofing and metallic facade\u2014that is, they support the roof or facade package. <strong>Metal purlins<\/strong> are fundamental in providing stability and structural strength, distributing the roof loads to the main frame elements of the structure.  <\/p><\/span><\/div><\/div><\/div><\/div>\n\n\n\n<div class=\"wp-block-wpsp-faq-child wpsp-faq-child__outer-wrap wpsp-block-f2542abe\"><div class=\"wpsp-faq-child__wrapper\"><div class=\"wpsp-faq-item\" role=\"tab\" tabindex=\"0\"><div class=\"wpsp-faq-questions-button wpsp-faq-questions\"><span class=\"wpsp-icon wpsp-faq-icon-wrap\"><svg xmlns=\"http:\/\/www.w3.org\/2000\/svg\" viewbox=\"0 0 448 512\"><path d=\"M416 208H272V64c0-17.67-14.33-32-32-32h-32c-17.67 0-32 14.33-32 32v144H32c-17.67 0-32 14.33-32 32v32c0 17.67 14.33 32 32 32h144v144c0 17.67 14.33 32 32 32h32c17.67 0 32-14.33 32-32V304h144c17.67 0 32-14.33 32-32v-32c0-17.67-14.33-32-32-32z\"><\/path><\/svg><\/span><span class=\"wpsp-icon-active wpsp-faq-icon-wrap\"><svg xmlns=\"http:\/\/www.w3.org\/2000\/svg\" viewbox=\"0 0 448 512\"><path d=\"M416 208H32c-17.67 0-32 14.33-32 32v32c0 17.67 14.33 32 32 32h384c17.67 0 32-14.33 32-32v-32c0-17.67-14.33-32-32-32z\"><\/path><\/svg><\/span><h3 class=\"wpsp-question\"><strong>What is the sheeting effect?<\/strong><\/h3><\/div><div class=\"wpsp-faq-content\"><span><p>El <strong>efecto sheeting<\/strong>, tambi\u00e9n conocido como efecto diafragma, es la rigidez aportada por el cerramiento de la cubierta. Este efecto se debe a la rigidez rotacional provocada por el cerramiento de la cubierta, el elemento de uni\u00f3n entre este cerramiento y la correa, y la propia distorsi\u00f3n del perfil de la correa. Este fen\u00f3meno es crucial para la estabilidad y el comportamiento din\u00e1mico de las <strong>metal structures<\/strong>.<\/p><\/span><\/div><\/div><\/div><\/div>\n\n\n\n<div class=\"wp-block-wpsp-faq-child wpsp-faq-child__outer-wrap wpsp-block-c37ad687\"><div class=\"wpsp-faq-child__wrapper\"><div class=\"wpsp-faq-item\" role=\"tab\" tabindex=\"0\"><div class=\"wpsp-faq-questions-button wpsp-faq-questions\"><span class=\"wpsp-icon wpsp-faq-icon-wrap\"><svg xmlns=\"http:\/\/www.w3.org\/2000\/svg\" viewbox=\"0 0 448 512\"><path d=\"M416 208H272V64c0-17.67-14.33-32-32-32h-32c-17.67 0-32 14.33-32 32v144H32c-17.67 0-32 14.33-32 32v32c0 17.67 14.33 32 32 32h144v144c0 17.67 14.33 32 32 32h32c17.67 0 32-14.33 32-32V304h144c17.67 0 32-14.33 32-32v-32c0-17.67-14.33-32-32-32z\"><\/path><\/svg><\/span><span class=\"wpsp-icon-active wpsp-faq-icon-wrap\"><svg xmlns=\"http:\/\/www.w3.org\/2000\/svg\" viewbox=\"0 0 448 512\"><path d=\"M416 208H32c-17.67 0-32 14.33-32 32v32c0 17.67 14.33 32 32 32h384c17.67 0 32-14.33 32-32v-32c0-17.67-14.33-32-32-32z\"><\/path><\/svg><\/span><h3 class=\"wpsp-question\"><strong>Do you perform calculations for roof purlins?<\/strong><\/h3><\/div><div class=\"wpsp-faq-content\"><span><p>Yes, at Jansa Metal, we perform <strong>purlin calculations<\/strong> for all types of <strong>metal roofs.<\/strong> Our team of engineers ensures that the purlins are correctly designed and dimensioned to support the specific loads of each project, thus guaranteeing the safety and durability of the structure. <\/p><\/span><\/div><\/div><\/div><\/div>\n\n\n\n<div class=\"wp-block-wpsp-faq-child wpsp-faq-child__outer-wrap wpsp-block-04f4d586\"><div class=\"wpsp-faq-child__wrapper\"><div class=\"wpsp-faq-item\" role=\"tab\" tabindex=\"0\"><div class=\"wpsp-faq-questions-button wpsp-faq-questions\"><span class=\"wpsp-icon wpsp-faq-icon-wrap\"><svg xmlns=\"http:\/\/www.w3.org\/2000\/svg\" viewbox=\"0 0 448 512\"><path d=\"M416 208H272V64c0-17.67-14.33-32-32-32h-32c-17.67 0-32 14.33-32 32v144H32c-17.67 0-32 14.33-32 32v32c0 17.67 14.33 32 32 32h144v144c0 17.67 14.33 32 32 32h32c17.67 0 32-14.33 32-32V304h144c17.67 0 32-14.33 32-32v-32c0-17.67-14.33-32-32-32z\"><\/path><\/svg><\/span><span class=\"wpsp-icon-active wpsp-faq-icon-wrap\"><svg xmlns=\"http:\/\/www.w3.org\/2000\/svg\" viewbox=\"0 0 448 512\"><path d=\"M416 208H32c-17.67 0-32 14.33-32 32v32c0 17.67 14.33 32 32 32h384c17.67 0 32-14.33 32-32v-32c0-17.67-14.33-32-32-32z\"><\/path><\/svg><\/span><h3 class=\"wpsp-question\"><strong><strong>What are Z, C, and Sigma-type purlins?<\/strong><\/strong><\/h3><\/div><div class=\"wpsp-faq-content\"><span><p>Una <strong>correa tipo Z, C y Sigma<\/strong> es un perfil laminado en fr\u00edo obtenido a partir de una chapa galvanizada, conformado para tener unas propiedades mec\u00e1nicas \u00f3ptimas para su uso en fachadas o cubiertas. Estos perfiles se diferencian por su geometr\u00eda:<br\/><br\/><strong>Correa tipo Z:<\/strong> Tiene una forma en &#8220;Z&#8221; y se utiliza com\u00fanmente en aplicaciones donde se requiere solapamiento.<br\/><strong>Correa tipo C:<\/strong> Tiene una forma en &#8220;C&#8221; y es ampliamente utilizada en la construcci\u00f3n de marcos y refuerzos.<br\/><strong>Correa tipo Sigma:<\/strong> Tiene una forma en &#8220;\u03a3&#8221; y ofrece una combinaci\u00f3n de alta resistencia y rigidez, adecuada para diversas aplicaciones estructurales.<br\/><br\/>Estas correas son esenciales en la construcci\u00f3n de <strong>metal structures<\/strong> debido a sus propiedades mec\u00e1nicas y facilidad de instalaci\u00f3n.<\/p><\/span><\/div><\/div><\/div><\/div>\n\n\n\n<div class=\"wp-block-wpsp-faq-child wpsp-faq-child__outer-wrap wpsp-block-f4cdebb5\"><div class=\"wpsp-faq-child__wrapper\"><div class=\"wpsp-faq-item\" role=\"tab\" tabindex=\"0\"><div class=\"wpsp-faq-questions-button wpsp-faq-questions\"><span class=\"wpsp-icon wpsp-faq-icon-wrap\"><svg xmlns=\"http:\/\/www.w3.org\/2000\/svg\" viewbox=\"0 0 448 512\"><path d=\"M416 208H272V64c0-17.67-14.33-32-32-32h-32c-17.67 0-32 14.33-32 32v144H32c-17.67 0-32 14.33-32 32v32c0 17.67 14.33 32 32 32h144v144c0 17.67 14.33 32 32 32h32c17.67 0 32-14.33 32-32V304h144c17.67 0 32-14.33 32-32v-32c0-17.67-14.33-32-32-32z\"><\/path><\/svg><\/span><span class=\"wpsp-icon-active wpsp-faq-icon-wrap\"><svg xmlns=\"http:\/\/www.w3.org\/2000\/svg\" viewbox=\"0 0 448 512\"><path d=\"M416 208H32c-17.67 0-32 14.33-32 32v32c0 17.67 14.33 32 32 32h384c17.67 0 32-14.33 32-32v-32c0-17.67-14.33-32-32-32z\"><\/path><\/svg><\/span><h3 class=\"wpsp-question\"><strong><strong>Do you offer structural calculations for any type of metal roof?<\/strong><\/strong><\/h3><\/div><div class=\"wpsp-faq-content\"><span><p>Yes. We dimension purlins for light, industrial, pitched, flat, or curved roofs. We adapt to any geometry.  <\/p><\/span><\/div><\/div><\/div><\/div>\n\n\n\n<div class=\"wp-block-wpsp-faq-child wpsp-faq-child__outer-wrap wpsp-block-d8a128d1\"><div class=\"wpsp-faq-child__wrapper\"><div class=\"wpsp-faq-item\" role=\"tab\" tabindex=\"0\"><div class=\"wpsp-faq-questions-button wpsp-faq-questions\"><span class=\"wpsp-icon wpsp-faq-icon-wrap\"><svg xmlns=\"http:\/\/www.w3.org\/2000\/svg\" viewbox=\"0 0 448 512\"><path d=\"M416 208H272V64c0-17.67-14.33-32-32-32h-32c-17.67 0-32 14.33-32 32v144H32c-17.67 0-32 14.33-32 32v32c0 17.67 14.33 32 32 32h144v144c0 17.67 14.33 32 32 32h32c17.67 0 32-14.33 32-32V304h144c17.67 0 32-14.33 32-32v-32c0-17.67-14.33-32-32-32z\"><\/path><\/svg><\/span><span class=\"wpsp-icon-active wpsp-faq-icon-wrap\"><svg xmlns=\"http:\/\/www.w3.org\/2000\/svg\" viewbox=\"0 0 448 512\"><path d=\"M416 208H32c-17.67 0-32 14.33-32 32v32c0 17.67 14.33 32 32 32h384c17.67 0 32-14.33 32-32v-32c0-17.67-14.33-32-32-32z\"><\/path><\/svg><\/span><h3 class=\"wpsp-question\"><strong><strong>Are the calculations carried out in accordance with current regulations?<\/strong><\/strong><\/h3><\/div><div class=\"wpsp-faq-content\"><span><p>Of course. All our calculations comply with the applicable structural regulations (CTE, Eurocode, NTP, etc.), and are always reviewed by a specialized engineer. <\/p><\/span><\/div><\/div><\/div><\/div>\n<\/div><\/div>\n","protected":false},"excerpt":{"rendered":"","protected":false},"author":1,"featured_media":0,"parent":0,"menu_order":0,"comment_status":"closed","ping_status":"closed","template":"","meta":{"_uag_custom_page_level_css":"","site-sidebar-layout":"default","site-content-layout":"","ast-site-content-layout":"default","site-content-style":"default","site-sidebar-style":"default","ast-global-header-display":"","ast-banner-title-visibility":"","ast-main-header-display":"","ast-hfb-above-header-display":"","ast-hfb-below-header-display":"","ast-hfb-mobile-header-display":"","site-post-title":"","ast-breadcrumbs-content":"","ast-featured-img":"","footer-sml-layout":"","ast-disable-related-posts":"","theme-transparent-header-meta":"","adv-header-id-meta":"","stick-header-meta":"","header-above-stick-meta":"","header-main-stick-meta":"","header-below-stick-meta":"","astra-migrate-meta-layouts":"default","ast-page-background-enabled":"default","ast-page-background-meta":{"desktop":{"background-color":"var(--ast-global-color-4)","background-image":"","background-repeat":"repeat","background-position":"center center","background-size":"auto","background-attachment":"scroll","background-type":"","background-media":"","overlay-type":"","overlay-color":"","overlay-opacity":"","overlay-gradient":""},"tablet":{"background-color":"","background-image":"","background-repeat":"repeat","background-position":"center center","background-size":"auto","background-attachment":"scroll","background-type":"","background-media":"","overlay-type":"","overlay-color":"","overlay-opacity":"","overlay-gradient":""},"mobile":{"background-color":"","background-image":"","background-repeat":"repeat","background-position":"center center","background-size":"auto","background-attachment":"scroll","background-type":"","background-media":"","overlay-type":"","overlay-color":"","overlay-opacity":"","overlay-gradient":""}},"ast-content-background-meta":{"desktop":{"background-color":"var(--ast-global-color-5)","background-image":"","background-repeat":"repeat","background-position":"center center","background-size":"auto","background-attachment":"scroll","background-type":"","background-media":"","overlay-type":"","overlay-color":"","overlay-opacity":"","overlay-gradient":""},"tablet":{"background-color":"var(--ast-global-color-5)","background-image":"","background-repeat":"repeat","background-position":"center center","background-size":"auto","background-attachment":"scroll","background-type":"","background-media":"","overlay-type":"","overlay-color":"","overlay-opacity":"","overlay-gradient":""},"mobile":{"background-color":"var(--ast-global-color-5)","background-image":"","background-repeat":"repeat","background-position":"center center","background-size":"auto","background-attachment":"scroll","background-type":"","background-media":"","overlay-type":"","overlay-color":"","overlay-opacity":"","overlay-gradient":""}},"footnotes":""},"class_list":["post-11665","page","type-page","status-publish","hentry"],"spectra_custom_meta":{"rank_math_internal_links_processed":["1"],"_wpml_media_duplicate":["1"],"_wpml_media_featured":["1"],"ast-main-header-display":[""],"ast-hfb-above-header-display":[""],"ast-hfb-below-header-display":[""],"ast-hfb-mobile-header-display":[""],"adv-header-id-meta":[""],"footer-sml-layout":[""],"stick-header-meta":[""],"header-main-stick-meta":[""],"header-above-stick-meta":[""],"header-below-stick-meta":[""],"site-post-title":[""],"site-sidebar-layout":["default"],"site-content-layout":[""],"ast-featured-img":[""],"ast-breadcrumbs-content":[""],"theme-transparent-header-meta":[""],"ast-banner-title-visibility":[""],"ast-global-header-display":[""],"ast-site-content-layout":["default"],"site-content-style":["default"],"site-sidebar-style":["default"],"_top_nav_excluded":[""],"_cms_nav_minihome":[""],"_last_translation_edit_mode":["translation-editor"],"_wpml_word_count":["390"],"_wp_page_template":[""],"_edit_last":["7"],"_edit_lock":["1764683589:7"],"_uag_css_file_name":["uag-css-11665.css"],"_uag_js_file_name":["uag-js-11665.js"],"rank_math_analytic_object_id":["4"]},"uagb_featured_image_src":{"full":false,"thumbnail":false,"medium":false,"medium_large":false,"large":false,"1536x1536":false,"2048x2048":false,"wpca-thumb":false},"uagb_author_info":{"display_name":"admin","author_link":"https:\/\/jansametal.com\/en\/author\/anjo\/"},"uagb_comment_info":0,"uagb_excerpt":null,"_links":{"self":[{"href":"https:\/\/jansametal.com\/en\/wp-json\/wp\/v2\/pages\/11665","targetHints":{"allow":["GET"]}}],"collection":[{"href":"https:\/\/jansametal.com\/en\/wp-json\/wp\/v2\/pages"}],"about":[{"href":"https:\/\/jansametal.com\/en\/wp-json\/wp\/v2\/types\/page"}],"author":[{"embeddable":true,"href":"https:\/\/jansametal.com\/en\/wp-json\/wp\/v2\/users\/1"}],"replies":[{"embeddable":true,"href":"https:\/\/jansametal.com\/en\/wp-json\/wp\/v2\/comments?post=11665"}],"version-history":[{"count":0,"href":"https:\/\/jansametal.com\/en\/wp-json\/wp\/v2\/pages\/11665\/revisions"}],"wp:attachment":[{"href":"https:\/\/jansametal.com\/en\/wp-json\/wp\/v2\/media?parent=11665"}],"curies":[{"name":"wp","href":"https:\/\/api.w.org\/{rel}","templated":true}]}}