{"id":10425,"date":"2024-10-28T07:41:52","date_gmt":"2024-10-28T06:41:52","guid":{"rendered":"https:\/\/jansa.serveistic.com\/politique-en-matiere-de-cookies\/"},"modified":"2025-09-24T14:57:38","modified_gmt":"2025-09-24T12:57:38","slug":"politique-en-matiere-de-cookies","status":"publish","type":"page","link":"https:\/\/jansametal.com\/fr\/politique-en-matiere-de-cookies\/","title":{"rendered":"Politique en mati\u00e8re de cookies"},"content":{"rendered":"\n<div class=\"wp-block-uagb-container uagb-block-218b8e1f alignfull uagb-is-root-container\"><div class=\"uagb-container-inner-blocks-wrap\">\n<h1 class=\"wp-block-heading\">Politique en mati\u00e8re de cookies<\/h1>\n\n\n\n<p>Jansa Metal, S.A. fournit des informations sur l&rsquo;utilisation des cookies sur son site web : <a href=\"http:\/\/www.jansametal.com\">www.jansametal.com.<\/a><\/p>\n\n\n\n<p><strong>Que sont les cookies ?<\/strong><br\/>Les cookies sont des fichiers qui peuvent \u00eatre t\u00e9l\u00e9charg\u00e9s sur votre ordinateur via les pages web. Ce sont des outils qui jouent un r\u00f4le essentiel dans la prestation de nombreux services de la soci\u00e9t\u00e9 de l&rsquo;information. Entre autres, ils permettent \u00e0 une page web de stocker et de r\u00e9cup\u00e9rer des informations sur les habitudes de navigation d&rsquo;un utilisateur ou de son \u00e9quipement et, en fonction des informations obtenues, ils peuvent \u00eatre utilis\u00e9s pour reconna\u00eetre l&rsquo;utilisateur et am\u00e9liorer le service offert.  <\/p>\n\n\n\n<p><strong>Types de cookies <\/strong><br\/>Selon l&rsquo;entit\u00e9 qui g\u00e8re le domaine d&rsquo;o\u00f9 sont envoy\u00e9s les cookies et qui traite les donn\u00e9es obtenues, on peut distinguer deux types :<\/p>\n\n\n\n<p>Cookies internes :<br\/>Ce sont les cookies qui sont envoy\u00e9s \u00e0 l&rsquo;\u00e9quipement terminal de l&rsquo;utilisateur depuis un \u00e9quipement ou un domaine g\u00e9r\u00e9 par l&rsquo;\u00e9diteur lui-m\u00eame et \u00e0 partir duquel le service demand\u00e9 par l&rsquo;utilisateur est fourni.<\/p>\n\n\n\n<p>Cookies de tiers :<br\/>Ce sont les cookies qui sont envoy\u00e9s \u00e0 l&rsquo;\u00e9quipement terminal de l&rsquo;utilisateur depuis un \u00e9quipement ou un domaine qui n&rsquo;est pas g\u00e9r\u00e9 par l&rsquo;\u00e9diteur, mais par une autre entit\u00e9 qui traite les donn\u00e9es obtenues via les cookies.<br\/>Dans le cas o\u00f9 les cookies sont install\u00e9s depuis un \u00e9quipement ou un domaine g\u00e9r\u00e9 par l&rsquo;\u00e9diteur lui-m\u00eame mais que les informations collect\u00e9es par leur biais sont g\u00e9r\u00e9es par un tiers, ils ne peuvent pas \u00eatre consid\u00e9r\u00e9s comme des cookies internes.<\/p>\n\n\n\n<p>Il existe \u00e9galement une deuxi\u00e8me classification en fonction de la dur\u00e9e pendant laquelle ils restent stock\u00e9s dans le navigateur du client :<\/p>\n\n\n\n<p>Cookies de session :<br\/>Con\u00e7us pour collecter et stocker des donn\u00e9es pendant que l&rsquo;utilisateur acc\u00e8de \u00e0 une page web. Ils sont g\u00e9n\u00e9ralement utilis\u00e9s pour stocker des informations dont la conservation n&rsquo;est n\u00e9cessaire que pour la prestation du service demand\u00e9 par l&rsquo;utilisateur en une seule occasion (par exemple, une liste de produits achet\u00e9s). <\/p>\n\n\n\n<p>Cookies persistants:<br\/>Les donn\u00e9es restent stock\u00e9es sur le terminal et peuvent \u00eatre consult\u00e9es et trait\u00e9es pendant une p\u00e9riode d\u00e9finie par le responsable du cookie, qui peut aller de quelques minutes \u00e0 plusieurs ann\u00e9es.<br\/>Data Protection \u2013 Cookie Policy 2\/6<br\/>Jansa Metal, S.A.<\/p>\n\n\n\n<p>Enfin, il existe une autre classification en six types de cookies en fonction de la finalit\u00e9 pour laquelle les donn\u00e9es obtenues sont trait\u00e9es :<\/p>\n\n\n\n<p>Cookies techniques:<br\/>Ceux qui permettent \u00e0 l&rsquo;utilisateur de naviguer sur une page web, une plateforme ou une application et d&rsquo;utiliser les diff\u00e9rentes options ou services qui y existent comme, par exemple, contr\u00f4ler le trafic et la communication de donn\u00e9es, identifier la session, acc\u00e9der \u00e0 des parties d&rsquo;acc\u00e8s restreint, m\u00e9moriser les \u00e9l\u00e9ments qui composent une commande, r\u00e9aliser le processus d&rsquo;achat d&rsquo;une commande, faire la demande d&rsquo;inscription ou de participation \u00e0 un \u00e9v\u00e9nement, utiliser des \u00e9l\u00e9ments de s\u00e9curit\u00e9 pendant la navigation, stocker des contenus pour la diffusion de vid\u00e9os ou de son ou partager des contenus via les r\u00e9seaux sociaux.<\/p>\n\n\n\n<p>Cookies de personnalisation:<br\/>Ils permettent \u00e0 l&rsquo;utilisateur d&rsquo;acc\u00e9der au service avec certaines caract\u00e9ristiques de nature g\u00e9n\u00e9rale pr\u00e9d\u00e9finies en fonction d&rsquo;une s\u00e9rie de crit\u00e8res sur le terminal de l&rsquo;utilisateur, tels que la langue, le type de navigateur par lequel il acc\u00e8de au service, la configuration r\u00e9gionale \u00e0 partir de laquelle il acc\u00e8de au service, etc.<\/p>\n\n\n\n<p>Cookies d&rsquo;analyse:<br\/>Ils permettent au responsable des cookies le suivi et l&rsquo;analyse du comportement des utilisateurs des sites web auxquels ils sont li\u00e9s. Les informations collect\u00e9es par ce type de cookies sont utilis\u00e9es dans la mesure de l&rsquo;activit\u00e9 des sites web, de l&rsquo;application ou de la plateforme et pour l&rsquo;\u00e9laboration de profils de navigation des utilisateurs desdits sites, applications et plateformes, dans le but d&rsquo;introduire des am\u00e9liorations en fonction de l&rsquo;analyse des donn\u00e9es d&rsquo;utilisation que les utilisateurs font du service. <\/p>\n\n\n\n<p>Cookies publicitaires:<br\/>Ils permettent la gestion, de la mani\u00e8re la plus efficace possible, des espaces publicitaires.<\/p>\n\n\n\n<p>Cookies de publicit\u00e9 comportementale:<br\/>Ils stockent des informations sur le comportement des utilisateurs obtenues gr\u00e2ce \u00e0 l&rsquo;observation continue de leurs habitudes de navigation, ce qui permet de d\u00e9velopper un profil sp\u00e9cifique pour afficher de la publicit\u00e9 en fonction de celui-ci.<\/p>\n\n\n\n<p>Cookies de r\u00e9seaux sociaux externes:<br\/>Ils sont utilis\u00e9s pour que les visiteurs puissent interagir avec le contenu de diff\u00e9rentes plateformes sociales (Facebook, YouTube, Twitter, LinkedIn, etc.) et ne sont g\u00e9n\u00e9r\u00e9s que pour les utilisateurs de ces r\u00e9seaux sociaux. Les conditions d&rsquo;utilisation de ces cookies et les informations collect\u00e9es sont r\u00e9gies par la politique de confidentialit\u00e9 de la plateforme sociale correspondante.<br\/>Data Protection \u2013 Cookie Policy 3\/6<br\/>Jansa Metal, S.A. <\/p>\n\n\n\n<p><strong>D\u00e9sactivation et suppression des cookies<\/strong><br\/>Vous avez la possibilit\u00e9 d&rsquo;autoriser, de bloquer ou de supprimer les cookies install\u00e9s sur votre \u00e9quipement en configurant les options du navigateur install\u00e9 sur votre \u00e9quipement. En d\u00e9sactivant les cookies, certains des services disponibles pourraient ne plus \u00eatre op\u00e9rationnels. La mani\u00e8re de d\u00e9sactiver les cookies est diff\u00e9rente pour chaque navigateur, mais cela peut g\u00e9n\u00e9ralement \u00eatre fait \u00e0 partir du menu Outils ou Options. Vous pouvez \u00e9galement consulter le menu Aide du navigateur o\u00f9 vous trouverez des instructions. L&rsquo;utilisateur peut \u00e0 tout moment choisir quels cookies il souhaite faire fonctionner sur ce site web.    <\/p>\n\n\n\n<p>Vous pouvez autoriser, bloquer ou supprimer les cookies install\u00e9s sur votre ordinateur en configurant les options du navigateur install\u00e9 sur votre ordinateur :<\/p>\n\n\n\n<p>\u2022 Microsoft Internet Explorer o Microsoft Edge:<br\/>http:\/\/windows.microsoft.com\/es-es\/windows-vista\/Block-or-allow-cookies<br\/>\u2022 Mozilla Firefox:<br\/>http:\/\/support.mozilla.org\/es\/kb\/impedir-que-los-sitios-web-guarden-sus-preferencia<br\/>\u2022 Chrome:<br\/>https:\/\/support.google.com\/accounts\/answer\/61416?hl=es<br\/>\u2022 Safari:<br\/>http:\/\/safari.helpmax.net\/es\/privacidad-y-seguridad\/como-gestionar-las-cookies\/<br\/>\u2022 Opera:<br\/>http:\/\/help.opera.com\/Linux\/10.60\/es-ES\/cookies.html<br\/>De plus, vous pouvez \u00e9galement g\u00e9rer le stockage des cookies dans votre navigateur via des outils tels que les<br\/>suivants :<br\/>\u2022 Ghostery:<br\/>www.ghostery.com\/<br\/>\u2022 Your Online Choices:<br\/>www.youronlinechoices.com\/es\/<br\/>Data Protection \u2013 Cookie Policy 4\/6<br\/>Jansa Metal, S.A.<\/p>\n\n\n\n<p><strong>Cookies utilis\u00e9s sur www.jansametal.com<\/strong><br\/>Ci-dessous sont identifi\u00e9s les cookies qui sont utilis\u00e9s sur ce portail ainsi que leur typologie et leur fonction :<\/p>\n\n\n\n<p>_ga<br\/>Dur\u00e9e : 2 ans<br\/>Description : Il sert \u00e0 distinguer les utilisateurs. G\u00e9n\u00e9r\u00e9 par Google Analytics. Google stocke les informations collect\u00e9es par les cookies sur des serveurs situ\u00e9s aux \u00c9tats-Unis, en conformit\u00e9 avec la l\u00e9gislation europ\u00e9enne sur la protection des donn\u00e9es personnelles et s&rsquo;engage \u00e0 ne pas les partager avec des tiers, sauf lorsque la loi l&rsquo;y oblige ou si cela est n\u00e9cessaire au fonctionnement du syst\u00e8me. Google n&rsquo;associe pas votre adresse IP \u00e0 d&rsquo;autres informations qu&rsquo;il d\u00e9tiendrait. Si vous souhaitez obtenir plus d&rsquo;informations sur les cookies utilis\u00e9s par Google Analytics, veuillez acc\u00e9der \u00e0 cette adresse : https:\/\/developers.google.com\/analytics\/devguides\/collection\/analyticsjs\/cookie-usage?hl=es&amp;csw=1<br\/>Type : Tiers<br\/>Finalit\u00e9 : Analytique    <\/p>\n\n\n\n<p>_gat<br\/>Dur\u00e9e : 1 minute<br\/>Description : Utilis\u00e9 pour afficher notre publicit\u00e9 sur d&rsquo;autres pages du r\u00e9seau Google. G\u00e9n\u00e9r\u00e9 par Google Analytics. Google stocke les informations collect\u00e9es par les cookies sur des serveurs situ\u00e9s aux \u00c9tats-Unis, en conformit\u00e9 avec la l\u00e9gislation europ\u00e9enne sur la protection des donn\u00e9es personnelles et s&rsquo;engage \u00e0 ne pas les partager avec des tiers, sauf lorsque la loi l&rsquo;y oblige ou si cela est n\u00e9cessaire au fonctionnement du syst\u00e8me. Google n&rsquo;associe pas votre adresse IP \u00e0 d&rsquo;autres informations qu&rsquo;il d\u00e9tiendrait. Si vous souhaitez obtenir plus d&rsquo;informations sur les cookies utilis\u00e9s par Google Analytics, veuillez acc\u00e9der \u00e0 cette adresse : https:\/\/developers.google.com\/analytics\/devguides\/collection\/analyticsjs\/cookie-usage?hl=es&amp;csw=1<br\/>Type : Tiers<br\/>Finalit\u00e9 : Publicit\u00e9 comportementale   <\/p>\n\n\n\n<p>_gid<br\/>Dur\u00e9e : 24 heures<br\/>Description : G\u00e9n\u00e9r\u00e9 par Google Analytics. Google stocke les informations collect\u00e9es par les cookies sur des serveurs situ\u00e9s aux \u00c9tats-Unis, en conformit\u00e9 avec la l\u00e9gislation europ\u00e9enne sur la protection des donn\u00e9es personnelles et s&rsquo;engage \u00e0 ne pas les partager avec des tiers, sauf lorsque la loi l&rsquo;y oblige ou si cela est n\u00e9cessaire au fonctionnement du syst\u00e8me. Google n&rsquo;associe pas votre adresse IP \u00e0 d&rsquo;autres informations qu&rsquo;il d\u00e9tiendrait. Si vous souhaitez obtenir plus d&rsquo;informations sur les cookies utilis\u00e9s par Google Analytics, veuillez acc\u00e9der \u00e0 cette adresse : https:\/\/developers.google.com\/analytics\/devguides\/collection\/analyticsjs\/cookie-usage?hl=es&amp;csw<br\/>Type : Tiers<br\/>Finalit\u00e9 : Publicit\u00e9 comportementale   <\/p>\n\n\n\n<p>_gac_<br\/>Dur\u00e9e : 90 jours<br\/>Description : Inclut des informations sur la campagne relatives \u00e0 l&rsquo;utilisateur. Si vous avez li\u00e9 vos comptes Google Analytics et AdWords, les balises de conversion de sites web liront ce cookie, \u00e0 moins que vous ne le d\u00e9sactiviez.<br\/>Type : Tiers<br\/>Finalit\u00e9 : Analytique <\/p>\n\n\n\n<p><strong>Acceptation de la Politique en mati\u00e8re de cookies<\/strong><br\/>www.jansametal.com part du principe que vous acceptez l&rsquo;utilisation des cookies. Cependant, il affiche des informations sur sa Politique en mati\u00e8re de cookies en bas ou en haut de n&rsquo;importe quelle page du portail \u00e0 chaque d\u00e9but de session afin que vous en soyez conscient. <\/p>\n\n\n\n<p>Compte tenu de ces informations, il est possible d&rsquo;effectuer les actions suivantes :<\/p>\n\n\n\n<p>Accepter les cookies:<br\/>Cet avis ne sera plus affich\u00e9 lors de l&rsquo;acc\u00e8s \u00e0 n&rsquo;importe quelle page du portail pendant la session en cours.<\/p>\n\n\n\n<p>Fermer:<br\/>L&rsquo;avis est masqu\u00e9 sur la page actuelle.<\/p>\n\n\n\n<p>Modifier votre configuration:<br\/>Vous pourrez obtenir plus d&rsquo;informations sur ce que sont les cookies, conna\u00eetre la Politique en mati\u00e8re de cookies de: <br\/>www.jansametal.com et modifier la configuration de votre navigateur.<\/p>\n<\/div><\/div>\n","protected":false},"excerpt":{"rendered":"<p>Politique en mati\u00e8re de cookies Jansa Metal, S.A. fournit des informations sur l&rsquo;utilisation des cookies sur son site web : www.jansametal.com. Que sont les cookies ?Les cookies sont des fichiers qui peuvent \u00eatre t\u00e9l\u00e9charg\u00e9s sur votre ordinateur via les pages web. Ce sont des outils qui jouent un r\u00f4le essentiel dans la prestation de nombreux [&hellip;]<\/p>\n","protected":false},"author":1,"featured_media":0,"parent":0,"menu_order":0,"comment_status":"closed","ping_status":"closed","template":"","meta":{"_uag_custom_page_level_css":"","site-sidebar-layout":"default","site-content-layout":"","ast-site-content-layout":"default","site-content-style":"default","site-sidebar-style":"default","ast-global-header-display":"","ast-banner-title-visibility":"","ast-main-header-display":"","ast-hfb-above-header-display":"","ast-hfb-below-header-display":"","ast-hfb-mobile-header-display":"","site-post-title":"","ast-breadcrumbs-content":"","ast-featured-img":"","footer-sml-layout":"","ast-disable-related-posts":"","theme-transparent-header-meta":"","adv-header-id-meta":"","stick-header-meta":"","header-above-stick-meta":"","header-main-stick-meta":"","header-below-stick-meta":"","astra-migrate-meta-layouts":"default","ast-page-background-enabled":"default","ast-page-background-meta":{"desktop":{"background-color":"var(--ast-global-color-4)","background-image":"","background-repeat":"repeat","background-position":"center center","background-size":"auto","background-attachment":"scroll","background-type":"","background-media":"","overlay-type":"","overlay-color":"","overlay-opacity":"","overlay-gradient":""},"tablet":{"background-color":"","background-image":"","background-repeat":"repeat","background-position":"center center","background-size":"auto","background-attachment":"scroll","background-type":"","background-media":"","overlay-type":"","overlay-color":"","overlay-opacity":"","overlay-gradient":""},"mobile":{"background-color":"","background-image":"","background-repeat":"repeat","background-position":"center center","background-size":"auto","background-attachment":"scroll","background-type":"","background-media":"","overlay-type":"","overlay-color":"","overlay-opacity":"","overlay-gradient":""}},"ast-content-background-meta":{"desktop":{"background-color":"var(--ast-global-color-5)","background-image":"","background-repeat":"repeat","background-position":"center center","background-size":"auto","background-attachment":"scroll","background-type":"","background-media":"","overlay-type":"","overlay-color":"","overlay-opacity":"","overlay-gradient":""},"tablet":{"background-color":"var(--ast-global-color-5)","background-image":"","background-repeat":"repeat","background-position":"center center","background-size":"auto","background-attachment":"scroll","background-type":"","background-media":"","overlay-type":"","overlay-color":"","overlay-opacity":"","overlay-gradient":""},"mobile":{"background-color":"var(--ast-global-color-5)","background-image":"","background-repeat":"repeat","background-position":"center center","background-size":"auto","background-attachment":"scroll","background-type":"","background-media":"","overlay-type":"","overlay-color":"","overlay-opacity":"","overlay-gradient":""}},"footnotes":""},"class_list":["post-10425","page","type-page","status-publish","hentry"],"spectra_custom_meta":{"_wpml_media_duplicate":["1"],"_wpml_media_featured":["1"],"adv-header-id-meta":[""],"stick-header-meta":[""],"theme-transparent-header-meta":[""],"ast-site-content-layout":["default"],"_top_nav_excluded":[""],"_cms_nav_minihome":[""],"_last_translation_edit_mode":["translation-editor"],"rank_math_internal_links_processed":["1"],"_uag_css_file_name":["uag-css-10425.css"],"_uag_js_file_name":["uag-js-10425.js"],"rank_math_analytic_object_id":["161"]},"uagb_featured_image_src":{"full":false,"thumbnail":false,"medium":false,"medium_large":false,"large":false,"1536x1536":false,"2048x2048":false,"wpca-thumb":false},"uagb_author_info":{"display_name":"admin","author_link":"https:\/\/jansametal.com\/fr\/author\/anjo\/"},"uagb_comment_info":0,"uagb_excerpt":"Politique en mati\u00e8re de cookies Jansa Metal, S.A. fournit des informations sur l&rsquo;utilisation des cookies sur son site web : www.jansametal.com. Que sont les cookies ?Les cookies sont des fichiers qui peuvent \u00eatre t\u00e9l\u00e9charg\u00e9s sur votre ordinateur via les pages web. Ce sont des outils qui jouent un r\u00f4le essentiel dans la prestation de nombreux\u2026","_links":{"self":[{"href":"https:\/\/jansametal.com\/fr\/wp-json\/wp\/v2\/pages\/10425","targetHints":{"allow":["GET"]}}],"collection":[{"href":"https:\/\/jansametal.com\/fr\/wp-json\/wp\/v2\/pages"}],"about":[{"href":"https:\/\/jansametal.com\/fr\/wp-json\/wp\/v2\/types\/page"}],"author":[{"embeddable":true,"href":"https:\/\/jansametal.com\/fr\/wp-json\/wp\/v2\/users\/1"}],"replies":[{"embeddable":true,"href":"https:\/\/jansametal.com\/fr\/wp-json\/wp\/v2\/comments?post=10425"}],"version-history":[{"count":0,"href":"https:\/\/jansametal.com\/fr\/wp-json\/wp\/v2\/pages\/10425\/revisions"}],"wp:attachment":[{"href":"https:\/\/jansametal.com\/fr\/wp-json\/wp\/v2\/media?parent=10425"}],"curies":[{"name":"wp","href":"https:\/\/api.w.org\/{rel}","templated":true}]}}