{"id":10492,"date":"2024-10-28T07:44:08","date_gmt":"2024-10-28T06:44:08","guid":{"rendered":"https:\/\/jansa.serveistic.com\/mentions-legales\/"},"modified":"2025-10-23T10:55:01","modified_gmt":"2025-10-23T08:55:01","slug":"mentions-legales","status":"publish","type":"page","link":"https:\/\/jansametal.com\/fr\/mentions-legales\/","title":{"rendered":"Mentions L\u00e9gales"},"content":{"rendered":"\n<div class=\"wp-block-uagb-container uagb-block-15fc388f alignfull uagb-is-root-container\"><div class=\"uagb-container-inner-blocks-wrap\">\n<h1 class=\"wp-block-heading\">Mentions L\u00e9gales<\/h1>\n\n\n\n<p>En conformit\u00e9 avec le devoir d&rsquo;information \u00e9nonc\u00e9 \u00e0 l&rsquo;article 10 de la Loi espagnole 34\/2002 du 11 juillet, relative aux Services de la Soci\u00e9t\u00e9 de l&rsquo;Information et du Commerce \u00c9lectronique (LSSICE), le propri\u00e9taire du site Web vous informe de ce qui suit :<\/p>\n\n\n\n<p>D\u00e9nomination sociale : Jansa Metal, S.A.<br\/>NIF (Num\u00e9ro d&rsquo;Identification Fiscale) : A58376864<br\/>Adresse : Pol. Ind. Can Massaguer, Parcela 8a, 08430 \u2013 La Roca Del Vall\u00e8s (Barcelona)  <\/p>\n\n\n\n<p>Dans les limites \u00e9tablies par la loi, Jansa Metal, S.A. n&rsquo;assume aucune responsabilit\u00e9 d\u00e9coulant du manque de v\u00e9racit\u00e9, d&rsquo;int\u00e9gralit\u00e9, d&rsquo;actualisation et de pr\u00e9cision des donn\u00e9es ou informations contenues dans ses pages Web.<\/p>\n\n\n\n<p>Les contenus et informations ne lient pas Jansa Metal, S.A. et ne constituent pas des opinions, des conseils ou un conseil juridique de quelque nature que ce soit, car il s&rsquo;agit uniquement d&rsquo;un service offert \u00e0 titre informatif et de diffusion.<\/p>\n\n\n\n<p>Les pages Internet de Jansa Metal, S.A. peuvent contenir des liens (links) vers d&rsquo;autres pages de tiers que Jansa Metal, S.A. ne peut contr\u00f4ler. Par cons\u00e9quent, Jansa Metal, S.A. ne peut assumer de responsabilit\u00e9 pour le contenu qui pourrait appara\u00eetre sur des pages de tiers. <\/p>\n\n\n\n<p>Les textes, images, sons, animations, logiciels et le reste des contenus inclus dans ce site Web sont la propri\u00e9t\u00e9 exclusive de Jansa Metal, S.A. ou de ses conc\u00e9dants de licence. Tout acte de transmission, distribution, cession, reproduction, stockage ou communication publique, totale ou partielle, doit faire l&rsquo;objet du consentement expr\u00e8s de Jansa Metal, S.A. <\/p>\n\n\n\n<p>De m\u00eame, pour acc\u00e9der \u00e0 certains des services que Jansa Metal, S.A. propose via le site Web, vous devrez fournir certaines donn\u00e9es \u00e0 caract\u00e8re personnel. En conformit\u00e9 avec les dispositions du R\u00e8glement (UE) 2016\/679 du Parlement europ\u00e9en et du Conseil, du 27 avril 2016, relatif \u00e0 la protection des personnes physiques \u00e0 l&rsquo;\u00e9gard du traitement des donn\u00e9es \u00e0 caract\u00e8re personnel et \u00e0 la libre circulation de ces donn\u00e9es, nous vous informons que, en remplissant les pr\u00e9sents formulaires, vos donn\u00e9es personnelles seront incorpor\u00e9es et trait\u00e9es dans les fichiers de Jansa Metal, S.A. afin de pouvoir vous fournir et vous offrir nos services ainsi que pour vous informer des am\u00e9liorations du site Web. <\/p>\n\n\n\n<p>Nous vous informons \u00e9galement que vous aurez \u00e0 tout moment la possibilit\u00e9 d&rsquo;exercer gratuitement les droits d&rsquo;acc\u00e8s, de rectification, d&rsquo;annulation, d&rsquo;opposition, de limitation et de portabilit\u00e9 de vos donn\u00e9es \u00e0 caract\u00e8re personnel, en envoyant un courriel \u00e0 : admon@jansametal.com ou \u00e0 l&rsquo;adresse suivante : Pol. Ind. Can Massaguer, Parcela 8a, 08430 \u2013 La Roca Del Vall\u00e8s (Barcelona).  <\/p>\n<\/div><\/div>\n","protected":false},"excerpt":{"rendered":"<p>Mentions L\u00e9gales En conformit\u00e9 avec le devoir d&rsquo;information \u00e9nonc\u00e9 \u00e0 l&rsquo;article 10 de la Loi espagnole 34\/2002 du 11 juillet, relative aux Services de la Soci\u00e9t\u00e9 de l&rsquo;Information et du Commerce \u00c9lectronique (LSSICE), le propri\u00e9taire du site Web vous informe de ce qui suit : D\u00e9nomination sociale : Jansa Metal, S.A.NIF (Num\u00e9ro d&rsquo;Identification Fiscale) : [&hellip;]<\/p>\n","protected":false},"author":1,"featured_media":0,"parent":0,"menu_order":0,"comment_status":"closed","ping_status":"closed","template":"","meta":{"_uag_custom_page_level_css":"","site-sidebar-layout":"default","site-content-layout":"","ast-site-content-layout":"default","site-content-style":"default","site-sidebar-style":"default","ast-global-header-display":"","ast-banner-title-visibility":"","ast-main-header-display":"","ast-hfb-above-header-display":"","ast-hfb-below-header-display":"","ast-hfb-mobile-header-display":"","site-post-title":"","ast-breadcrumbs-content":"","ast-featured-img":"","footer-sml-layout":"","ast-disable-related-posts":"","theme-transparent-header-meta":"","adv-header-id-meta":"","stick-header-meta":"","header-above-stick-meta":"","header-main-stick-meta":"","header-below-stick-meta":"","astra-migrate-meta-layouts":"default","ast-page-background-enabled":"default","ast-page-background-meta":{"desktop":{"background-color":"var(--ast-global-color-4)","background-image":"","background-repeat":"repeat","background-position":"center center","background-size":"auto","background-attachment":"scroll","background-type":"","background-media":"","overlay-type":"","overlay-color":"","overlay-opacity":"","overlay-gradient":""},"tablet":{"background-color":"","background-image":"","background-repeat":"repeat","background-position":"center center","background-size":"auto","background-attachment":"scroll","background-type":"","background-media":"","overlay-type":"","overlay-color":"","overlay-opacity":"","overlay-gradient":""},"mobile":{"background-color":"","background-image":"","background-repeat":"repeat","background-position":"center center","background-size":"auto","background-attachment":"scroll","background-type":"","background-media":"","overlay-type":"","overlay-color":"","overlay-opacity":"","overlay-gradient":""}},"ast-content-background-meta":{"desktop":{"background-color":"var(--ast-global-color-5)","background-image":"","background-repeat":"repeat","background-position":"center center","background-size":"auto","background-attachment":"scroll","background-type":"","background-media":"","overlay-type":"","overlay-color":"","overlay-opacity":"","overlay-gradient":""},"tablet":{"background-color":"var(--ast-global-color-5)","background-image":"","background-repeat":"repeat","background-position":"center center","background-size":"auto","background-attachment":"scroll","background-type":"","background-media":"","overlay-type":"","overlay-color":"","overlay-opacity":"","overlay-gradient":""},"mobile":{"background-color":"var(--ast-global-color-5)","background-image":"","background-repeat":"repeat","background-position":"center center","background-size":"auto","background-attachment":"scroll","background-type":"","background-media":"","overlay-type":"","overlay-color":"","overlay-opacity":"","overlay-gradient":""}},"footnotes":""},"class_list":["post-10492","page","type-page","status-publish","hentry"],"spectra_custom_meta":{"_wpml_media_duplicate":["1"],"_wpml_media_featured":["1"],"adv-header-id-meta":[""],"stick-header-meta":[""],"theme-transparent-header-meta":[""],"ast-site-content-layout":["default"],"_top_nav_excluded":[""],"_cms_nav_minihome":[""],"_last_translation_edit_mode":["translation-editor"],"rank_math_internal_links_processed":["1"],"_uag_css_file_name":["uag-css-10492.css"],"_uag_js_file_name":["uag-js-10492.js"],"rank_math_analytic_object_id":["158"]},"uagb_featured_image_src":{"full":false,"thumbnail":false,"medium":false,"medium_large":false,"large":false,"1536x1536":false,"2048x2048":false,"wpca-thumb":false},"uagb_author_info":{"display_name":"admin","author_link":"https:\/\/jansametal.com\/fr\/author\/anjo\/"},"uagb_comment_info":0,"uagb_excerpt":"Mentions L\u00e9gales En conformit\u00e9 avec le devoir d&rsquo;information \u00e9nonc\u00e9 \u00e0 l&rsquo;article 10 de la Loi espagnole 34\/2002 du 11 juillet, relative aux Services de la Soci\u00e9t\u00e9 de l&rsquo;Information et du Commerce \u00c9lectronique (LSSICE), le propri\u00e9taire du site Web vous informe de ce qui suit : D\u00e9nomination sociale : Jansa Metal, S.A.NIF (Num\u00e9ro d&rsquo;Identification Fiscale) :\u2026","_links":{"self":[{"href":"https:\/\/jansametal.com\/fr\/wp-json\/wp\/v2\/pages\/10492","targetHints":{"allow":["GET"]}}],"collection":[{"href":"https:\/\/jansametal.com\/fr\/wp-json\/wp\/v2\/pages"}],"about":[{"href":"https:\/\/jansametal.com\/fr\/wp-json\/wp\/v2\/types\/page"}],"author":[{"embeddable":true,"href":"https:\/\/jansametal.com\/fr\/wp-json\/wp\/v2\/users\/1"}],"replies":[{"embeddable":true,"href":"https:\/\/jansametal.com\/fr\/wp-json\/wp\/v2\/comments?post=10492"}],"version-history":[{"count":0,"href":"https:\/\/jansametal.com\/fr\/wp-json\/wp\/v2\/pages\/10492\/revisions"}],"wp:attachment":[{"href":"https:\/\/jansametal.com\/fr\/wp-json\/wp\/v2\/media?parent=10492"}],"curies":[{"name":"wp","href":"https:\/\/api.w.org\/{rel}","templated":true}]}}