{"id":10541,"date":"2024-10-21T12:52:37","date_gmt":"2024-10-21T10:52:37","guid":{"rendered":"https:\/\/jansa.serveistic.com\/ingenierie-et-conception\/"},"modified":"2026-02-02T18:04:26","modified_gmt":"2026-02-02T17:04:26","slug":"ingenieria-y-diseno","status":"publish","type":"page","link":"https:\/\/jansametal.com\/fr\/ingenieria-y-diseno\/","title":{"rendered":"ing\u00e9nierie et conception"},"content":{"rendered":"\n<div class=\"wp-block-uagb-container uagb-block-37fe9e23 alignfull uagb-is-root-container\">\n<div class=\"wp-block-uagb-advanced-heading uagb-block-d36b578f\"><h1 class=\"uagb-heading-text\">Ing\u00e9nierie de la charpente m\u00e9tallique et conception des structures<\/h1><\/div>\n<\/div>\n\n\n\n<p class=\"has-large-font-size\" style=\"margin-right:100px;margin-left:100px;padding-right:100px;padding-left:100px;line-height:1.3\">Chez <strong>Jansa Metal<\/strong>, nous d\u00e9veloppons l&rsquo;<mark style=\"background-color:var(--ast-global-color-0)\" class=\"has-inline-color has-ast-global-color-5-color\"> ing\u00e9nierie des structures m\u00e9talliques<\/mark> depuis le premier calcul jusqu&rsquo;\u00e0 la documentation finale pour la fabrication et l&rsquo;assemblage.<\/p>\n\n\n\n<div class=\"wp-block-uagb-container uagb-block-e4be775b alignfull uagb-is-root-container\"><div class=\"uagb-container-inner-blocks-wrap\">\n<div class=\"wp-block-uagb-container uagb-block-9a4bad7b\">\n<div class=\"wp-block-uagb-info-box uagb-block-639134ac uagb-infobox__content-wrap  uagb-infobox_cta-type-all uagb-infobox-icon-left uagb-infobox-left uagb-infobox-stacked-mobile uagb-infobox-image-valign-top wp-block-uagb-info-box--has-margin\"><div class=\"uagb-infobox-margin-wrapper\"><a href=\"https:\/\/jansametal.com\/fr\/calculo-estructural\/\" class=\"uagb-infobox-link-wrap uagb-infbox__link-to-all\" target=\"_self\" aria-label=\"Infobox Link\" rel=\"noopener noreferrer\" onclick=\"return true;\"><\/a><div class=\"uagb-ifb-icon-wrap\"><div class=\"uagb-iconbox-icon-wrap uagb-infobox-shape-circle\"><svg xmlns=\"https:\/\/www.w3.org\/2000\/svg\" viewBox=\"0 0 448 512\"><path d=\"M438.6 105.4C451.1 117.9 451.1 138.1 438.6 150.6L182.6 406.6C170.1 419.1 149.9 419.1 137.4 406.6L9.372 278.6C-3.124 266.1-3.124 245.9 9.372 233.4C21.87 220.9 42.13 220.9 54.63 233.4L159.1 338.7L393.4 105.4C405.9 92.88 426.1 92.88 438.6 105.4H438.6z\"><\/path><\/svg><\/div><\/div><div class=\"uagb-ifb-content\"><div class=\"uagb-ifb-title-wrap\"><h3 class=\"uagb-ifb-title\">Calcul de structure<\/h3><\/div><p class=\"uagb-ifb-desc\">Service int\u00e9gral de calcul structurel : dimensionnement des poutres, colonnes, fermes et pannes avec analyse des charges (permanentes, d&rsquo;exploitation, climatiques, sismiques et de feu), plus ing\u00e9nierie de d\u00e9tail avec plans constructifs, mod\u00e8les 3D et optimisation des mat\u00e9riaux.<\/p><div class=\"uagb-ifb-button-wrapper wp-block-button\"><\/div><\/div><\/div><\/div>\n\n\n\n<div class=\"wp-block-uagb-info-box uagb-block-14f4c019 uagb-infobox__content-wrap  uagb-infobox_cta-type-all uagb-infobox-icon-left uagb-infobox-left uagb-infobox-stacked-mobile uagb-infobox-image-valign-top wp-block-uagb-info-box--has-margin\"><div class=\"uagb-infobox-margin-wrapper\"><a href=\"https:\/\/jansametal.com\/fr\/calcul-joints-structures-metalliques\/\" class=\"uagb-infobox-link-wrap uagb-infbox__link-to-all\" target=\"_self\" aria-label=\"Infobox Link\" rel=\"noopener noreferrer\" onclick=\"return true;\"><\/a><div class=\"uagb-ifb-icon-wrap\"><div class=\"uagb-iconbox-icon-wrap uagb-infobox-shape-circle\"><svg xmlns=\"https:\/\/www.w3.org\/2000\/svg\" viewBox=\"0 0 448 512\"><path d=\"M438.6 105.4C451.1 117.9 451.1 138.1 438.6 150.6L182.6 406.6C170.1 419.1 149.9 419.1 137.4 406.6L9.372 278.6C-3.124 266.1-3.124 245.9 9.372 233.4C21.87 220.9 42.13 220.9 54.63 233.4L159.1 338.7L393.4 105.4C405.9 92.88 426.1 92.88 438.6 105.4H438.6z\"><\/path><\/svg><\/div><\/div><div class=\"uagb-ifb-content\"><div class=\"uagb-ifb-title-wrap\"><h3 class=\"uagb-ifb-title\">Calcul des Assemblages<\/h3><\/div><p class=\"uagb-ifb-desc\">Conception et v\u00e9rification des connexions rigides, semi-rigides et articul\u00e9es, optimis\u00e9es pour un montage rapide et s\u00fbr.<\/p><div class=\"uagb-ifb-button-wrapper wp-block-button\"><\/div><\/div><\/div><\/div>\n\n\n\n<div class=\"wp-block-uagb-info-box uagb-block-c55bf804 uagb-infobox__content-wrap  uagb-infobox_cta-type-all uagb-infobox-icon-left uagb-infobox-left uagb-infobox-stacked-mobile uagb-infobox-image-valign-top wp-block-uagb-info-box--has-margin\"><div class=\"uagb-infobox-margin-wrapper\"><a href=\"https:\/\/jansametal.com\/fr\/render-ifc\/\" class=\"uagb-infobox-link-wrap uagb-infbox__link-to-all\" target=\"_self\" aria-label=\"Infobox Link\" rel=\"noopener noreferrer\" onclick=\"return true;\"><\/a><div class=\"uagb-ifb-icon-wrap\"><div class=\"uagb-iconbox-icon-wrap uagb-infobox-shape-circle\"><svg xmlns=\"https:\/\/www.w3.org\/2000\/svg\" viewBox=\"0 0 448 512\"><path d=\"M438.6 105.4C451.1 117.9 451.1 138.1 438.6 150.6L182.6 406.6C170.1 419.1 149.9 419.1 137.4 406.6L9.372 278.6C-3.124 266.1-3.124 245.9 9.372 233.4C21.87 220.9 42.13 220.9 54.63 233.4L159.1 338.7L393.4 105.4C405.9 92.88 426.1 92.88 438.6 105.4H438.6z\"><\/path><\/svg><\/div><\/div><div class=\"uagb-ifb-content\"><div class=\"uagb-ifb-title-wrap\"><h3 class=\"uagb-ifb-title\">Rendu IFC<\/h3><\/div><p class=\"uagb-ifb-desc\">Visualisez votre structure en d\u00e9tail avant de la construire et de la fabriquer.<\/p><div class=\"uagb-ifb-button-wrapper wp-block-button\"><\/div><\/div><\/div><\/div>\n\n\n\n<div class=\"wp-block-uagb-info-box uagb-block-b6faeaa5 uagb-infobox__content-wrap  uagb-infobox_cta-type-all uagb-infobox-icon-left uagb-infobox-left uagb-infobox-stacked-mobile uagb-infobox-image-valign-top wp-block-uagb-info-box--has-margin\"><div class=\"uagb-infobox-margin-wrapper\"><a href=\"https:\/\/jansametal.com\/fr\/calcul-de-la-resistance-au-feu\/\" class=\"uagb-infobox-link-wrap uagb-infbox__link-to-all\" target=\"_self\" aria-label=\"Infobox Link\" rel=\"noopener noreferrer\" onclick=\"return true;\"><\/a><div class=\"uagb-ifb-icon-wrap\"><div class=\"uagb-iconbox-icon-wrap uagb-infobox-shape-circle\"><svg xmlns=\"https:\/\/www.w3.org\/2000\/svg\" viewBox=\"0 0 448 512\"><path d=\"M438.6 105.4C451.1 117.9 451.1 138.1 438.6 150.6L182.6 406.6C170.1 419.1 149.9 419.1 137.4 406.6L9.372 278.6C-3.124 266.1-3.124 245.9 9.372 233.4C21.87 220.9 42.13 220.9 54.63 233.4L159.1 338.7L393.4 105.4C405.9 92.88 426.1 92.88 438.6 105.4H438.6z\"><\/path><\/svg><\/div><\/div><div class=\"uagb-ifb-content\"><div class=\"uagb-ifb-title-wrap\"><h3 class=\"uagb-ifb-title\">Calcul de R\u00e9sistance au Feu<\/h3><\/div><p class=\"uagb-ifb-desc\"><strong>Nous calculons<\/strong> le nombre de minutes pendant lesquelles chaque \u00e9l\u00e9ment m\u00e9tallique de la structure r\u00e9siste <strong>dans un sc\u00e9nario d&rsquo;incendie<\/strong>.<\/p><div class=\"uagb-ifb-button-wrapper wp-block-button\"><\/div><\/div><\/div><\/div>\n<\/div>\n\n\n\n<div class=\"wp-block-uagb-container uagb-block-5807f0db\">\n<div class=\"wp-block-uagb-info-box uagb-block-178fa41f uagb-infobox__content-wrap  uagb-infobox_cta-type-all uagb-infobox-icon-left uagb-infobox-left uagb-infobox-stacked-mobile uagb-infobox-image-valign-top wp-block-uagb-info-box--has-margin\"><div class=\"uagb-infobox-margin-wrapper\"><a href=\"https:\/\/jansametal.com\/fr\/sheeting\/\" class=\"uagb-infobox-link-wrap uagb-infbox__link-to-all\" target=\"_self\" aria-label=\"Infobox Link\" rel=\"noopener noreferrer\" onclick=\"return true;\"><\/a><div class=\"uagb-ifb-icon-wrap\"><div class=\"uagb-iconbox-icon-wrap uagb-infobox-shape-circle\"><svg xmlns=\"https:\/\/www.w3.org\/2000\/svg\" viewBox=\"0 0 448 512\"><path d=\"M438.6 105.4C451.1 117.9 451.1 138.1 438.6 150.6L182.6 406.6C170.1 419.1 149.9 419.1 137.4 406.6L9.372 278.6C-3.124 266.1-3.124 245.9 9.372 233.4C21.87 220.9 42.13 220.9 54.63 233.4L159.1 338.7L393.4 105.4C405.9 92.88 426.1 92.88 438.6 105.4H438.6z\"><\/path><\/svg><\/div><\/div><div class=\"uagb-ifb-content\"><div class=\"uagb-ifb-title-wrap\"><h3 class=\"uagb-ifb-title\">Sheeting<\/h3><\/div><p class=\"uagb-ifb-desc\">Nous concevons et calculons les <strong>pannes de type Z, C et Sigma (\u03a3)<\/strong> en appliquant <strong>l&rsquo;effet de diaphragme (sheeting)<\/strong>, am\u00e9liorant la rigidit\u00e9 globale des toitures et des fa\u00e7ades.<\/p><div class=\"uagb-ifb-button-wrapper wp-block-button\"><\/div><\/div><\/div><\/div>\n\n\n\n<div class=\"wp-block-uagb-info-box uagb-block-e09bad92 uagb-infobox__content-wrap  uagb-infobox_cta-type-all uagb-infobox-icon-left uagb-infobox-left uagb-infobox-stacked-mobile uagb-infobox-image-valign-top wp-block-uagb-info-box--has-margin\"><div class=\"uagb-infobox-margin-wrapper\"><a href=\"https:\/\/jansametal.com\/fr\/projets-2\/\" class=\"uagb-infobox-link-wrap uagb-infbox__link-to-all\" target=\"_self\" aria-label=\"Infobox Link\" rel=\"noopener noreferrer\" onclick=\"return true;\"><\/a><div class=\"uagb-ifb-icon-wrap\"><div class=\"uagb-iconbox-icon-wrap uagb-infobox-shape-circle\"><svg xmlns=\"https:\/\/www.w3.org\/2000\/svg\" viewBox=\"0 0 448 512\"><path d=\"M438.6 105.4C451.1 117.9 451.1 138.1 438.6 150.6L182.6 406.6C170.1 419.1 149.9 419.1 137.4 406.6L9.372 278.6C-3.124 266.1-3.124 245.9 9.372 233.4C21.87 220.9 42.13 220.9 54.63 233.4L159.1 338.7L393.4 105.4C405.9 92.88 426.1 92.88 438.6 105.4H438.6z\"><\/path><\/svg><\/div><\/div><div class=\"uagb-ifb-content\"><div class=\"uagb-ifb-title-wrap\"><h3 class=\"uagb-ifb-title\">Schemplan<\/h3><\/div><p class=\"uagb-ifb-desc\">Visualisez le concept de votre structure avant de passer commande.<\/p><div class=\"uagb-ifb-button-wrapper wp-block-button\"><\/div><\/div><\/div><\/div>\n\n\n\n<div class=\"wp-block-uagb-info-box uagb-block-66a00a36 uagb-infobox__content-wrap  uagb-infobox_cta-type-all uagb-infobox-icon-left uagb-infobox-left uagb-infobox-stacked-mobile uagb-infobox-image-valign-top wp-block-uagb-info-box--has-margin\"><div class=\"uagb-infobox-margin-wrapper\"><a href=\"https:\/\/jansametal.com\/fr\/dossier-dexecution\/\" class=\"uagb-infobox-link-wrap uagb-infbox__link-to-all\" target=\"_self\" aria-label=\"Infobox Link\" rel=\"noopener noreferrer\" onclick=\"return true;\"><\/a><div class=\"uagb-ifb-icon-wrap\"><div class=\"uagb-iconbox-icon-wrap uagb-infobox-shape-circle\"><svg xmlns=\"https:\/\/www.w3.org\/2000\/svg\" viewBox=\"0 0 448 512\"><path d=\"M438.6 105.4C451.1 117.9 451.1 138.1 438.6 150.6L182.6 406.6C170.1 419.1 149.9 419.1 137.4 406.6L9.372 278.6C-3.124 266.1-3.124 245.9 9.372 233.4C21.87 220.9 42.13 220.9 54.63 233.4L159.1 338.7L393.4 105.4C405.9 92.88 426.1 92.88 438.6 105.4H438.6z\"><\/path><\/svg><\/div><\/div><div class=\"uagb-ifb-content\"><div class=\"uagb-ifb-title-wrap\"><h3 class=\"uagb-ifb-title\">Dossier d&rsquo;ex\u00e9cution<\/h3><\/div><p class=\"uagb-ifb-desc\">C&rsquo;est l\u00e0 que nous g\u00e9n\u00e9rons tous les plans et fichiers n\u00e9cessaires pour produire chaque composant de la structure.<\/p><div class=\"uagb-ifb-button-wrapper wp-block-button\"><\/div><\/div><\/div><\/div>\n\n\n\n<div class=\"wp-block-uagb-info-box uagb-block-9573c0d7 uagb-infobox__content-wrap  uagb-infobox_cta-type-all uagb-infobox-icon-left uagb-infobox-left uagb-infobox-stacked-mobile uagb-infobox-image-valign-top wp-block-uagb-info-box--has-margin\"><div class=\"uagb-infobox-margin-wrapper\"><a href=\"https:\/\/jansametal.com\/fr\/modele-ifc-3d-pour-le-montage\/\" class=\"uagb-infobox-link-wrap uagb-infbox__link-to-all\" target=\"_self\" aria-label=\"Infobox Link\" rel=\"noopener noreferrer\" onclick=\"return true;\"><\/a><div class=\"uagb-ifb-icon-wrap\"><div class=\"uagb-iconbox-icon-wrap uagb-infobox-shape-circle\"><svg xmlns=\"https:\/\/www.w3.org\/2000\/svg\" viewBox=\"0 0 448 512\"><path d=\"M438.6 105.4C451.1 117.9 451.1 138.1 438.6 150.6L182.6 406.6C170.1 419.1 149.9 419.1 137.4 406.6L9.372 278.6C-3.124 266.1-3.124 245.9 9.372 233.4C21.87 220.9 42.13 220.9 54.63 233.4L159.1 338.7L393.4 105.4C405.9 92.88 426.1 92.88 438.6 105.4H438.6z\"><\/path><\/svg><\/div><\/div><div class=\"uagb-ifb-content\"><div class=\"uagb-ifb-title-wrap\"><h3 class=\"uagb-ifb-title\">Mod\u00e8le IFC 3D<\/h3><\/div><p class=\"uagb-ifb-desc\">Repr\u00e9sentation num\u00e9rique exacte de la structure. La base pour ex\u00e9cuter le montage <strong>avec une pr\u00e9cision millim\u00e9trique<\/strong> et faciliter le travail de tous les acteurs impliqu\u00e9s dans le chantier. <\/p><div class=\"uagb-ifb-button-wrapper wp-block-button\"><\/div><\/div><\/div><\/div>\n<\/div>\n<\/div><\/div>\n\n\n\n<div class=\"wp-block-uagb-container uagb-layout-grid uagb-block-a545a0b5 alignfull uagb-is-root-container\"><div class=\"uagb-container-inner-blocks-wrap\">\n<div class=\"wp-block-uagb-info-box uagb-block-01c78ceb uagb-infobox__content-wrap  uagb-infobox-icon-left uagb-infobox-left uagb-infobox-stacked-mobile uagb-infobox-image-valign-top\"><div class=\"uagb-ifb-icon-wrap\"><div class=\"uagb-iconbox-icon-wrap uagb-infobox-shape-circle\"><\/div><\/div><div class=\"uagb-ifb-content\"><div class=\"uagb-ifb-title-wrap\"><h6 class=\"uagb-ifb-title\">5M<\/h6><\/div><p class=\"uagb-ifb-desc\">Facturation<\/p><\/div><\/div>\n\n\n\n<div class=\"wp-block-uagb-info-box uagb-block-3d9017cc uagb-infobox__content-wrap  uagb-infobox-icon-left uagb-infobox-left uagb-infobox-stacked-mobile uagb-infobox-image-valign-top\"><div class=\"uagb-ifb-icon-wrap\"><div class=\"uagb-iconbox-icon-wrap uagb-infobox-shape-circle\"><\/div><\/div><div class=\"uagb-ifb-content\"><div class=\"uagb-ifb-title-wrap\"><h6 class=\"uagb-ifb-title\">+1500<\/h6><\/div><p class=\"uagb-ifb-desc\">Clients<\/p><\/div><\/div>\n\n\n\n<div class=\"wp-block-uagb-info-box uagb-block-e2303089 uagb-infobox__content-wrap  uagb-infobox-icon-left uagb-infobox-left uagb-infobox-stacked-mobile uagb-infobox-image-valign-top\"><div class=\"uagb-ifb-icon-wrap\"><div class=\"uagb-iconbox-icon-wrap uagb-infobox-shape-circle\"><\/div><\/div><div class=\"uagb-ifb-content\"><div class=\"uagb-ifb-title-wrap\"><h6 class=\"uagb-ifb-title\">+3000<\/h6><\/div><p class=\"uagb-ifb-desc\">Projets r\u00e9ussis<\/p><\/div><\/div>\n\n\n\n<div class=\"wp-block-uagb-info-box uagb-block-720e491a uagb-infobox__content-wrap  uagb-infobox-icon-left uagb-infobox-left uagb-infobox-stacked-mobile uagb-infobox-image-valign-top\"><div class=\"uagb-ifb-icon-wrap\"><div class=\"uagb-iconbox-icon-wrap uagb-infobox-shape-circle\"><\/div><\/div><div class=\"uagb-ifb-content\"><div class=\"uagb-ifb-title-wrap\"><h6 class=\"uagb-ifb-title\">40<\/h6><\/div><p class=\"uagb-ifb-desc\">Ann\u00e9es d&rsquo;exp\u00e9rience<\/p><\/div><\/div>\n<\/div><\/div>\n\n\n\n<div class=\"wp-block-uagb-container uagb-block-0be761aa alignfull uagb-is-root-container\"><div class=\"uagb-container-inner-blocks-wrap\">\n<div class=\"wp-block-uagb-container uagb-block-290b3b18\">\n<div class=\"wp-block-uagb-container uagb-block-6257f925\">\n<h2 class=\"wp-block-heading\"><strong>Pr\u00eat pour la premi\u00e8re \u00e9tape ?<\/strong> Contactez-nous !<\/h2>\n\n\n\n<p>Tout grand projet commence par une conversation. <strong>Contactez-nous et d\u00e9couvrez comment nous<\/strong> pouvons concr\u00e9tiser votre id\u00e9e, avec des structures m\u00e9talliques aussi solides que vos attentes.<\/p>\n<\/div>\n<\/div>\n\n\n\n<div class=\"wp-block-uagb-container uagb-block-ede5dbea\">\n<div class=\"wp-block-uagb-forms uagb-forms__outer-wrap uagb-block-7573d324 uagb-forms__medium-btn\">\n\n<div class=\"wp-block-uagb-forms-name uagb-forms-name-wrap uagb-forms-field-set uagb-block-d0cd0653\"><div class=\"uagb-forms-name-label required uagb-forms-input-label\" id=\"d0cd0653\">Nom<\/div><\/div>\n\n\n<div class=\"wp-block-uagb-forms-name uagb-forms-name-wrap uagb-forms-field-set uagb-block-3cdc0e81\"><div class=\"uagb-forms-name-label required uagb-forms-input-label\" id=\"3cdc0e81\">Nom de famille<\/div><\/div>\n\n\n<div class=\"wp-block-uagb-forms-email uagb-forms-email-wrap uagb-forms-field-set uagb-block-ec685343\"><div class=\"uagb-forms-email-label required uagb-forms-input-label\" id=\"ec685343\">E-mail<\/div><\/div>\n\n\n<div class=\"wp-block-uagb-forms-name uagb-forms-name-wrap uagb-forms-field-set uagb-block-3a360c2f\"><div class=\"uagb-forms-name-label uagb-forms-input-label\" id=\"3a360c2f\">T\u00e9l\u00e9phone<\/div><\/div>\n\n\n<div class=\"wp-block-uagb-forms-textarea uagb-forms-textarea-wrap uagb-forms-field-set uagb-block-a9436f97\"><div class=\"uagb-forms-textarea-label required uagb-forms-input-label\" id=\"a9436f97\">Message<\/div><textarea class=\"uagb-forms-textarea-input uagb-forms-input\" rows=\"4\" name=\"a9436f97\"><\/textarea><\/div>\n\n<div class=\"uagb-forms-form-hidden-data\"><\/div><div class=\"uagb-form-reacaptcha-error-7573d324\"><\/div><div class=\"uagb-forms-main-submit-button-wrap wp-block-button\"><button class=\"uagb-forms-main-submit-button wp-block-button__link\"><div class=\"uagb-forms-main-submit-button-text\">Envoyer<\/div><\/button><\/div><div class=\"uagb-forms-success-message-7573d324 uagb-forms-submit-message-hide\"><span>The form has been submitted successfully!<\/span><\/div><div class=\"uagb-forms-failed-message-7573d324 uagb-forms-submit-message-hide\"><span>There has been some error while submitting the form. Please verify all form fields again.<\/span><\/div><\/div>\n<\/div>\n<\/div><\/div>\n","protected":false},"excerpt":{"rendered":"<p>Ing\u00e9nierie de la charpente m\u00e9tallique et conception des structures Chez Jansa Metal, nous d\u00e9veloppons l&rsquo; ing\u00e9nierie des structures m\u00e9talliques depuis le premier calcul jusqu&rsquo;\u00e0 la documentation finale pour la fabrication et l&rsquo;assemblage. Pr\u00eat pour la premi\u00e8re \u00e9tape ? Contactez-nous ! Tout grand projet commence par une conversation. Contactez-nous et d\u00e9couvrez comment nous pouvons concr\u00e9tiser votre [&hellip;]<\/p>\n","protected":false},"author":1,"featured_media":0,"parent":0,"menu_order":0,"comment_status":"closed","ping_status":"closed","template":"","meta":{"_uag_custom_page_level_css":"","site-sidebar-layout":"no-sidebar","site-content-layout":"plain-container","ast-site-content-layout":"normal-width-container","site-content-style":"unboxed","site-sidebar-style":"unboxed","ast-global-header-display":"","ast-banner-title-visibility":"","ast-main-header-display":"","ast-hfb-above-header-display":"","ast-hfb-below-header-display":"","ast-hfb-mobile-header-display":"","site-post-title":"disabled","ast-breadcrumbs-content":"","ast-featured-img":"disabled","footer-sml-layout":"","ast-disable-related-posts":"","theme-transparent-header-meta":"enabled","adv-header-id-meta":"","stick-header-meta":"","header-above-stick-meta":"","header-main-stick-meta":"","header-below-stick-meta":"","astra-migrate-meta-layouts":"set","ast-page-background-enabled":"default","ast-page-background-meta":{"desktop":{"background-color":"var(--ast-global-color-4)","background-image":"","background-repeat":"repeat","background-position":"center center","background-size":"auto","background-attachment":"scroll","background-type":"","background-media":"","overlay-type":"","overlay-color":"","overlay-opacity":"","overlay-gradient":""},"tablet":{"background-color":"","background-image":"","background-repeat":"repeat","background-position":"center center","background-size":"auto","background-attachment":"scroll","background-type":"","background-media":"","overlay-type":"","overlay-color":"","overlay-opacity":"","overlay-gradient":""},"mobile":{"background-color":"","background-image":"","background-repeat":"repeat","background-position":"center center","background-size":"auto","background-attachment":"scroll","background-type":"","background-media":"","overlay-type":"","overlay-color":"","overlay-opacity":"","overlay-gradient":""}},"ast-content-background-meta":{"desktop":{"background-color":"var(--ast-global-color-5)","background-image":"","background-repeat":"repeat","background-position":"center center","background-size":"auto","background-attachment":"scroll","background-type":"","background-media":"","overlay-type":"","overlay-color":"","overlay-opacity":"","overlay-gradient":""},"tablet":{"background-color":"var(--ast-global-color-5)","background-image":"","background-repeat":"repeat","background-position":"center center","background-size":"auto","background-attachment":"scroll","background-type":"","background-media":"","overlay-type":"","overlay-color":"","overlay-opacity":"","overlay-gradient":""},"mobile":{"background-color":"var(--ast-global-color-5)","background-image":"","background-repeat":"repeat","background-position":"center center","background-size":"auto","background-attachment":"scroll","background-type":"","background-media":"","overlay-type":"","overlay-color":"","overlay-opacity":"","overlay-gradient":""}},"footnotes":""},"class_list":["post-10541","page","type-page","status-publish","hentry"],"spectra_custom_meta":{"_wpml_media_duplicate":["1"],"_wpml_media_featured":["1"],"site-post-title":["disabled"],"site-sidebar-layout":["no-sidebar"],"site-content-layout":["plain-container"],"ast-featured-img":["disabled"],"theme-transparent-header-meta":["enabled"],"ast-site-content-layout":["normal-width-container"],"site-content-style":["unboxed"],"site-sidebar-style":["unboxed"],"_top_nav_excluded":[""],"_cms_nav_minihome":[""],"_last_translation_edit_mode":["native-editor"],"_wp_page_template":[""],"rank_math_internal_links_processed":["1"],"_wpml_word_count":["357"],"rank_math_title":["Ing\u00e9nierie des structures m\u00e9talliques | Jansa Metal"],"rank_math_description":["Ing\u00e9nierie des structures en acier avec calcul, conception, mod\u00e9lisation BIM et documentation pour la fabrication et l'assemblage industriel.\n"],"rank_math_focus_keyword":["ing\u00e9nierie des structures m\u00e9talliques"],"_edit_lock":["1770051869:6"],"rank_math_seo_score":["58"],"_uag_custom_page_level_css":[""],"ast-disable-related-posts":[""],"astra-migrate-meta-layouts":["set"],"ast-page-background-enabled":["default"],"ast-page-background-meta":["a:3:{s:7:\"desktop\";a:12:{s:16:\"background-color\";s:25:\"var(--ast-global-color-4)\";s:16:\"background-image\";s:0:\"\";s:17:\"background-repeat\";s:6:\"repeat\";s:19:\"background-position\";s:13:\"center center\";s:15:\"background-size\";s:4:\"auto\";s:21:\"background-attachment\";s:6:\"scroll\";s:15:\"background-type\";s:0:\"\";s:16:\"background-media\";s:0:\"\";s:12:\"overlay-type\";s:0:\"\";s:13:\"overlay-color\";s:0:\"\";s:15:\"overlay-opacity\";s:0:\"\";s:16:\"overlay-gradient\";s:0:\"\";}s:6:\"tablet\";a:12:{s:16:\"background-color\";s:0:\"\";s:16:\"background-image\";s:0:\"\";s:17:\"background-repeat\";s:6:\"repeat\";s:19:\"background-position\";s:13:\"center center\";s:15:\"background-size\";s:4:\"auto\";s:21:\"background-attachment\";s:6:\"scroll\";s:15:\"background-type\";s:0:\"\";s:16:\"background-media\";s:0:\"\";s:12:\"overlay-type\";s:0:\"\";s:13:\"overlay-color\";s:0:\"\";s:15:\"overlay-opacity\";s:0:\"\";s:16:\"overlay-gradient\";s:0:\"\";}s:6:\"mobile\";a:12:{s:16:\"background-color\";s:0:\"\";s:16:\"background-image\";s:0:\"\";s:17:\"background-repeat\";s:6:\"repeat\";s:19:\"background-position\";s:13:\"center center\";s:15:\"background-size\";s:4:\"auto\";s:21:\"background-attachment\";s:6:\"scroll\";s:15:\"background-type\";s:0:\"\";s:16:\"background-media\";s:0:\"\";s:12:\"overlay-type\";s:0:\"\";s:13:\"overlay-color\";s:0:\"\";s:15:\"overlay-opacity\";s:0:\"\";s:16:\"overlay-gradient\";s:0:\"\";}}"],"ast-content-background-meta":["a:3:{s:7:\"desktop\";a:12:{s:16:\"background-color\";s:25:\"var(--ast-global-color-5)\";s:16:\"background-image\";s:0:\"\";s:17:\"background-repeat\";s:6:\"repeat\";s:19:\"background-position\";s:13:\"center center\";s:15:\"background-size\";s:4:\"auto\";s:21:\"background-attachment\";s:6:\"scroll\";s:15:\"background-type\";s:0:\"\";s:16:\"background-media\";s:0:\"\";s:12:\"overlay-type\";s:0:\"\";s:13:\"overlay-color\";s:0:\"\";s:15:\"overlay-opacity\";s:0:\"\";s:16:\"overlay-gradient\";s:0:\"\";}s:6:\"tablet\";a:12:{s:16:\"background-color\";s:25:\"var(--ast-global-color-5)\";s:16:\"background-image\";s:0:\"\";s:17:\"background-repeat\";s:6:\"repeat\";s:19:\"background-position\";s:13:\"center center\";s:15:\"background-size\";s:4:\"auto\";s:21:\"background-attachment\";s:6:\"scroll\";s:15:\"background-type\";s:0:\"\";s:16:\"background-media\";s:0:\"\";s:12:\"overlay-type\";s:0:\"\";s:13:\"overlay-color\";s:0:\"\";s:15:\"overlay-opacity\";s:0:\"\";s:16:\"overlay-gradient\";s:0:\"\";}s:6:\"mobile\";a:12:{s:16:\"background-color\";s:25:\"var(--ast-global-color-5)\";s:16:\"background-image\";s:0:\"\";s:17:\"background-repeat\";s:6:\"repeat\";s:19:\"background-position\";s:13:\"center center\";s:15:\"background-size\";s:4:\"auto\";s:21:\"background-attachment\";s:6:\"scroll\";s:15:\"background-type\";s:0:\"\";s:16:\"background-media\";s:0:\"\";s:12:\"overlay-type\";s:0:\"\";s:13:\"overlay-color\";s:0:\"\";s:15:\"overlay-opacity\";s:0:\"\";s:16:\"overlay-gradient\";s:0:\"\";}}"],"footnotes":[""],"_edit_last":["6"],"_uag_css_file_name":["uag-css-10541.css"],"_uag_js_file_name":["uag-js-10541.js"],"rank_math_analytic_object_id":["174"]},"uagb_featured_image_src":{"full":false,"thumbnail":false,"medium":false,"medium_large":false,"large":false,"1536x1536":false,"2048x2048":false,"wpca-thumb":false},"uagb_author_info":{"display_name":"admin","author_link":"https:\/\/jansametal.com\/fr\/author\/anjo\/"},"uagb_comment_info":0,"uagb_excerpt":"Ing\u00e9nierie de la charpente m\u00e9tallique et conception des structures Chez Jansa Metal, nous d\u00e9veloppons l&rsquo; ing\u00e9nierie des structures m\u00e9talliques depuis le premier calcul jusqu&rsquo;\u00e0 la documentation finale pour la fabrication et l&rsquo;assemblage. Pr\u00eat pour la premi\u00e8re \u00e9tape ? Contactez-nous ! Tout grand projet commence par une conversation. Contactez-nous et d\u00e9couvrez comment nous pouvons concr\u00e9tiser votre\u2026","_links":{"self":[{"href":"https:\/\/jansametal.com\/fr\/wp-json\/wp\/v2\/pages\/10541","targetHints":{"allow":["GET"]}}],"collection":[{"href":"https:\/\/jansametal.com\/fr\/wp-json\/wp\/v2\/pages"}],"about":[{"href":"https:\/\/jansametal.com\/fr\/wp-json\/wp\/v2\/types\/page"}],"author":[{"embeddable":true,"href":"https:\/\/jansametal.com\/fr\/wp-json\/wp\/v2\/users\/1"}],"replies":[{"embeddable":true,"href":"https:\/\/jansametal.com\/fr\/wp-json\/wp\/v2\/comments?post=10541"}],"version-history":[{"count":5,"href":"https:\/\/jansametal.com\/fr\/wp-json\/wp\/v2\/pages\/10541\/revisions"}],"predecessor-version":[{"id":12682,"href":"https:\/\/jansametal.com\/fr\/wp-json\/wp\/v2\/pages\/10541\/revisions\/12682"}],"wp:attachment":[{"href":"https:\/\/jansametal.com\/fr\/wp-json\/wp\/v2\/media?parent=10541"}],"curies":[{"name":"wp","href":"https:\/\/api.w.org\/{rel}","templated":true}]}}